{"id":835,"date":"2019-02-07T00:16:43","date_gmt":"2019-02-06T23:16:43","guid":{"rendered":"http:\/\/chateau-miglos.fr\/wordpress-test\/?page_id=835"},"modified":"2024-10-23T00:28:32","modified_gmt":"2024-10-22T22:28:32","slug":"chemin-dinterpretation","status":"publish","type":"page","link":"https:\/\/chateau-miglos.fr\/wordpress-test\/explorer\/chemin-dinterpretation\/","title":{"rendered":"Chemin d&#8217;interpr\u00e9tation"},"content":{"rendered":"\n<style type='text\/css' media='all'>#rt-tpg-container-553344844 .rt-holder .rt-woo-info .price{color:#0367bf;}body .rt-tpg-container .rt-tpg-isotope-buttons .selected,\n\t\t\t\t\t#rt-tpg-container-553344844 .layout12 .rt-holder:hover .rt-detail,\n\t\t\t\t\t#rt-tpg-container-553344844 .isotope8 .rt-holder:hover .rt-detail,\n\t\t\t\t\t#rt-tpg-container-553344844 .carousel8 .rt-holder:hover .rt-detail,\n\t\t\t\t\t#rt-tpg-container-553344844 .layout13 .rt-holder .overlay .post-info,\n\t\t\t\t\t#rt-tpg-container-553344844 .isotope9 .rt-holder .overlay .post-info,\n\t\t\t\t\t#rt-tpg-container-553344844.rt-tpg-container .layout4 .rt-holder .rt-detail,\n\t\t\t\t\t.rt-modal-553344844 .md-content,\n\t\t\t\t\t.rt-modal-553344844 .md-content > .rt-md-content-holder .rt-md-content,\n\t\t\t\t\t.rt-popup-wrap-553344844.rt-popup-wrap .rt-popup-navigation-wrap,\n\t\t\t\t\t#rt-tpg-container-553344844 .carousel9 .rt-holder .overlay .post-info{background-color:#0367bf;}#rt-tpg-container-553344844 .layout5 .rt-holder .overlay, #rt-tpg-container-553344844 .isotope2 .rt-holder .overlay, #rt-tpg-container-553344844 .carousel2 .rt-holder .overlay,#rt-tpg-container-553344844 .layout15 .rt-holder h3, #rt-tpg-container-553344844 .isotope11 .rt-holder h3, #rt-tpg-container-553344844 .carousel11 .rt-holder h3, #rt-tpg-container-553344844 .layout16 .rt-holder h3,\n\t\t\t\t\t#rt-tpg-container-553344844 .isotope12 .rt-holder h3, #rt-tpg-container-553344844 .carousel12 .rt-holder h3 {background-color:rgba(3,103,191,0.8);}#rt-tpg-container-553344844 .read-more a{border-radius:px;}#rt-tpg-container-553344844 .rt-img-holder img.rt-img-responsive,#rt-tpg-container-553344844 .rt-img-holder,\n\t\t\t\t\t#rt-tpg-container-553344844 .rt-post-overlay .post-img,\n\t\t\t\t\t#rt-tpg-container-553344844 .post-sm .post-img,\n\t\t\t\t\t#rt-tpg-container-553344844 .rt-post-grid .post-img,\n\t\t\t\t\t#rt-tpg-container-553344844 .post-img img {border-radius:px;}<\/style><div class='rt-container-fluid rt-tpg-container tpg-shortcode-main-wrapper ' id='rt-tpg-container-553344844'   data-layout='layout1' data-grid-style='even' data-desktop-col='3'  data-tab-col='2'  data-mobile-col='1' data-sc-id='9841'><div data-title='Loading ...' class='rt-row rt-content-loader   layout1 tpg-even '><div class=\"rt-col-md-4 rt-col-sm-6 rt-col-xs-12 even-grid-item rt-grid-item\" data-id=\"3703\"><div class=\"rt-holder\"><div class=\"rt-img-holder\"><a data-id=\"3703\" class=\"\" href=\"https:\/\/chateau-miglos.fr\/wordpress-test\/amenagement-du-chemin\/\"><img loading=\"lazy\" decoding=\"async\" width=\"300\" height=\"300\" src=\"https:\/\/chateau-miglos.fr\/wordpress-test\/wp-content\/uploads\/2024\/10\/amenagement.png\" class=\"rt-img-responsive \" alt=\"\" \/><\/a><\/div><div class='rt-detail'><h3 class=\"entry-title\"><a data-id=\"3703\" class=\"\" href=\"https:\/\/chateau-miglos.fr\/wordpress-test\/amenagement-du-chemin\/\">Am\u00e9nagement du chemin&#8230; La g\u00e9n\u00e8se.<\/a><\/h3><div class='tpg-excerpt'>Chemin autour du ch\u00e2teau En 2016, lors de notre AG, nous avons d\u00e9cid\u00e9 de r\u00e9aliser un sentier d&#8217;interpr\u00e9tation autour du ch\u00e2teau pour dynamiser le projet culturel qui est inscrit dans...<\/div><\/div><\/div><\/div><div class=\"rt-col-md-4 rt-col-sm-6 rt-col-xs-12 even-grid-item rt-grid-item\" data-id=\"7570\"><div class=\"rt-holder\"><div class=\"rt-img-holder\"><a data-id=\"7570\" class=\"\" href=\"https:\/\/chateau-miglos.fr\/wordpress-test\/photos-panneaux\/\"><img loading=\"lazy\" decoding=\"async\" width=\"300\" height=\"300\" src=\"https:\/\/chateau-miglos.fr\/wordpress-test\/wp-content\/uploads\/2024\/10\/photos-panneaux.png\" class=\"rt-img-responsive \" alt=\"\" \/><\/a><\/div><div class='rt-detail'><h3 class=\"entry-title\"><a data-id=\"7570\" class=\"\" href=\"https:\/\/chateau-miglos.fr\/wordpress-test\/photos-panneaux\/\">Photos des panneaux<\/a><\/h3><div class='tpg-excerpt'>...<\/div><\/div><\/div><\/div><div class=\"rt-col-md-4 rt-col-sm-6 rt-col-xs-12 even-grid-item rt-grid-item\" data-id=\"9832\"><div class=\"rt-holder\"><div class=\"rt-img-holder\"><a data-id=\"9832\" class=\"\" href=\"https:\/\/chateau-miglos.fr\/wordpress-test\/les-panneaux-du-chemin\/\"><img loading=\"lazy\" decoding=\"async\" width=\"300\" height=\"300\" src=\"https:\/\/chateau-miglos.fr\/wordpress-test\/wp-content\/uploads\/2024\/10\/4panneaux.png\" class=\"rt-img-responsive \" alt=\"\" \/><\/a><\/div><div class='rt-detail'><h3 class=\"entry-title\"><a data-id=\"9832\" class=\"\" href=\"https:\/\/chateau-miglos.fr\/wordpress-test\/les-panneaux-du-chemin\/\">Les panneaux du chemin&#8230;<\/a><\/h3><div class='tpg-excerpt'>Les 4 panneaux que vous pourrez d\u00e9couvrir sur le chemin&#8230; Conseils s\u00e9curit\u00e9 Pour limiter l\u2019impact de notre passage et ne pas d\u00e9ranger la faune et la flore:...<\/div><\/div><\/div><\/div><\/div><\/div>\n\n\n\n<hr class=\"wp-block-separator has-css-opacity\"\/>\n\n\n\n<hr class=\"wp-block-separator has-css-opacity\"\/>\n\n\n<div class=\"wp-block-image\">\n<figure class=\"aligncenter\"><img loading=\"lazy\" decoding=\"async\" width=\"1024\" height=\"100\" src=\"http:\/\/chateau-miglos.fr\/wordpress-test\/wp-content\/uploads\/2019\/05\/logo.jpg\" alt=\"Logos des partenaires\" class=\"wp-image-1467\"\/><\/figure><\/div>\n\n\n<p><\/p>\n","protected":false},"excerpt":{"rendered":"<p>D\u00e9couvrir le chemin d&#8217;interpr\u00e9tation autour du ch\u00e2teau de Miglos.<\/p>\n","protected":false},"author":2,"featured_media":640,"parent":195,"menu_order":7,"comment_status":"closed","ping_status":"closed","template":"template-fullwidth.php","meta":{"ngg_post_thumbnail":0,"footnotes":""},"yoast_head":"<!-- This site is optimized with the Yoast SEO plugin v23.0 - https:\/\/yoast.com\/wordpress\/plugins\/seo\/ -->\n<title>Chemin d&#039;interpr\u00e9tation - Ch\u00e2teau de Miglos<\/title>\n<meta name=\"robots\" content=\"index, follow, max-snippet:-1, max-image-preview:large, max-video-preview:-1\" \/>\n<link rel=\"canonical\" href=\"https:\/\/chateau-miglos.fr\/wordpress-test\/explorer\/chemin-dinterpretation\/\" \/>\n<meta property=\"og:locale\" content=\"fr_FR\" \/>\n<meta property=\"og:type\" content=\"article\" \/>\n<meta property=\"og:title\" content=\"Chemin d&#039;interpr\u00e9tation - Ch\u00e2teau de Miglos\" \/>\n<meta property=\"og:description\" content=\"D\u00e9couvrir le chemin d&#039;interpr\u00e9tation autour du ch\u00e2teau de Miglos.\" \/>\n<meta property=\"og:url\" content=\"https:\/\/chateau-miglos.fr\/wordpress-test\/explorer\/chemin-dinterpretation\/\" \/>\n<meta property=\"og:site_name\" content=\"Ch\u00e2teau de Miglos\" \/>\n<meta property=\"article:publisher\" content=\"https:\/\/www.facebook.com\/chateaudemiglos\/\" \/>\n<meta property=\"article:modified_time\" content=\"2024-10-22T22:28:32+00:00\" \/>\n<meta property=\"og:image\" content=\"https:\/\/chateau-miglos.fr\/wordpress-test\/wp-content\/uploads\/2019\/02\/explo6.jpg\" \/>\n\t<meta property=\"og:image:width\" content=\"317\" \/>\n\t<meta property=\"og:image:height\" content=\"317\" \/>\n\t<meta property=\"og:image:type\" content=\"image\/jpeg\" \/>\n<meta name=\"twitter:card\" content=\"summary_large_image\" \/>\n<meta name=\"twitter:label1\" content=\"Dur\u00e9e de lecture estim\u00e9e\" \/>\n\t<meta name=\"twitter:data1\" content=\"1 minute\" \/>\n<script type=\"application\/ld+json\" class=\"yoast-schema-graph\">{\"@context\":\"https:\/\/schema.org\",\"@graph\":[{\"@type\":\"WebPage\",\"@id\":\"https:\/\/chateau-miglos.fr\/wordpress-test\/explorer\/chemin-dinterpretation\/\",\"url\":\"https:\/\/chateau-miglos.fr\/wordpress-test\/explorer\/chemin-dinterpretation\/\",\"name\":\"Chemin d'interpr\u00e9tation - Ch\u00e2teau de Miglos\",\"isPartOf\":{\"@id\":\"https:\/\/chateau-miglos.fr\/wordpress-test\/#website\"},\"primaryImageOfPage\":{\"@id\":\"https:\/\/chateau-miglos.fr\/wordpress-test\/explorer\/chemin-dinterpretation\/#primaryimage\"},\"image\":{\"@id\":\"https:\/\/chateau-miglos.fr\/wordpress-test\/explorer\/chemin-dinterpretation\/#primaryimage\"},\"thumbnailUrl\":\"https:\/\/chateau-miglos.fr\/wordpress-test\/wp-content\/uploads\/2019\/02\/explo6.jpg\",\"datePublished\":\"2019-02-06T23:16:43+00:00\",\"dateModified\":\"2024-10-22T22:28:32+00:00\",\"breadcrumb\":{\"@id\":\"https:\/\/chateau-miglos.fr\/wordpress-test\/explorer\/chemin-dinterpretation\/#breadcrumb\"},\"inLanguage\":\"fr-FR\",\"potentialAction\":[{\"@type\":\"ReadAction\",\"target\":[\"https:\/\/chateau-miglos.fr\/wordpress-test\/explorer\/chemin-dinterpretation\/\"]}]},{\"@type\":\"ImageObject\",\"inLanguage\":\"fr-FR\",\"@id\":\"https:\/\/chateau-miglos.fr\/wordpress-test\/explorer\/chemin-dinterpretation\/#primaryimage\",\"url\":\"https:\/\/chateau-miglos.fr\/wordpress-test\/wp-content\/uploads\/2019\/02\/explo6.jpg\",\"contentUrl\":\"https:\/\/chateau-miglos.fr\/wordpress-test\/wp-content\/uploads\/2019\/02\/explo6.jpg\",\"width\":317,\"height\":317},{\"@type\":\"BreadcrumbList\",\"@id\":\"https:\/\/chateau-miglos.fr\/wordpress-test\/explorer\/chemin-dinterpretation\/#breadcrumb\",\"itemListElement\":[{\"@type\":\"ListItem\",\"position\":1,\"name\":\"Accueil\",\"item\":\"https:\/\/chateau-miglos.fr\/wordpress-test\/\"},{\"@type\":\"ListItem\",\"position\":2,\"name\":\"Explorer\",\"item\":\"https:\/\/chateau-miglos.fr\/wordpress-test\/explorer\/\"},{\"@type\":\"ListItem\",\"position\":3,\"name\":\"Chemin d&#8217;interpr\u00e9tation\"}]},{\"@type\":\"WebSite\",\"@id\":\"https:\/\/chateau-miglos.fr\/wordpress-test\/#website\",\"url\":\"https:\/\/chateau-miglos.fr\/wordpress-test\/\",\"name\":\"Ch\u00e2teau de Miglos\",\"description\":\"une ch\u00e2teau, une vall\u00e9e\",\"publisher\":{\"@id\":\"https:\/\/chateau-miglos.fr\/wordpress-test\/#organization\"},\"potentialAction\":[{\"@type\":\"SearchAction\",\"target\":{\"@type\":\"EntryPoint\",\"urlTemplate\":\"https:\/\/chateau-miglos.fr\/wordpress-test\/?s={search_term_string}\"},\"query-input\":\"required name=search_term_string\"}],\"inLanguage\":\"fr-FR\"},{\"@type\":\"Organization\",\"@id\":\"https:\/\/chateau-miglos.fr\/wordpress-test\/#organization\",\"name\":\"Ch\u00e2teau de Miglos\",\"url\":\"https:\/\/chateau-miglos.fr\/wordpress-test\/\",\"logo\":{\"@type\":\"ImageObject\",\"inLanguage\":\"fr-FR\",\"@id\":\"https:\/\/chateau-miglos.fr\/wordpress-test\/#\/schema\/logo\/image\/\",\"url\":\"https:\/\/chateau-miglos.fr\/wordpress-test\/wp-content\/uploads\/2019\/06\/seul.png\",\"contentUrl\":\"https:\/\/chateau-miglos.fr\/wordpress-test\/wp-content\/uploads\/2019\/06\/seul.png\",\"width\":801,\"height\":705,\"caption\":\"Ch\u00e2teau de Miglos\"},\"image\":{\"@id\":\"https:\/\/chateau-miglos.fr\/wordpress-test\/#\/schema\/logo\/image\/\"},\"sameAs\":[\"https:\/\/www.facebook.com\/chateaudemiglos\/\",\"https:\/\/www.instagram.com\/chateaudemiglos\/\",\"https:\/\/www.youtube.com\/channel\/UC70FrOmo9xvq8eHCA4YTs9A\",\"https:\/\/fr.wikipedia.org\/wiki\/Ch\u00e2teau_de_Miglos\"]}]}<\/script>\n<!-- \/ Yoast SEO plugin. -->","yoast_head_json":{"title":"Chemin d'interpr\u00e9tation - Ch\u00e2teau de Miglos","robots":{"index":"index","follow":"follow","max-snippet":"max-snippet:-1","max-image-preview":"max-image-preview:large","max-video-preview":"max-video-preview:-1"},"canonical":"https:\/\/chateau-miglos.fr\/wordpress-test\/explorer\/chemin-dinterpretation\/","og_locale":"fr_FR","og_type":"article","og_title":"Chemin d'interpr\u00e9tation - Ch\u00e2teau de Miglos","og_description":"D\u00e9couvrir le chemin d'interpr\u00e9tation autour du ch\u00e2teau de Miglos.","og_url":"https:\/\/chateau-miglos.fr\/wordpress-test\/explorer\/chemin-dinterpretation\/","og_site_name":"Ch\u00e2teau de Miglos","article_publisher":"https:\/\/www.facebook.com\/chateaudemiglos\/","article_modified_time":"2024-10-22T22:28:32+00:00","og_image":[{"width":317,"height":317,"url":"https:\/\/chateau-miglos.fr\/wordpress-test\/wp-content\/uploads\/2019\/02\/explo6.jpg","type":"image\/jpeg"}],"twitter_card":"summary_large_image","twitter_misc":{"Dur\u00e9e de lecture estim\u00e9e":"1 minute"},"schema":{"@context":"https:\/\/schema.org","@graph":[{"@type":"WebPage","@id":"https:\/\/chateau-miglos.fr\/wordpress-test\/explorer\/chemin-dinterpretation\/","url":"https:\/\/chateau-miglos.fr\/wordpress-test\/explorer\/chemin-dinterpretation\/","name":"Chemin d'interpr\u00e9tation - Ch\u00e2teau de Miglos","isPartOf":{"@id":"https:\/\/chateau-miglos.fr\/wordpress-test\/#website"},"primaryImageOfPage":{"@id":"https:\/\/chateau-miglos.fr\/wordpress-test\/explorer\/chemin-dinterpretation\/#primaryimage"},"image":{"@id":"https:\/\/chateau-miglos.fr\/wordpress-test\/explorer\/chemin-dinterpretation\/#primaryimage"},"thumbnailUrl":"https:\/\/chateau-miglos.fr\/wordpress-test\/wp-content\/uploads\/2019\/02\/explo6.jpg","datePublished":"2019-02-06T23:16:43+00:00","dateModified":"2024-10-22T22:28:32+00:00","breadcrumb":{"@id":"https:\/\/chateau-miglos.fr\/wordpress-test\/explorer\/chemin-dinterpretation\/#breadcrumb"},"inLanguage":"fr-FR","potentialAction":[{"@type":"ReadAction","target":["https:\/\/chateau-miglos.fr\/wordpress-test\/explorer\/chemin-dinterpretation\/"]}]},{"@type":"ImageObject","inLanguage":"fr-FR","@id":"https:\/\/chateau-miglos.fr\/wordpress-test\/explorer\/chemin-dinterpretation\/#primaryimage","url":"https:\/\/chateau-miglos.fr\/wordpress-test\/wp-content\/uploads\/2019\/02\/explo6.jpg","contentUrl":"https:\/\/chateau-miglos.fr\/wordpress-test\/wp-content\/uploads\/2019\/02\/explo6.jpg","width":317,"height":317},{"@type":"BreadcrumbList","@id":"https:\/\/chateau-miglos.fr\/wordpress-test\/explorer\/chemin-dinterpretation\/#breadcrumb","itemListElement":[{"@type":"ListItem","position":1,"name":"Accueil","item":"https:\/\/chateau-miglos.fr\/wordpress-test\/"},{"@type":"ListItem","position":2,"name":"Explorer","item":"https:\/\/chateau-miglos.fr\/wordpress-test\/explorer\/"},{"@type":"ListItem","position":3,"name":"Chemin d&#8217;interpr\u00e9tation"}]},{"@type":"WebSite","@id":"https:\/\/chateau-miglos.fr\/wordpress-test\/#website","url":"https:\/\/chateau-miglos.fr\/wordpress-test\/","name":"Ch\u00e2teau de Miglos","description":"une ch\u00e2teau, une vall\u00e9e","publisher":{"@id":"https:\/\/chateau-miglos.fr\/wordpress-test\/#organization"},"potentialAction":[{"@type":"SearchAction","target":{"@type":"EntryPoint","urlTemplate":"https:\/\/chateau-miglos.fr\/wordpress-test\/?s={search_term_string}"},"query-input":"required name=search_term_string"}],"inLanguage":"fr-FR"},{"@type":"Organization","@id":"https:\/\/chateau-miglos.fr\/wordpress-test\/#organization","name":"Ch\u00e2teau de Miglos","url":"https:\/\/chateau-miglos.fr\/wordpress-test\/","logo":{"@type":"ImageObject","inLanguage":"fr-FR","@id":"https:\/\/chateau-miglos.fr\/wordpress-test\/#\/schema\/logo\/image\/","url":"https:\/\/chateau-miglos.fr\/wordpress-test\/wp-content\/uploads\/2019\/06\/seul.png","contentUrl":"https:\/\/chateau-miglos.fr\/wordpress-test\/wp-content\/uploads\/2019\/06\/seul.png","width":801,"height":705,"caption":"Ch\u00e2teau de Miglos"},"image":{"@id":"https:\/\/chateau-miglos.fr\/wordpress-test\/#\/schema\/logo\/image\/"},"sameAs":["https:\/\/www.facebook.com\/chateaudemiglos\/","https:\/\/www.instagram.com\/chateaudemiglos\/","https:\/\/www.youtube.com\/channel\/UC70FrOmo9xvq8eHCA4YTs9A","https:\/\/fr.wikipedia.org\/wiki\/Ch\u00e2teau_de_Miglos"]}]}},"rttpg_featured_image_url":{"full":["https:\/\/chateau-miglos.fr\/wordpress-test\/wp-content\/uploads\/2019\/02\/explo6.jpg",317,317,false],"landscape":["https:\/\/chateau-miglos.fr\/wordpress-test\/wp-content\/uploads\/2019\/02\/explo6.jpg",317,317,false],"portraits":["https:\/\/chateau-miglos.fr\/wordpress-test\/wp-content\/uploads\/2019\/02\/explo6.jpg",317,317,false],"thumbnail":["https:\/\/chateau-miglos.fr\/wordpress-test\/wp-content\/uploads\/2019\/02\/explo6-150x150.jpg",150,150,true],"medium":["https:\/\/chateau-miglos.fr\/wordpress-test\/wp-content\/uploads\/2019\/02\/explo6-300x300.jpg",300,300,true],"large":["https:\/\/chateau-miglos.fr\/wordpress-test\/wp-content\/uploads\/2019\/02\/explo6.jpg",317,317,false],"1536x1536":["https:\/\/chateau-miglos.fr\/wordpress-test\/wp-content\/uploads\/2019\/02\/explo6.jpg",317,317,false],"2048x2048":["https:\/\/chateau-miglos.fr\/wordpress-test\/wp-content\/uploads\/2019\/02\/explo6.jpg",317,317,false],"onepress-blog-small":["https:\/\/chateau-miglos.fr\/wordpress-test\/wp-content\/uploads\/2019\/02\/explo6-300x150.jpg",300,150,true],"onepress-small":["https:\/\/chateau-miglos.fr\/wordpress-test\/wp-content\/uploads\/2019\/02\/explo6-317x300.jpg",317,300,true],"onepress-medium":["https:\/\/chateau-miglos.fr\/wordpress-test\/wp-content\/uploads\/2019\/02\/explo6.jpg",317,317,false],"sow-carousel-default":["https:\/\/chateau-miglos.fr\/wordpress-test\/wp-content\/uploads\/2019\/02\/explo6.jpg",182,182,false]},"rttpg_author":{"display_name":"AACM","author_link":"https:\/\/chateau-miglos.fr\/wordpress-test\/author\/aacm\/"},"rttpg_comment":0,"rttpg_category":null,"rttpg_excerpt":"D\u00e9couvrir le chemin d'interpr\u00e9tation autour du ch\u00e2teau de Miglos.","_links":{"self":[{"href":"https:\/\/chateau-miglos.fr\/wordpress-test\/wp-json\/wp\/v2\/pages\/835"}],"collection":[{"href":"https:\/\/chateau-miglos.fr\/wordpress-test\/wp-json\/wp\/v2\/pages"}],"about":[{"href":"https:\/\/chateau-miglos.fr\/wordpress-test\/wp-json\/wp\/v2\/types\/page"}],"author":[{"embeddable":true,"href":"https:\/\/chateau-miglos.fr\/wordpress-test\/wp-json\/wp\/v2\/users\/2"}],"replies":[{"embeddable":true,"href":"https:\/\/chateau-miglos.fr\/wordpress-test\/wp-json\/wp\/v2\/comments?post=835"}],"version-history":[{"count":29,"href":"https:\/\/chateau-miglos.fr\/wordpress-test\/wp-json\/wp\/v2\/pages\/835\/revisions"}],"predecessor-version":[{"id":10261,"href":"https:\/\/chateau-miglos.fr\/wordpress-test\/wp-json\/wp\/v2\/pages\/835\/revisions\/10261"}],"up":[{"embeddable":true,"href":"https:\/\/chateau-miglos.fr\/wordpress-test\/wp-json\/wp\/v2\/pages\/195"}],"wp:featuredmedia":[{"embeddable":true,"href":"https:\/\/chateau-miglos.fr\/wordpress-test\/wp-json\/wp\/v2\/media\/640"}],"wp:attachment":[{"href":"https:\/\/chateau-miglos.fr\/wordpress-test\/wp-json\/wp\/v2\/media?parent=835"}],"curies":[{"name":"wp","href":"https:\/\/api.w.org\/{rel}","templated":true}]}}