{"id":7018,"date":"2021-06-10T23:31:36","date_gmt":"2021-06-10T21:31:36","guid":{"rendered":"https:\/\/chateau-miglos.fr\/wordpress-test\/?page_id=7018"},"modified":"2021-07-29T00:00:31","modified_gmt":"2021-07-28T22:00:31","slug":"formulaire-dinscription-balades-contees-31-juillet-2021","status":"publish","type":"page","link":"https:\/\/chateau-miglos.fr\/wordpress-test\/formulaire-dinscription-balades-contees-31-juillet-2021\/","title":{"rendered":"Formulaire d&#8217;inscription &#8211; Balades cont\u00e9es &#8211; 31 juillet 2021"},"content":{"rendered":"\n<p><strong>Groupe de 25 personnes maximum<\/strong><\/p>\n\n\n\n<p>3 balades cont\u00e9es : <strong>D\u00e9part Parking entr\u00e9e Arquizat-Miglos (route de Niaux, D156)<\/strong><\/p>\n\n\n\n<ul><li><strong>10 heures (Complet)<\/strong><\/li><li><strong>14 heures<\/strong><\/li><li><strong>16 heures (Complet)<\/strong><\/li><\/ul>\n\n\n\n<p class=\"has-text-align-center has-vivid-red-color has-text-color has-medium-font-size\"><strong>R\u00e9servation nominative obligatoire<\/strong><\/p>\n\n\n\n<p>Si vous devez inscrire plusieurs personnes, vous aurez \u00e0 la fin de votre envoi un lien &#8220;<strong>Envoyer une autre r\u00e9ponse<\/strong>&#8221; qui vous permettra les saisies multiples.<\/p>\n\n\n\n<p class=\"has-vivid-green-cyan-color has-text-color\"><strong>Nous vous confirmerons par mail votre inscription.<\/strong><\/p>\n\n\n\n<iframe loading=\"lazy\" src=\"https:\/\/docs.google.com\/forms\/d\/e\/1FAIpQLSel9CxJ8pkhQQpPgIxGHutwpxqCUdXHIUUpxv2AZNLLwC5k9Q\/viewform?embedded=true\" marginheight=\"0\" marginwidth=\"0\" width=\"700\" height=\"1200\" frameborder=\"0\">Chargement\u2026<\/iframe>\n\n\n\n<p><\/p>\n","protected":false},"excerpt":{"rendered":"<p>Groupe de 25 personnes maximum 3 balades cont\u00e9es : D\u00e9part Parking entr\u00e9e Arquizat-Miglos (route de Niaux, D156) 10 heures (Complet) 14 heures 16 heures (Complet) R\u00e9servation nominative obligatoire Si vous &#8230;<\/p>\n","protected":false},"author":2,"featured_media":0,"parent":0,"menu_order":0,"comment_status":"closed","ping_status":"closed","template":"template-fullwidth.php","meta":{"ngg_post_thumbnail":0,"footnotes":""},"yoast_head":"<!-- This site is optimized with the Yoast SEO plugin v23.0 - https:\/\/yoast.com\/wordpress\/plugins\/seo\/ -->\n<title>Formulaire d&#039;inscription - Balades cont\u00e9es - 31 juillet 2021 - Ch\u00e2teau de Miglos<\/title>\n<meta name=\"robots\" content=\"index, follow, max-snippet:-1, max-image-preview:large, max-video-preview:-1\" \/>\n<link rel=\"canonical\" href=\"https:\/\/chateau-miglos.fr\/wordpress-test\/formulaire-dinscription-balades-contees-31-juillet-2021\/\" \/>\n<meta property=\"og:locale\" content=\"fr_FR\" \/>\n<meta property=\"og:type\" content=\"article\" \/>\n<meta property=\"og:title\" content=\"Formulaire d&#039;inscription - Balades cont\u00e9es - 31 juillet 2021 - Ch\u00e2teau de Miglos\" \/>\n<meta property=\"og:description\" content=\"Groupe de 25 personnes maximum 3 balades cont\u00e9es : D\u00e9part Parking entr\u00e9e Arquizat-Miglos (route de Niaux, D156) 10 heures (Complet) 14 heures 16 heures (Complet) R\u00e9servation nominative obligatoire Si vous ...\" \/>\n<meta property=\"og:url\" content=\"https:\/\/chateau-miglos.fr\/wordpress-test\/formulaire-dinscription-balades-contees-31-juillet-2021\/\" \/>\n<meta property=\"og:site_name\" content=\"Ch\u00e2teau de Miglos\" \/>\n<meta property=\"article:publisher\" content=\"https:\/\/www.facebook.com\/chateaudemiglos\/\" \/>\n<meta property=\"article:modified_time\" content=\"2021-07-28T22:00:31+00:00\" \/>\n<meta property=\"og:image\" content=\"https:\/\/chateau-miglos.fr\/wordpress-test\/wp-content\/uploads\/2020\/05\/avant-toustou-avril2020.png\" \/>\n\t<meta property=\"og:image:width\" content=\"600\" \/>\n\t<meta property=\"og:image:height\" content=\"300\" \/>\n\t<meta property=\"og:image:type\" content=\"image\/png\" \/>\n<meta name=\"twitter:card\" content=\"summary_large_image\" \/>\n<meta name=\"twitter:label1\" content=\"Dur\u00e9e de lecture estim\u00e9e\" \/>\n\t<meta name=\"twitter:data1\" content=\"1 minute\" \/>\n<script type=\"application\/ld+json\" class=\"yoast-schema-graph\">{\"@context\":\"https:\/\/schema.org\",\"@graph\":[{\"@type\":\"WebPage\",\"@id\":\"https:\/\/chateau-miglos.fr\/wordpress-test\/formulaire-dinscription-balades-contees-31-juillet-2021\/\",\"url\":\"https:\/\/chateau-miglos.fr\/wordpress-test\/formulaire-dinscription-balades-contees-31-juillet-2021\/\",\"name\":\"Formulaire d'inscription - Balades cont\u00e9es - 31 juillet 2021 - Ch\u00e2teau de Miglos\",\"isPartOf\":{\"@id\":\"https:\/\/chateau-miglos.fr\/wordpress-test\/#website\"},\"datePublished\":\"2021-06-10T21:31:36+00:00\",\"dateModified\":\"2021-07-28T22:00:31+00:00\",\"breadcrumb\":{\"@id\":\"https:\/\/chateau-miglos.fr\/wordpress-test\/formulaire-dinscription-balades-contees-31-juillet-2021\/#breadcrumb\"},\"inLanguage\":\"fr-FR\",\"potentialAction\":[{\"@type\":\"ReadAction\",\"target\":[\"https:\/\/chateau-miglos.fr\/wordpress-test\/formulaire-dinscription-balades-contees-31-juillet-2021\/\"]}]},{\"@type\":\"BreadcrumbList\",\"@id\":\"https:\/\/chateau-miglos.fr\/wordpress-test\/formulaire-dinscription-balades-contees-31-juillet-2021\/#breadcrumb\",\"itemListElement\":[{\"@type\":\"ListItem\",\"position\":1,\"name\":\"Accueil\",\"item\":\"https:\/\/chateau-miglos.fr\/wordpress-test\/\"},{\"@type\":\"ListItem\",\"position\":2,\"name\":\"Formulaire d&#8217;inscription &#8211; Balades cont\u00e9es &#8211; 31 juillet 2021\"}]},{\"@type\":\"WebSite\",\"@id\":\"https:\/\/chateau-miglos.fr\/wordpress-test\/#website\",\"url\":\"https:\/\/chateau-miglos.fr\/wordpress-test\/\",\"name\":\"Ch\u00e2teau de Miglos\",\"description\":\"une ch\u00e2teau, une vall\u00e9e\",\"publisher\":{\"@id\":\"https:\/\/chateau-miglos.fr\/wordpress-test\/#organization\"},\"potentialAction\":[{\"@type\":\"SearchAction\",\"target\":{\"@type\":\"EntryPoint\",\"urlTemplate\":\"https:\/\/chateau-miglos.fr\/wordpress-test\/?s={search_term_string}\"},\"query-input\":\"required name=search_term_string\"}],\"inLanguage\":\"fr-FR\"},{\"@type\":\"Organization\",\"@id\":\"https:\/\/chateau-miglos.fr\/wordpress-test\/#organization\",\"name\":\"Ch\u00e2teau de Miglos\",\"url\":\"https:\/\/chateau-miglos.fr\/wordpress-test\/\",\"logo\":{\"@type\":\"ImageObject\",\"inLanguage\":\"fr-FR\",\"@id\":\"https:\/\/chateau-miglos.fr\/wordpress-test\/#\/schema\/logo\/image\/\",\"url\":\"https:\/\/chateau-miglos.fr\/wordpress-test\/wp-content\/uploads\/2019\/06\/seul.png\",\"contentUrl\":\"https:\/\/chateau-miglos.fr\/wordpress-test\/wp-content\/uploads\/2019\/06\/seul.png\",\"width\":801,\"height\":705,\"caption\":\"Ch\u00e2teau de Miglos\"},\"image\":{\"@id\":\"https:\/\/chateau-miglos.fr\/wordpress-test\/#\/schema\/logo\/image\/\"},\"sameAs\":[\"https:\/\/www.facebook.com\/chateaudemiglos\/\",\"https:\/\/www.instagram.com\/chateaudemiglos\/\",\"https:\/\/www.youtube.com\/channel\/UC70FrOmo9xvq8eHCA4YTs9A\",\"https:\/\/fr.wikipedia.org\/wiki\/Ch\u00e2teau_de_Miglos\"]}]}<\/script>\n<!-- \/ Yoast SEO plugin. -->","yoast_head_json":{"title":"Formulaire d'inscription - Balades cont\u00e9es - 31 juillet 2021 - Ch\u00e2teau de Miglos","robots":{"index":"index","follow":"follow","max-snippet":"max-snippet:-1","max-image-preview":"max-image-preview:large","max-video-preview":"max-video-preview:-1"},"canonical":"https:\/\/chateau-miglos.fr\/wordpress-test\/formulaire-dinscription-balades-contees-31-juillet-2021\/","og_locale":"fr_FR","og_type":"article","og_title":"Formulaire d'inscription - Balades cont\u00e9es - 31 juillet 2021 - Ch\u00e2teau de Miglos","og_description":"Groupe de 25 personnes maximum 3 balades cont\u00e9es : D\u00e9part Parking entr\u00e9e Arquizat-Miglos (route de Niaux, D156) 10 heures (Complet) 14 heures 16 heures (Complet) R\u00e9servation nominative obligatoire Si vous ...","og_url":"https:\/\/chateau-miglos.fr\/wordpress-test\/formulaire-dinscription-balades-contees-31-juillet-2021\/","og_site_name":"Ch\u00e2teau de Miglos","article_publisher":"https:\/\/www.facebook.com\/chateaudemiglos\/","article_modified_time":"2021-07-28T22:00:31+00:00","og_image":[{"width":600,"height":300,"url":"https:\/\/chateau-miglos.fr\/wordpress-test\/wp-content\/uploads\/2020\/05\/avant-toustou-avril2020.png","type":"image\/png"}],"twitter_card":"summary_large_image","twitter_misc":{"Dur\u00e9e de lecture estim\u00e9e":"1 minute"},"schema":{"@context":"https:\/\/schema.org","@graph":[{"@type":"WebPage","@id":"https:\/\/chateau-miglos.fr\/wordpress-test\/formulaire-dinscription-balades-contees-31-juillet-2021\/","url":"https:\/\/chateau-miglos.fr\/wordpress-test\/formulaire-dinscription-balades-contees-31-juillet-2021\/","name":"Formulaire d'inscription - Balades cont\u00e9es - 31 juillet 2021 - Ch\u00e2teau de Miglos","isPartOf":{"@id":"https:\/\/chateau-miglos.fr\/wordpress-test\/#website"},"datePublished":"2021-06-10T21:31:36+00:00","dateModified":"2021-07-28T22:00:31+00:00","breadcrumb":{"@id":"https:\/\/chateau-miglos.fr\/wordpress-test\/formulaire-dinscription-balades-contees-31-juillet-2021\/#breadcrumb"},"inLanguage":"fr-FR","potentialAction":[{"@type":"ReadAction","target":["https:\/\/chateau-miglos.fr\/wordpress-test\/formulaire-dinscription-balades-contees-31-juillet-2021\/"]}]},{"@type":"BreadcrumbList","@id":"https:\/\/chateau-miglos.fr\/wordpress-test\/formulaire-dinscription-balades-contees-31-juillet-2021\/#breadcrumb","itemListElement":[{"@type":"ListItem","position":1,"name":"Accueil","item":"https:\/\/chateau-miglos.fr\/wordpress-test\/"},{"@type":"ListItem","position":2,"name":"Formulaire d&#8217;inscription &#8211; Balades cont\u00e9es &#8211; 31 juillet 2021"}]},{"@type":"WebSite","@id":"https:\/\/chateau-miglos.fr\/wordpress-test\/#website","url":"https:\/\/chateau-miglos.fr\/wordpress-test\/","name":"Ch\u00e2teau de Miglos","description":"une ch\u00e2teau, une vall\u00e9e","publisher":{"@id":"https:\/\/chateau-miglos.fr\/wordpress-test\/#organization"},"potentialAction":[{"@type":"SearchAction","target":{"@type":"EntryPoint","urlTemplate":"https:\/\/chateau-miglos.fr\/wordpress-test\/?s={search_term_string}"},"query-input":"required name=search_term_string"}],"inLanguage":"fr-FR"},{"@type":"Organization","@id":"https:\/\/chateau-miglos.fr\/wordpress-test\/#organization","name":"Ch\u00e2teau de Miglos","url":"https:\/\/chateau-miglos.fr\/wordpress-test\/","logo":{"@type":"ImageObject","inLanguage":"fr-FR","@id":"https:\/\/chateau-miglos.fr\/wordpress-test\/#\/schema\/logo\/image\/","url":"https:\/\/chateau-miglos.fr\/wordpress-test\/wp-content\/uploads\/2019\/06\/seul.png","contentUrl":"https:\/\/chateau-miglos.fr\/wordpress-test\/wp-content\/uploads\/2019\/06\/seul.png","width":801,"height":705,"caption":"Ch\u00e2teau de Miglos"},"image":{"@id":"https:\/\/chateau-miglos.fr\/wordpress-test\/#\/schema\/logo\/image\/"},"sameAs":["https:\/\/www.facebook.com\/chateaudemiglos\/","https:\/\/www.instagram.com\/chateaudemiglos\/","https:\/\/www.youtube.com\/channel\/UC70FrOmo9xvq8eHCA4YTs9A","https:\/\/fr.wikipedia.org\/wiki\/Ch\u00e2teau_de_Miglos"]}]}},"rttpg_featured_image_url":null,"rttpg_author":{"display_name":"AACM","author_link":"https:\/\/chateau-miglos.fr\/wordpress-test\/author\/aacm\/"},"rttpg_comment":0,"rttpg_category":null,"rttpg_excerpt":"Groupe de 25 personnes maximum 3 balades cont\u00e9es : D\u00e9part Parking entr\u00e9e Arquizat-Miglos (route de Niaux, D156) 10 heures (Complet) 14 heures 16 heures (Complet) R\u00e9servation nominative obligatoire Si vous ...","_links":{"self":[{"href":"https:\/\/chateau-miglos.fr\/wordpress-test\/wp-json\/wp\/v2\/pages\/7018"}],"collection":[{"href":"https:\/\/chateau-miglos.fr\/wordpress-test\/wp-json\/wp\/v2\/pages"}],"about":[{"href":"https:\/\/chateau-miglos.fr\/wordpress-test\/wp-json\/wp\/v2\/types\/page"}],"author":[{"embeddable":true,"href":"https:\/\/chateau-miglos.fr\/wordpress-test\/wp-json\/wp\/v2\/users\/2"}],"replies":[{"embeddable":true,"href":"https:\/\/chateau-miglos.fr\/wordpress-test\/wp-json\/wp\/v2\/comments?post=7018"}],"version-history":[{"count":5,"href":"https:\/\/chateau-miglos.fr\/wordpress-test\/wp-json\/wp\/v2\/pages\/7018\/revisions"}],"predecessor-version":[{"id":7692,"href":"https:\/\/chateau-miglos.fr\/wordpress-test\/wp-json\/wp\/v2\/pages\/7018\/revisions\/7692"}],"wp:attachment":[{"href":"https:\/\/chateau-miglos.fr\/wordpress-test\/wp-json\/wp\/v2\/media?parent=7018"}],"curies":[{"name":"wp","href":"https:\/\/api.w.org\/{rel}","templated":true}]}}