{"id":6628,"date":"2021-06-01T22:03:33","date_gmt":"2021-06-01T20:03:33","guid":{"rendered":"https:\/\/chateau-miglos.fr\/wordpress-test\/?page_id=6628"},"modified":"2024-10-15T11:18:50","modified_gmt":"2024-10-15T09:18:50","slug":"miglos-au-xixe-siecle","status":"publish","type":"page","link":"https:\/\/chateau-miglos.fr\/wordpress-test\/explorer\/chemin-dinterpretation\/miglos-au-xixe-siecle\/","title":{"rendered":"Miglos au XIXe  si\u00e8cle"},"content":{"rendered":"\n<h2 class=\"wp-block-heading\">Habitat group\u00e9<\/h2>\n\n\n\n<p>A la diff\u00e9rence d\u2019autres communes de Haute-Ari\u00e8ge, l\u2019habitat de Miglos n\u2019est pas regroup\u00e9 en un seul village mais r\u00e9parti sur <strong>cinq hameaux : <\/strong><\/p>\n\n\n\n<ul><li><strong>Arquizat,<\/strong><\/li><li><strong>Axiat,<\/strong><\/li><li><strong>Baychon,<\/strong><\/li><li><strong>Norrat<\/strong>,<\/li><li><strong>Norgeat.<\/strong><\/li><\/ul>\n\n\n\n<p>Maisons construites en pierre \u00e0 3 niveaux : b\u00e9tail en bas, hommes et foin en haut.<\/p>\n\n\n\n<div class=\"wp-block-image\"><figure class=\"aligncenter size-large\"><a href=\"https:\/\/chateau-miglos.fr\/wordpress-test\/wp-content\/uploads\/2021\/07\/728.png\" data-rel=\"lightbox-gallery-YDB1iBjj\" data-rl_title=\"Hameau d\u2019Arquizat &#8211; CPA Labouche 728\" data-rl_caption=\"\" title=\"Hameau d\u2019Arquizat &#8211; CPA Labouche 728\"><img loading=\"lazy\" decoding=\"async\" width=\"1024\" height=\"655\" src=\"https:\/\/chateau-miglos.fr\/wordpress-test\/wp-content\/uploads\/2021\/07\/728-1024x655.png\" alt=\"\" class=\"wp-image-7358\"\/><\/a><\/figure><\/div>\n\n\n\n<hr class=\"wp-block-separator is-style-wide\"\/>\n\n\n\n<h2 class=\"wp-block-heading\">Autour de 1850<\/h2>\n\n\n\n<p>P\u00e9riode cruciale, moment o\u00f9 tous les \u00e9quilibres s\u2019effondrent : la mis\u00e8re due \u00e0 l\u2019augmentation de la population s\u00e9vit.<br><strong>773 habitants en 1765, 1504 en 1841<\/strong>, ce qui provoque une \u00e9migration saisonni\u00e8re puis d\u00e9finitive.<br>Les catastrophes naturelles et des <strong>\u00e9pid\u00e9mies<\/strong> s\u2019accumulent. Celles de <strong>1836<\/strong> et <strong>1837<\/strong> sont terribles.<br>De <strong>1845<\/strong> \u00e0 <strong>1847<\/strong> les <strong>disettes<\/strong> sont permanentes. La mis\u00e8re est \u00e0 son comble.<br>En <strong>1854 le chol\u00e9ra tue 234 des 1305 habitants<\/strong>.<\/p>\n\n\n\n<div class=\"wp-block-image\"><figure class=\"aligncenter size-large\"><a href=\"https:\/\/chateau-miglos.fr\/wordpress-test\/wp-content\/uploads\/2021\/07\/femmes.png\" data-rel=\"lightbox-gallery-YDB1iBjj\" data-rl_title=\"Sur la route de Capoulet &#8211; la Simouno et Polino de Reb\u00e8lh (de Norgeat) CPA Labouche &#8211; 725\" data-rl_caption=\"\" title=\"Sur la route de Capoulet &#8211; la Simouno et Polino de Reb\u00e8lh (de Norgeat) CPA Labouche &#8211; 725\"><img loading=\"lazy\" decoding=\"async\" width=\"1024\" height=\"655\" src=\"https:\/\/chateau-miglos.fr\/wordpress-test\/wp-content\/uploads\/2021\/07\/femmes-1024x655.png\" alt=\"\" class=\"wp-image-7360\"\/><\/a><\/figure><\/div>\n\n\n\n<hr class=\"wp-block-separator is-style-wide\"\/>\n\n\n\n<h2 class=\"wp-block-heading\">Agriculture de survie<\/h2>\n\n\n\n<p>Le travail est tr\u00e8s p\u00e9nible, les champs sont tout petits et ensemenc\u00e9s plusieurs fois par an : seigle, bl\u00e9, avoine, millet, sarrasin, lentilles et pommes de terre. La houe et l\u2019araire sont les seuls outils utilisables sur les terrains en d\u00e9vers.<br>Pour le tissu, sont utilis\u00e9s le lin et le chanvre, la laine des moutons que les femmes filent le soir \u00e0 la veill\u00e9e.<br>Il n\u2019est pas rare de trouver des familles de 8 \u00e0 10 personnes dont les moyens de subsistance consistent en un peu de lait, de pommes de terre, quelque peu de bouillie de ma\u00efs ou de sarrasin.<br>Par suite de l\u2019application du code forestier de 1827, si rigoureux pour la population pastorale, et de la disparition graduelle \u00abdes friches communes\u00bb, le paysan en est r\u00e9duit \u00e0 n\u2019utiliser que \u00abl\u2019herbe de son pr\u00e9\u00bb. Troupeaux affaiblis, champs ruin\u00e9s faute de fumier, de vastes \u00e9tendues restent sans culture. Les mauvaises r\u00e9coltes se succ\u00e8dent.<\/p>\n\n\n\n<div class=\"wp-block-image\"><figure class=\"aligncenter size-large\"><a href=\"https:\/\/chateau-miglos.fr\/wordpress-test\/wp-content\/uploads\/2021\/07\/norgeat.png\" data-rel=\"lightbox-gallery-YDB1iBjj\" data-rl_title=\"Hameau de Norgeat &#8211; CPA Larrey 1300\" data-rl_caption=\"\" title=\"Hameau de Norgeat &#8211; CPA Larrey 1300\"><img loading=\"lazy\" decoding=\"async\" width=\"1024\" height=\"658\" src=\"https:\/\/chateau-miglos.fr\/wordpress-test\/wp-content\/uploads\/2021\/07\/norgeat-1024x658.png\" alt=\"\" class=\"wp-image-7362\"\/><\/a><\/figure><\/div>\n\n\n\n<hr class=\"wp-block-separator is-style-wide\"\/>\n\n\n\n<h2 class=\"wp-block-heading\">D\u00e9s\u00e9quilibre dans le syst\u00e8me agro-sylvo-pastoral<\/h2>\n\n\n\n<p>L\u2019ouverture vers la plaine et la ville, l\u2019attirance des jeunes pour la d\u00e9couverte de la vie moderne modifient d\u00e9finitivement la vie \u00e0 Miglos.<br>A partir de 1870, l\u2019\u00e9conomie et les modes de vie se transforment :<\/p>\n\n\n\n<ul><li>le d\u00e9senclavement par le d\u00e9veloppement des chemins de fer et l\u2019am\u00e9nagement des routes accompagne le passage d\u2019un syst\u00e8me autarcique \u00e0 une \u00e9conomie d\u2019\u00e9changes et permet la s\u00e9curisation des approvisionnements alimentaires,<\/li><li>la progression des \u00e9changes mon\u00e9taires remplace les pratiques de troc,<\/li><li>le syst\u00e8me m\u00e9trique se substitue aux mesures locales de longueur, de volume et de poids,<\/li><li>l\u2019expansion de l\u2019usage du fran\u00e7ais jusqu\u2019alors peu r\u00e9pandu entra\u00eene un affaiblissement durable du patois alors activement parl\u00e9 \u00e0 Miglos,<\/li><li>la disparition des coutumes et particularit\u00e9s villageoises va de pair avec la perte des savoir-faire des artisans et l\u2019extinction des m\u00e9tiers.<\/li><\/ul>\n\n\n\n<div class=\"wp-block-image\"><figure class=\"aligncenter size-large\"><a href=\"https:\/\/chateau-miglos.fr\/wordpress-test\/wp-content\/uploads\/2021\/07\/norrat.png\" data-rel=\"lightbox-gallery-YDB1iBjj\" data-rl_title=\"Hameaux d\u2019Axiat et de Norrat &#8211; CPA S.L. 55 395\" data-rl_caption=\"\" title=\"Hameaux d\u2019Axiat et de Norrat &#8211; CPA S.L. 55 395\"><img loading=\"lazy\" decoding=\"async\" width=\"1024\" height=\"708\" src=\"https:\/\/chateau-miglos.fr\/wordpress-test\/wp-content\/uploads\/2021\/07\/norrat-1024x708.png\" alt=\"\" class=\"wp-image-7368\"\/><\/a><\/figure><\/div>\n\n\n\n<hr class=\"wp-block-separator is-style-wide\"\/>\n\n\n\n<div class=\"wp-block-media-text alignwide is-stacked-on-mobile\"><figure class=\"wp-block-media-text__media\"><a href=\"https:\/\/chateau-miglos.fr\/wordpress-test\/wp-content\/uploads\/2021\/07\/le-duc.png\" data-rel=\"lightbox-gallery-YDB1iBjj\" data-rl_title=\"A la sortie de la mine de Pierrefitte \u00e0 Norrat &#8211; 1905, \u00ab Le Duc \u00bb (d\u2019Axiat)\" data-rl_caption=\"\" title=\"A la sortie de la mine de Pierrefitte \u00e0 Norrat &#8211; 1905, \u00ab Le Duc \u00bb (d\u2019Axiat)\"><img loading=\"lazy\" decoding=\"async\" width=\"754\" height=\"1024\" src=\"https:\/\/chateau-miglos.fr\/wordpress-test\/wp-content\/uploads\/2021\/07\/le-duc-754x1024.png\" alt=\"\" class=\"wp-image-7370 size-large\"\/><\/a><\/figure><div class=\"wp-block-media-text__content\">\n<h2 class=\"wp-block-heading\">For\u00eats et mines<\/h2>\n\n\n\n<p><strong>La for\u00eat<\/strong> est un \u00e9l\u00e9ment essentiel pour la subsistance des villageois (chauffage, construction\u2026).<\/p>\n\n\n\n<ul><li><strong>Le code forestier de 1827<\/strong> restreint encore les droits d\u2019usage des paysans sur les for\u00eats. Il d\u00e9clenche notamment la \u00abGuerre des Demoiselles\u00bb en Ari\u00e8ge (1829-1832).<\/li><li>En 1831, le pr\u00e9fet envoie \u00e0 Miglos une compagnie de 60 hommes en garnison, afin de r\u00e9primer les \u00abdommages sur la sapini\u00e8re de M. de Vendomois\u00bb.<\/li><\/ul>\n\n\n\n<p><strong>Les mines<\/strong>: l\u2019exploitation du fer culmine fin XIX<sup>e<\/sup>. Sept mines sont exploit\u00e9es autour de Norrat et Norgeat. Elles procurent un travail compl\u00e9mentaire aux paysans.<\/p>\n<\/div><\/div>\n\n\n\n<hr class=\"wp-block-separator is-style-wide\"\/>\n\n\n\n<h2 class=\"wp-block-heading\">La vie pastorale<\/h2>\n\n\n\n<p>En altitude, au-del\u00e0 du Roc de Miglos, se trouvent les estives. Les troupeaux du village et ceux qui arrivent de la plaine y passent les mois d\u2019\u00e9t\u00e9.<br>Ils sont gard\u00e9s par les bergers, les petits p\u00e2tres et leurs chiens, abrit\u00e9s dans les orris. Pacage, surveillance contre les pr\u00e9dateurs, confection des fromages sont les t\u00e2ches quotidiennes.<\/p>\n\n\n\n<div class=\"wp-block-image\"><figure class=\"aligncenter size-large\"><a href=\"https:\/\/chateau-miglos.fr\/wordpress-test\/wp-content\/uploads\/2021\/07\/orri.png\" data-rel=\"lightbox-gallery-YDB1iBjj\" data-rl_title=\"\u00ab Orri \u00bb, cabane des bergers en pierre\" data-rl_caption=\"\" title=\"\u00ab Orri \u00bb, cabane des bergers en pierre\"><img loading=\"lazy\" decoding=\"async\" width=\"801\" height=\"550\" src=\"https:\/\/chateau-miglos.fr\/wordpress-test\/wp-content\/uploads\/2021\/07\/orri.png\" alt=\"\" class=\"wp-image-7364\"\/><\/a><\/figure><\/div>\n\n\n\n<hr class=\"wp-block-separator is-style-wide\"\/>\n\n\n\n<h2 class=\"wp-block-heading\">\u00c9cole et enseignement<\/h2>\n\n\n\n<p>Le citoyen Raymond Faur\u00e9 est le premier instituteur de la commune de Miglos : \u00ab Le 1<sup>er<\/sup> niv\u00f4se An III (21 d\u00e9cembre 1794) se sont assembl\u00e9s tous les citoyens de cette commune au Temple de la Raison pour proc\u00e9der \u00e0 la nomination d\u2019un instituteur, suivant les bulletins des lois de la Convention Nationale, qui portent que, dans toutes les communes de la R\u00e9publique o\u00f9 il se trouvera le nombre de mille \u00e2mes, il doit y \u00eatre \u00e9tabli un instituteur pour enseigner et instruire tous les gar\u00e7ons qui sont au-dessus de l\u2019\u00e2ge de six ans \u00bb. Pendant pr\u00e8s de deux si\u00e8cles, instituteurs et institutrices se succ\u00e8dent \u00e0 Miglos.<\/p>\n\n\n\n<p>En 1833, on impose aux communes de plus de 800 habitants de se doter d\u2019une \u00e9cole publique de gar\u00e7ons. L\u2019enseignement est payant et r\u00e9serv\u00e9 aux gar\u00e7ons. La r\u00e9tribution mensuelle, est fix\u00e9e annuellement lors du conseil municipal.<br>Cependant, quelques \u00e9l\u00e8ves sont accueillis gratuitement. La liste des \u00ab \u00e9l\u00e8ves indigents \u00bb est propos\u00e9e conjointement par le cur\u00e9 et le maire, soumise au pr\u00e9fet, puis valid\u00e9e d\u00e9finitivement par le conseil municipal.<br>C\u2019est \u00e0 partir de la rentr\u00e9e de 1858 qu\u2019est ouverte une \u00e9cole de filles \u00e0 Miglos. Un instituteur et une institutrice sont nomm\u00e9s \u00e0 Arquizat. Jusqu\u2019au milieu des ann\u00e9es 1860, l\u2019\u00e9cole communale est install\u00e9e \u00e0 Arquizat, Deux nouvelles \u00e9coles seront ouvertes, en 1865 \u00e0 Norgeat et en 1878 \u00e0 Norrat. En 1881, Jules Ferry institue la gratuit\u00e9 et en 1882, l\u2019obligation et la la\u00efcit\u00e9 de l\u2019enseignement primaire. Sont concern\u00e9s les enfants des deux sexes, \u00e2g\u00e9s de 6 ans \u00e0 13 ans r\u00e9volus.<br>La derni\u00e8re \u00e9cole de la commune sera celle de Norgeat, qui fermera ses portes en 1983.<\/p>\n\n\n\n<div class=\"wp-block-image\"><figure class=\"aligncenter size-large\"><a href=\"https:\/\/chateau-miglos.fr\/wordpress-test\/explorer\/chemin-dinterpretation\/miglos-au-xixe-siecle\/classe1920\/\"><img loading=\"lazy\" decoding=\"async\" width=\"1024\" height=\"740\" src=\"https:\/\/chateau-miglos.fr\/wordpress-test\/wp-content\/uploads\/2021\/07\/classe1920-1024x740.png\" alt=\"\" class=\"wp-image-7365\"\/><\/a><\/figure><\/div>\n","protected":false},"excerpt":{"rendered":"<p>Habitat group\u00e9 A la diff\u00e9rence d\u2019autres communes de Haute-Ari\u00e8ge, l\u2019habitat de Miglos n\u2019est pas regroup\u00e9 en un seul village mais r\u00e9parti sur cinq hameaux : Arquizat, Axiat, Baychon, Norrat, Norgeat. &#8230;<\/p>\n","protected":false},"author":2,"featured_media":9786,"parent":835,"menu_order":0,"comment_status":"closed","ping_status":"closed","template":"template-fullwidth.php","meta":{"ngg_post_thumbnail":0,"footnotes":""},"yoast_head":"<!-- This site is optimized with the Yoast SEO plugin v23.0 - https:\/\/yoast.com\/wordpress\/plugins\/seo\/ -->\n<title>Miglos au XIXe si\u00e8cle - Ch\u00e2teau de Miglos<\/title>\n<meta name=\"robots\" content=\"index, follow, max-snippet:-1, max-image-preview:large, max-video-preview:-1\" \/>\n<link rel=\"canonical\" href=\"https:\/\/chateau-miglos.fr\/wordpress-test\/explorer\/chemin-dinterpretation\/miglos-au-xixe-siecle\/\" \/>\n<meta property=\"og:locale\" content=\"fr_FR\" \/>\n<meta property=\"og:type\" content=\"article\" \/>\n<meta property=\"og:title\" content=\"Miglos au XIXe si\u00e8cle - Ch\u00e2teau de Miglos\" \/>\n<meta property=\"og:description\" content=\"Habitat group\u00e9 A la diff\u00e9rence d\u2019autres communes de Haute-Ari\u00e8ge, l\u2019habitat de Miglos n\u2019est pas regroup\u00e9 en un seul village mais r\u00e9parti sur cinq hameaux : Arquizat, Axiat, Baychon, Norrat, Norgeat. ...\" \/>\n<meta property=\"og:url\" content=\"https:\/\/chateau-miglos.fr\/wordpress-test\/explorer\/chemin-dinterpretation\/miglos-au-xixe-siecle\/\" \/>\n<meta property=\"og:site_name\" content=\"Ch\u00e2teau de Miglos\" \/>\n<meta property=\"article:publisher\" content=\"https:\/\/www.facebook.com\/chateaudemiglos\/\" \/>\n<meta property=\"article:modified_time\" content=\"2024-10-15T09:18:50+00:00\" \/>\n<meta property=\"og:image\" content=\"https:\/\/chateau-miglos.fr\/wordpress-test\/wp-content\/uploads\/2024\/10\/grid-XX.png\" \/>\n\t<meta property=\"og:image:width\" content=\"350\" \/>\n\t<meta property=\"og:image:height\" content=\"350\" \/>\n\t<meta property=\"og:image:type\" content=\"image\/png\" \/>\n<meta name=\"twitter:card\" content=\"summary_large_image\" \/>\n<meta name=\"twitter:label1\" content=\"Dur\u00e9e de lecture estim\u00e9e\" \/>\n\t<meta name=\"twitter:data1\" content=\"6 minutes\" \/>\n<script type=\"application\/ld+json\" class=\"yoast-schema-graph\">{\"@context\":\"https:\/\/schema.org\",\"@graph\":[{\"@type\":\"WebPage\",\"@id\":\"https:\/\/chateau-miglos.fr\/wordpress-test\/explorer\/chemin-dinterpretation\/miglos-au-xixe-siecle\/\",\"url\":\"https:\/\/chateau-miglos.fr\/wordpress-test\/explorer\/chemin-dinterpretation\/miglos-au-xixe-siecle\/\",\"name\":\"Miglos au XIXe si\u00e8cle - Ch\u00e2teau de Miglos\",\"isPartOf\":{\"@id\":\"https:\/\/chateau-miglos.fr\/wordpress-test\/#website\"},\"primaryImageOfPage\":{\"@id\":\"https:\/\/chateau-miglos.fr\/wordpress-test\/explorer\/chemin-dinterpretation\/miglos-au-xixe-siecle\/#primaryimage\"},\"image\":{\"@id\":\"https:\/\/chateau-miglos.fr\/wordpress-test\/explorer\/chemin-dinterpretation\/miglos-au-xixe-siecle\/#primaryimage\"},\"thumbnailUrl\":\"https:\/\/chateau-miglos.fr\/wordpress-test\/wp-content\/uploads\/2024\/10\/grid-XX.png\",\"datePublished\":\"2021-06-01T20:03:33+00:00\",\"dateModified\":\"2024-10-15T09:18:50+00:00\",\"breadcrumb\":{\"@id\":\"https:\/\/chateau-miglos.fr\/wordpress-test\/explorer\/chemin-dinterpretation\/miglos-au-xixe-siecle\/#breadcrumb\"},\"inLanguage\":\"fr-FR\",\"potentialAction\":[{\"@type\":\"ReadAction\",\"target\":[\"https:\/\/chateau-miglos.fr\/wordpress-test\/explorer\/chemin-dinterpretation\/miglos-au-xixe-siecle\/\"]}]},{\"@type\":\"ImageObject\",\"inLanguage\":\"fr-FR\",\"@id\":\"https:\/\/chateau-miglos.fr\/wordpress-test\/explorer\/chemin-dinterpretation\/miglos-au-xixe-siecle\/#primaryimage\",\"url\":\"https:\/\/chateau-miglos.fr\/wordpress-test\/wp-content\/uploads\/2024\/10\/grid-XX.png\",\"contentUrl\":\"https:\/\/chateau-miglos.fr\/wordpress-test\/wp-content\/uploads\/2024\/10\/grid-XX.png\",\"width\":350,\"height\":350},{\"@type\":\"BreadcrumbList\",\"@id\":\"https:\/\/chateau-miglos.fr\/wordpress-test\/explorer\/chemin-dinterpretation\/miglos-au-xixe-siecle\/#breadcrumb\",\"itemListElement\":[{\"@type\":\"ListItem\",\"position\":1,\"name\":\"Accueil\",\"item\":\"https:\/\/chateau-miglos.fr\/wordpress-test\/\"},{\"@type\":\"ListItem\",\"position\":2,\"name\":\"Explorer\",\"item\":\"https:\/\/chateau-miglos.fr\/wordpress-test\/explorer\/\"},{\"@type\":\"ListItem\",\"position\":3,\"name\":\"Chemin d&#8217;interpr\u00e9tation\",\"item\":\"https:\/\/chateau-miglos.fr\/wordpress-test\/explorer\/chemin-dinterpretation\/\"},{\"@type\":\"ListItem\",\"position\":4,\"name\":\"Miglos au XIXe si\u00e8cle\"}]},{\"@type\":\"WebSite\",\"@id\":\"https:\/\/chateau-miglos.fr\/wordpress-test\/#website\",\"url\":\"https:\/\/chateau-miglos.fr\/wordpress-test\/\",\"name\":\"Ch\u00e2teau de Miglos\",\"description\":\"une ch\u00e2teau, une vall\u00e9e\",\"publisher\":{\"@id\":\"https:\/\/chateau-miglos.fr\/wordpress-test\/#organization\"},\"potentialAction\":[{\"@type\":\"SearchAction\",\"target\":{\"@type\":\"EntryPoint\",\"urlTemplate\":\"https:\/\/chateau-miglos.fr\/wordpress-test\/?s={search_term_string}\"},\"query-input\":\"required name=search_term_string\"}],\"inLanguage\":\"fr-FR\"},{\"@type\":\"Organization\",\"@id\":\"https:\/\/chateau-miglos.fr\/wordpress-test\/#organization\",\"name\":\"Ch\u00e2teau de Miglos\",\"url\":\"https:\/\/chateau-miglos.fr\/wordpress-test\/\",\"logo\":{\"@type\":\"ImageObject\",\"inLanguage\":\"fr-FR\",\"@id\":\"https:\/\/chateau-miglos.fr\/wordpress-test\/#\/schema\/logo\/image\/\",\"url\":\"https:\/\/chateau-miglos.fr\/wordpress-test\/wp-content\/uploads\/2019\/06\/seul.png\",\"contentUrl\":\"https:\/\/chateau-miglos.fr\/wordpress-test\/wp-content\/uploads\/2019\/06\/seul.png\",\"width\":801,\"height\":705,\"caption\":\"Ch\u00e2teau de Miglos\"},\"image\":{\"@id\":\"https:\/\/chateau-miglos.fr\/wordpress-test\/#\/schema\/logo\/image\/\"},\"sameAs\":[\"https:\/\/www.facebook.com\/chateaudemiglos\/\",\"https:\/\/www.instagram.com\/chateaudemiglos\/\",\"https:\/\/www.youtube.com\/channel\/UC70FrOmo9xvq8eHCA4YTs9A\",\"https:\/\/fr.wikipedia.org\/wiki\/Ch\u00e2teau_de_Miglos\"]}]}<\/script>\n<!-- \/ Yoast SEO plugin. -->","yoast_head_json":{"title":"Miglos au XIXe si\u00e8cle - Ch\u00e2teau de Miglos","robots":{"index":"index","follow":"follow","max-snippet":"max-snippet:-1","max-image-preview":"max-image-preview:large","max-video-preview":"max-video-preview:-1"},"canonical":"https:\/\/chateau-miglos.fr\/wordpress-test\/explorer\/chemin-dinterpretation\/miglos-au-xixe-siecle\/","og_locale":"fr_FR","og_type":"article","og_title":"Miglos au XIXe si\u00e8cle - Ch\u00e2teau de Miglos","og_description":"Habitat group\u00e9 A la diff\u00e9rence d\u2019autres communes de Haute-Ari\u00e8ge, l\u2019habitat de Miglos n\u2019est pas regroup\u00e9 en un seul village mais r\u00e9parti sur cinq hameaux : Arquizat, Axiat, Baychon, Norrat, Norgeat. ...","og_url":"https:\/\/chateau-miglos.fr\/wordpress-test\/explorer\/chemin-dinterpretation\/miglos-au-xixe-siecle\/","og_site_name":"Ch\u00e2teau de Miglos","article_publisher":"https:\/\/www.facebook.com\/chateaudemiglos\/","article_modified_time":"2024-10-15T09:18:50+00:00","og_image":[{"width":350,"height":350,"url":"https:\/\/chateau-miglos.fr\/wordpress-test\/wp-content\/uploads\/2024\/10\/grid-XX.png","type":"image\/png"}],"twitter_card":"summary_large_image","twitter_misc":{"Dur\u00e9e de lecture estim\u00e9e":"6 minutes"},"schema":{"@context":"https:\/\/schema.org","@graph":[{"@type":"WebPage","@id":"https:\/\/chateau-miglos.fr\/wordpress-test\/explorer\/chemin-dinterpretation\/miglos-au-xixe-siecle\/","url":"https:\/\/chateau-miglos.fr\/wordpress-test\/explorer\/chemin-dinterpretation\/miglos-au-xixe-siecle\/","name":"Miglos au XIXe si\u00e8cle - Ch\u00e2teau de Miglos","isPartOf":{"@id":"https:\/\/chateau-miglos.fr\/wordpress-test\/#website"},"primaryImageOfPage":{"@id":"https:\/\/chateau-miglos.fr\/wordpress-test\/explorer\/chemin-dinterpretation\/miglos-au-xixe-siecle\/#primaryimage"},"image":{"@id":"https:\/\/chateau-miglos.fr\/wordpress-test\/explorer\/chemin-dinterpretation\/miglos-au-xixe-siecle\/#primaryimage"},"thumbnailUrl":"https:\/\/chateau-miglos.fr\/wordpress-test\/wp-content\/uploads\/2024\/10\/grid-XX.png","datePublished":"2021-06-01T20:03:33+00:00","dateModified":"2024-10-15T09:18:50+00:00","breadcrumb":{"@id":"https:\/\/chateau-miglos.fr\/wordpress-test\/explorer\/chemin-dinterpretation\/miglos-au-xixe-siecle\/#breadcrumb"},"inLanguage":"fr-FR","potentialAction":[{"@type":"ReadAction","target":["https:\/\/chateau-miglos.fr\/wordpress-test\/explorer\/chemin-dinterpretation\/miglos-au-xixe-siecle\/"]}]},{"@type":"ImageObject","inLanguage":"fr-FR","@id":"https:\/\/chateau-miglos.fr\/wordpress-test\/explorer\/chemin-dinterpretation\/miglos-au-xixe-siecle\/#primaryimage","url":"https:\/\/chateau-miglos.fr\/wordpress-test\/wp-content\/uploads\/2024\/10\/grid-XX.png","contentUrl":"https:\/\/chateau-miglos.fr\/wordpress-test\/wp-content\/uploads\/2024\/10\/grid-XX.png","width":350,"height":350},{"@type":"BreadcrumbList","@id":"https:\/\/chateau-miglos.fr\/wordpress-test\/explorer\/chemin-dinterpretation\/miglos-au-xixe-siecle\/#breadcrumb","itemListElement":[{"@type":"ListItem","position":1,"name":"Accueil","item":"https:\/\/chateau-miglos.fr\/wordpress-test\/"},{"@type":"ListItem","position":2,"name":"Explorer","item":"https:\/\/chateau-miglos.fr\/wordpress-test\/explorer\/"},{"@type":"ListItem","position":3,"name":"Chemin d&#8217;interpr\u00e9tation","item":"https:\/\/chateau-miglos.fr\/wordpress-test\/explorer\/chemin-dinterpretation\/"},{"@type":"ListItem","position":4,"name":"Miglos au XIXe si\u00e8cle"}]},{"@type":"WebSite","@id":"https:\/\/chateau-miglos.fr\/wordpress-test\/#website","url":"https:\/\/chateau-miglos.fr\/wordpress-test\/","name":"Ch\u00e2teau de Miglos","description":"une ch\u00e2teau, une vall\u00e9e","publisher":{"@id":"https:\/\/chateau-miglos.fr\/wordpress-test\/#organization"},"potentialAction":[{"@type":"SearchAction","target":{"@type":"EntryPoint","urlTemplate":"https:\/\/chateau-miglos.fr\/wordpress-test\/?s={search_term_string}"},"query-input":"required name=search_term_string"}],"inLanguage":"fr-FR"},{"@type":"Organization","@id":"https:\/\/chateau-miglos.fr\/wordpress-test\/#organization","name":"Ch\u00e2teau de Miglos","url":"https:\/\/chateau-miglos.fr\/wordpress-test\/","logo":{"@type":"ImageObject","inLanguage":"fr-FR","@id":"https:\/\/chateau-miglos.fr\/wordpress-test\/#\/schema\/logo\/image\/","url":"https:\/\/chateau-miglos.fr\/wordpress-test\/wp-content\/uploads\/2019\/06\/seul.png","contentUrl":"https:\/\/chateau-miglos.fr\/wordpress-test\/wp-content\/uploads\/2019\/06\/seul.png","width":801,"height":705,"caption":"Ch\u00e2teau de Miglos"},"image":{"@id":"https:\/\/chateau-miglos.fr\/wordpress-test\/#\/schema\/logo\/image\/"},"sameAs":["https:\/\/www.facebook.com\/chateaudemiglos\/","https:\/\/www.instagram.com\/chateaudemiglos\/","https:\/\/www.youtube.com\/channel\/UC70FrOmo9xvq8eHCA4YTs9A","https:\/\/fr.wikipedia.org\/wiki\/Ch\u00e2teau_de_Miglos"]}]}},"rttpg_featured_image_url":{"full":["https:\/\/chateau-miglos.fr\/wordpress-test\/wp-content\/uploads\/2024\/10\/grid-XX.png",350,350,false],"landscape":["https:\/\/chateau-miglos.fr\/wordpress-test\/wp-content\/uploads\/2024\/10\/grid-XX.png",350,350,false],"portraits":["https:\/\/chateau-miglos.fr\/wordpress-test\/wp-content\/uploads\/2024\/10\/grid-XX.png",350,350,false],"thumbnail":["https:\/\/chateau-miglos.fr\/wordpress-test\/wp-content\/uploads\/2024\/10\/grid-XX-150x150.png",150,150,true],"medium":["https:\/\/chateau-miglos.fr\/wordpress-test\/wp-content\/uploads\/2024\/10\/grid-XX-300x300.png",300,300,true],"large":["https:\/\/chateau-miglos.fr\/wordpress-test\/wp-content\/uploads\/2024\/10\/grid-XX.png",350,350,false],"1536x1536":["https:\/\/chateau-miglos.fr\/wordpress-test\/wp-content\/uploads\/2024\/10\/grid-XX.png",350,350,false],"2048x2048":["https:\/\/chateau-miglos.fr\/wordpress-test\/wp-content\/uploads\/2024\/10\/grid-XX.png",350,350,false],"onepress-blog-small":["https:\/\/chateau-miglos.fr\/wordpress-test\/wp-content\/uploads\/2024\/10\/grid-XX-300x150.png",300,150,true],"onepress-small":["https:\/\/chateau-miglos.fr\/wordpress-test\/wp-content\/uploads\/2024\/10\/grid-XX-350x300.png",350,300,true],"onepress-medium":["https:\/\/chateau-miglos.fr\/wordpress-test\/wp-content\/uploads\/2024\/10\/grid-XX.png",350,350,false],"sow-carousel-default":["https:\/\/chateau-miglos.fr\/wordpress-test\/wp-content\/uploads\/2024\/10\/grid-XX-272x182.png",272,182,true]},"rttpg_author":{"display_name":"AACM","author_link":"https:\/\/chateau-miglos.fr\/wordpress-test\/author\/aacm\/"},"rttpg_comment":0,"rttpg_category":null,"rttpg_excerpt":"Habitat group\u00e9 A la diff\u00e9rence d\u2019autres communes de Haute-Ari\u00e8ge, l\u2019habitat de Miglos n\u2019est pas regroup\u00e9 en un seul village mais r\u00e9parti sur cinq hameaux : Arquizat, Axiat, Baychon, Norrat, Norgeat. ...","_links":{"self":[{"href":"https:\/\/chateau-miglos.fr\/wordpress-test\/wp-json\/wp\/v2\/pages\/6628"}],"collection":[{"href":"https:\/\/chateau-miglos.fr\/wordpress-test\/wp-json\/wp\/v2\/pages"}],"about":[{"href":"https:\/\/chateau-miglos.fr\/wordpress-test\/wp-json\/wp\/v2\/types\/page"}],"author":[{"embeddable":true,"href":"https:\/\/chateau-miglos.fr\/wordpress-test\/wp-json\/wp\/v2\/users\/2"}],"replies":[{"embeddable":true,"href":"https:\/\/chateau-miglos.fr\/wordpress-test\/wp-json\/wp\/v2\/comments?post=6628"}],"version-history":[{"count":20,"href":"https:\/\/chateau-miglos.fr\/wordpress-test\/wp-json\/wp\/v2\/pages\/6628\/revisions"}],"predecessor-version":[{"id":7606,"href":"https:\/\/chateau-miglos.fr\/wordpress-test\/wp-json\/wp\/v2\/pages\/6628\/revisions\/7606"}],"up":[{"embeddable":true,"href":"https:\/\/chateau-miglos.fr\/wordpress-test\/wp-json\/wp\/v2\/pages\/835"}],"wp:featuredmedia":[{"embeddable":true,"href":"https:\/\/chateau-miglos.fr\/wordpress-test\/wp-json\/wp\/v2\/media\/9786"}],"wp:attachment":[{"href":"https:\/\/chateau-miglos.fr\/wordpress-test\/wp-json\/wp\/v2\/media?parent=6628"}],"curies":[{"name":"wp","href":"https:\/\/api.w.org\/{rel}","templated":true}]}}