{"id":5629,"date":"2020-06-28T05:35:59","date_gmt":"2020-06-28T03:35:59","guid":{"rendered":"https:\/\/chateau-miglos.fr\/wordpress-test\/?page_id=5629"},"modified":"2021-07-21T22:07:43","modified_gmt":"2021-07-21T20:07:43","slug":"architecture-of-miglos-castle","status":"publish","type":"page","link":"https:\/\/chateau-miglos.fr\/wordpress-test\/explorer\/chemin-dinterpretation\/architecture-of-miglos-castle\/","title":{"rendered":"Architecture of Miglos Castle"},"content":{"rendered":"\n<h2 class=\"wp-block-heading\"> Discovering the medieval fortress <\/h2>\n\n\n\n<div class=\"wp-block-image\"><figure class=\"aligncenter size-large\"><a href=\"https:\/\/chateau-miglos.fr\/wordpress-test\/wp-content\/uploads\/2021\/07\/chateau-2-retouch.jpg\" data-rel=\"lightbox-gallery-FUZEoVXG\" data-rl_title=\"Carte postale vers 1900 \u00a9 Editeur Dauphin, Collection AACM\" data-rl_caption=\"\" title=\"Carte postale vers 1900 \u00a9 Editeur Dauphin, Collection AACM\"><img loading=\"lazy\" decoding=\"async\" width=\"1024\" height=\"706\" src=\"https:\/\/chateau-miglos.fr\/wordpress-test\/wp-content\/uploads\/2021\/07\/chateau-2-retouch-1024x706.jpg\" alt=\"\" class=\"wp-image-7422\"\/><\/a><\/figure><\/div>\n\n\n\n<p>The castle is built on an elliptical platform, measuring approximately 100 m long by 30 m wide.<\/p>\n\n\n\n<p>While the <strong>farmyard (A)<\/strong> was to be located in the southern part of the platform, a <strong>quadrangular unit<\/strong> remains in the northern part <strong>(B)<\/strong>. This development, sometimes referred to as a \u201ccastral cubicle\u201d, includes a <strong>dungeon (C)<\/strong>, a tower, known as a <strong>\u201ccistern tower\u201d (D)<\/strong>, as well as a <strong>main building (E).<\/strong><\/p>\n\n\n\n<p>From a plan drawn up in 1894, we know that other constructions completed this ensemble. A few <strong>sections of the preserved walls (F)<\/strong>, correspond to the remains of an enclosure, which certainly circled the platform, probably dating from the 12th century, it is built of roughly hewn rubble bonded with lime mortar.<\/p>\n\n\n\n<figure class=\"wp-block-gallery columns-2 is-cropped wp-block-gallery-1 is-layout-flex wp-block-gallery-is-layout-flex\"><ul class=\"blocks-gallery-grid\"><li class=\"blocks-gallery-item\"><figure><a href=\"https:\/\/chateau-miglos.fr\/wordpress-test\/wp-content\/uploads\/2021\/07\/Barriere-Flavy-1894.png\" data-rel=\"lightbox-gallery-FUZEoVXG\" data-rl_title=\"Plan d\u2019apr\u00e8s Barri\u00e8re-Flavy &#8211; 1894.\u00a9 AACM\" data-rl_caption=\"\" title=\"Plan d\u2019apr\u00e8s Barri\u00e8re-Flavy &#8211; 1894.\u00a9 AACM\"><img loading=\"lazy\" decoding=\"async\" width=\"671\" height=\"1024\" src=\"https:\/\/chateau-miglos.fr\/wordpress-test\/wp-content\/uploads\/2021\/07\/Barriere-Flavy-1894.png\" alt=\"\" data-id=\"7427\" data-full-url=\"https:\/\/chateau-miglos.fr\/wordpress-test\/wp-content\/uploads\/2021\/07\/Barriere-Flavy-1894.png\" data-link=\"https:\/\/chateau-miglos.fr\/wordpress-test\/explorer\/chemin-dinterpretation\/architecture-du-chateau-de-miglos\/barriere-flavy-1894\/\" class=\"wp-image-7427\"\/><\/a><\/figure><\/li><li class=\"blocks-gallery-item\"><figure><a href=\"https:\/\/chateau-miglos.fr\/wordpress-test\/wp-content\/uploads\/2021\/07\/plan-1024.png\" data-rel=\"lightbox-gallery-FUZEoVXG\" data-rl_title=\"Plan sch\u00e9matique des vestiges actuellement visibles \u00a9 AACM\" data-rl_caption=\"\" title=\"Plan sch\u00e9matique des vestiges actuellement visibles \u00a9 AACM\"><img loading=\"lazy\" decoding=\"async\" width=\"671\" height=\"1024\" src=\"https:\/\/chateau-miglos.fr\/wordpress-test\/wp-content\/uploads\/2021\/07\/plan-1024.png\" alt=\"\" data-id=\"7430\" data-full-url=\"https:\/\/chateau-miglos.fr\/wordpress-test\/wp-content\/uploads\/2021\/07\/plan-1024.png\" data-link=\"https:\/\/chateau-miglos.fr\/wordpress-test\/explorer\/chemin-dinterpretation\/architecture-du-chateau-de-miglos\/plan-1024\/\" class=\"wp-image-7430\"\/><\/a><\/figure><\/li><\/ul><\/figure>\n\n\n\n<figure class=\"wp-block-table is-style-stripes\"><table class=\"has-subtle-light-gray-background-color has-background\"><tbody><tr><td class=\"has-text-align-center\" data-align=\"center\"><strong>Plan after Barri\u00e8re-Flavy &#8211; 1894.<\/strong><\/td><td class=\"has-text-align-center\" data-align=\"center\"><strong>Schematic plan of the <\/strong><br><strong>remains currently visible \u00a9 AACM<\/strong><\/td><\/tr><\/tbody><\/table><\/figure>\n\n\n\n<hr class=\"wp-block-separator\"\/>\n\n\n\n<h2 class=\"wp-block-heading\">The dungeon (C)<\/h2>\n\n\n\n<p>The dungeon, the main tower of the castle, could date, in part, from the 12th century and would undoubtedly have been altered in the 14th century. It has retained its northern and eastern faces in their entirety, the other two having partially collapsed in 1948-1949. This tower, 8m x 6m wide, has walls 1.4m thick at its base, which become thinner as they rise. They are built using the blocking technique, that is to say that the inside of the walls is filled with a mixture of pebbles and lime mortar, while the outside is mounted in roughly cut rubble arranged in layers. regular. This tower had four floors and ended with battlements. These were filled in at an unknown date, perhaps in order to create a new habitable floor. A new aliasing has been added to raise this dungeon to 19 m high. This tower has no loopholes, but the third floor is pierced in the east by a three-lobed bay, possibly dating from the 14th century alterations.<\/p>\n\n\n\n<figure class=\"wp-block-gallery columns-3 is-cropped wp-block-gallery-2 is-layout-flex wp-block-gallery-is-layout-flex\"><ul class=\"blocks-gallery-grid\"><li class=\"blocks-gallery-item\"><figure><a href=\"http:\/\/chateau-miglos.fr\/wordpress-test\/wp-content\/uploads\/2019\/05\/trilobee-barbandiere-683x1024.jpg\" data-rel=\"lightbox-gallery-FUZEoVXG\" data-rl_title=\"Fen\u00eatre trilob\u00e9e int\u00e9rieur &#8211; AACM \u00a9 CB\" data-rl_caption=\"\" title=\"Fen\u00eatre trilob\u00e9e int\u00e9rieur &#8211; AACM \u00a9 CB\"><img loading=\"lazy\" decoding=\"async\" width=\"683\" height=\"1024\" src=\"http:\/\/chateau-miglos.fr\/wordpress-test\/wp-content\/uploads\/2019\/05\/trilobee-barbandiere-683x1024.jpg\" alt=\"Fen\u00eatre trilob\u00e9e int\u00e9rieur - AACM \u00a9 CB\" data-id=\"1167\" data-link=\"http:\/\/chateau-miglos.fr\/wordpress-test\/trilobee-barbandiere\/\" class=\"wp-image-1167\"\/><\/a><\/figure><\/li><li class=\"blocks-gallery-item\"><figure><a href=\"http:\/\/chateau-miglos.fr\/wordpress-test\/wp-content\/uploads\/2019\/05\/chateau-barbandiere-2018-683x1024.jpg\" data-rel=\"lightbox-gallery-FUZEoVXG\" data-rl_title=\"Ch\u00e2teau de Miglos 2018 &#8211; &#8211; AACM \u00a9 CB\" data-rl_caption=\"\" title=\"Ch\u00e2teau de Miglos 2018 &#8211; &#8211; AACM \u00a9 CB\"><img loading=\"lazy\" decoding=\"async\" width=\"683\" height=\"1024\" src=\"http:\/\/chateau-miglos.fr\/wordpress-test\/wp-content\/uploads\/2019\/05\/chateau-barbandiere-2018-683x1024.jpg\" alt=\"Ch\u00e2teau de Miglos 2018 - - AACM \u00a9 CB\" data-id=\"1169\" data-link=\"http:\/\/chateau-miglos.fr\/wordpress-test\/chateau-barbandiere-2018\/\" class=\"wp-image-1169\"\/><\/a><\/figure><\/li><li class=\"blocks-gallery-item\"><figure><a href=\"http:\/\/chateau-miglos.fr\/wordpress-test\/wp-content\/uploads\/2019\/05\/trilob\u00e9e2018-drone09-683x1024.jpg\" data-rel=\"lightbox-gallery-FUZEoVXG\" data-rl_title=\"Baie trilob\u00e9e, mur est du donjon. \u00a9 AACM\" data-rl_caption=\"\" title=\"Baie trilob\u00e9e, mur est du donjon. \u00a9 AACM\"><img loading=\"lazy\" decoding=\"async\" width=\"683\" height=\"1024\" src=\"http:\/\/chateau-miglos.fr\/wordpress-test\/wp-content\/uploads\/2019\/05\/trilob\u00e9e2018-drone09-683x1024.jpg\" alt=\"Fen\u00eatre trilob\u00e9e ext\u00e9rieur - AACM \u00a9 Drone09\" data-id=\"1166\" data-link=\"http:\/\/chateau-miglos.fr\/wordpress-test\/trilobee2018-drone09\/\" class=\"wp-image-1166\"\/><\/a><\/figure><\/li><\/ul><\/figure>\n\n\n\n<hr class=\"wp-block-separator\"\/>\n\n\n\n<h2 class=\"wp-block-heading\">The &#8220;cistern tower&#8221; (D)<\/h2>\n\n\n\n<p>This tower, also crenellated and around 15 m high, was probably built during redevelopments in the 14th century. It has a vaulted room on the lower level. Traces of tile mortar (red coated), making the construction waterproof, indicate that it could be a cistern, the capacity of which can be estimated at around thirty m3. The door that is fitted there, with its frame, is a restoration choice by the architect to consolidate a breach in the wall of the cistern.<\/p>\n\n\n\n<hr class=\"wp-block-separator\"\/>\n\n\n\n<h2 class=\"wp-block-heading\">The main building (E)<\/h2>\n\n\n\n<p>The two towers were linked by an \u201cL\u201d shaped building with at least two rooms.<br>A <strong>room adjacent to the keep (E1)<\/strong> has five archers, four on the east wall and one on the north wall. The room <strong>adjoining the \u201ccistern tower\u201d (E2)<\/strong> had a fireplace, the opening of which, no doubt after the building was constructed, had weakened the latter, necessitating the construction of buttresses. Boulin holes (the boulin is a piece of wood sealed in a wall to support a scaffolding), visible in several places, testify to the construction method of this building.<\/p>\n\n\n\n<hr class=\"wp-block-separator\"\/>\n\n\n\n<figure class=\"wp-block-gallery columns-2 is-cropped wp-block-gallery-3 is-layout-flex wp-block-gallery-is-layout-flex\"><ul class=\"blocks-gallery-grid\"><li class=\"blocks-gallery-item\"><figure><a href=\"http:\/\/chateau-miglos.fr\/wordpress-test\/wp-content\/uploads\/2019\/05\/face-n-683x1024.jpg\" data-rel=\"lightbox-gallery-FUZEoVXG\" data-rl_title=\"Face Nord &#8211; AACM \u00a9 Drone09\" data-rl_caption=\"\" title=\"Face Nord &#8211; AACM \u00a9 Drone09\"><img loading=\"lazy\" decoding=\"async\" width=\"683\" height=\"1024\" src=\"http:\/\/chateau-miglos.fr\/wordpress-test\/wp-content\/uploads\/2019\/05\/face-n-683x1024.jpg\" alt=\"Face Nord - AACM \u00a9 Drone09\" data-id=\"1175\" data-link=\"http:\/\/chateau-miglos.fr\/wordpress-test\/face-n\/\" class=\"wp-image-1175\"\/><\/a><\/figure><\/li><li class=\"blocks-gallery-item\"><figure><a href=\"http:\/\/chateau-miglos.fr\/wordpress-test\/wp-content\/uploads\/2019\/05\/face-s-683x1024.jpg\" data-rel=\"lightbox-gallery-FUZEoVXG\" data-rl_title=\"Face Sud &#8211; AACM \u00a9 Drone09\" data-rl_caption=\"\" title=\"Face Sud &#8211; AACM \u00a9 Drone09\"><img loading=\"lazy\" decoding=\"async\" width=\"683\" height=\"1024\" src=\"http:\/\/chateau-miglos.fr\/wordpress-test\/wp-content\/uploads\/2019\/05\/face-s-683x1024.jpg\" alt=\"Face Sud - AACM \u00a9 Drone09\" data-id=\"1176\" data-link=\"http:\/\/chateau-miglos.fr\/wordpress-test\/face-s\/\" class=\"wp-image-1176\"\/><\/a><\/figure><\/li><\/ul><\/figure>\n\n\n\n<figure class=\"wp-block-gallery columns-3 is-cropped wp-block-gallery-4 is-layout-flex wp-block-gallery-is-layout-flex\"><ul class=\"blocks-gallery-grid\"><li class=\"blocks-gallery-item\"><figure><a href=\"http:\/\/chateau-miglos.fr\/wordpress-test\/wp-content\/uploads\/2019\/05\/1168-r-633x1024.jpg\" data-rel=\"lightbox-gallery-FUZEoVXG\" data-rl_title=\"Carte postale Labouche 1168 vers 1920\" data-rl_caption=\"\" title=\"Carte postale Labouche 1168 vers 1920\"><img loading=\"lazy\" decoding=\"async\" width=\"633\" height=\"1024\" src=\"http:\/\/chateau-miglos.fr\/wordpress-test\/wp-content\/uploads\/2019\/05\/1168-r-633x1024.jpg\" alt=\"Carte postale Labouche 1168 vers 1920\" data-id=\"1136\" data-link=\"http:\/\/chateau-miglos.fr\/wordpress-test\/explorer\/architecture-2\/1168-r\/\" class=\"wp-image-1136\"\/><\/a><\/figure><\/li><li class=\"blocks-gallery-item\"><figure><a href=\"http:\/\/chateau-miglos.fr\/wordpress-test\/wp-content\/uploads\/2019\/05\/gaussen-740x1024.jpg\" data-rel=\"lightbox-gallery-FUZEoVXG\" data-rl_title=\"Photo du botaniste Henri Gaussen -1920\" data-rl_caption=\"\" title=\"Photo du botaniste Henri Gaussen -1920\"><img loading=\"lazy\" decoding=\"async\" width=\"740\" height=\"1024\" src=\"http:\/\/chateau-miglos.fr\/wordpress-test\/wp-content\/uploads\/2019\/05\/gaussen-740x1024.jpg\" alt=\"Photo du botaniste Henri Gaussen -1920\" data-id=\"1137\" data-link=\"http:\/\/chateau-miglos.fr\/wordpress-test\/explorer\/architecture-2\/gaussen\/\" class=\"wp-image-1137\"\/><\/a><\/figure><\/li><li class=\"blocks-gallery-item\"><figure><a href=\"http:\/\/chateau-miglos.fr\/wordpress-test\/wp-content\/uploads\/2019\/05\/larrey-r-883x1024.jpg\" data-rel=\"lightbox-gallery-FUZEoVXG\" data-rl_title=\"Carte postale Larrey vers 1950\" data-rl_caption=\"\" title=\"Carte postale Larrey vers 1950\"><img loading=\"lazy\" decoding=\"async\" width=\"883\" height=\"1024\" src=\"http:\/\/chateau-miglos.fr\/wordpress-test\/wp-content\/uploads\/2019\/05\/larrey-r-883x1024.jpg\" alt=\"Carte postale Larrey vers 1950\" data-id=\"1138\" data-link=\"http:\/\/chateau-miglos.fr\/wordpress-test\/explorer\/architecture-2\/larrey-r\/\" class=\"wp-image-1138\"\/><\/a><\/figure><\/li><\/ul><\/figure>\n","protected":false},"excerpt":{"rendered":"<p>Discovering the medieval fortress The castle is built on an elliptical platform, measuring approximately 100 m long by 30 m wide. While the farmyard (A) was to be located in &#8230;<\/p>\n","protected":false},"author":2,"featured_media":0,"parent":835,"menu_order":0,"comment_status":"closed","ping_status":"closed","template":"template-fullwidth.php","meta":{"ngg_post_thumbnail":0,"footnotes":""},"yoast_head":"<!-- This site is optimized with the Yoast SEO plugin v23.0 - https:\/\/yoast.com\/wordpress\/plugins\/seo\/ -->\n<title>Architecture of Miglos Castle - Ch\u00e2teau de Miglos<\/title>\n<meta name=\"robots\" content=\"index, follow, max-snippet:-1, max-image-preview:large, max-video-preview:-1\" \/>\n<link rel=\"canonical\" href=\"https:\/\/chateau-miglos.fr\/wordpress-test\/explorer\/chemin-dinterpretation\/architecture-of-miglos-castle\/\" \/>\n<meta property=\"og:locale\" content=\"fr_FR\" \/>\n<meta property=\"og:type\" content=\"article\" \/>\n<meta property=\"og:title\" content=\"Architecture of Miglos Castle - Ch\u00e2teau de Miglos\" \/>\n<meta property=\"og:description\" content=\"Discovering the medieval fortress The castle is built on an elliptical platform, measuring approximately 100 m long by 30 m wide. While the farmyard (A) was to be located in ...\" \/>\n<meta property=\"og:url\" content=\"https:\/\/chateau-miglos.fr\/wordpress-test\/explorer\/chemin-dinterpretation\/architecture-of-miglos-castle\/\" \/>\n<meta property=\"og:site_name\" content=\"Ch\u00e2teau de Miglos\" \/>\n<meta property=\"article:publisher\" content=\"https:\/\/www.facebook.com\/chateaudemiglos\/\" \/>\n<meta property=\"article:modified_time\" content=\"2021-07-21T20:07:43+00:00\" \/>\n<meta property=\"og:image\" content=\"https:\/\/chateau-miglos.fr\/wordpress-test\/wp-content\/uploads\/2021\/07\/chateau-2-retouch-1024x706.jpg\" \/>\n<meta name=\"twitter:card\" content=\"summary_large_image\" \/>\n<meta name=\"twitter:label1\" content=\"Dur\u00e9e de lecture estim\u00e9e\" \/>\n\t<meta name=\"twitter:data1\" content=\"5 minutes\" \/>\n<script type=\"application\/ld+json\" class=\"yoast-schema-graph\">{\"@context\":\"https:\/\/schema.org\",\"@graph\":[{\"@type\":\"WebPage\",\"@id\":\"https:\/\/chateau-miglos.fr\/wordpress-test\/explorer\/chemin-dinterpretation\/architecture-of-miglos-castle\/\",\"url\":\"https:\/\/chateau-miglos.fr\/wordpress-test\/explorer\/chemin-dinterpretation\/architecture-of-miglos-castle\/\",\"name\":\"Architecture of Miglos Castle - Ch\u00e2teau de Miglos\",\"isPartOf\":{\"@id\":\"https:\/\/chateau-miglos.fr\/wordpress-test\/#website\"},\"primaryImageOfPage\":{\"@id\":\"https:\/\/chateau-miglos.fr\/wordpress-test\/explorer\/chemin-dinterpretation\/architecture-of-miglos-castle\/#primaryimage\"},\"image\":{\"@id\":\"https:\/\/chateau-miglos.fr\/wordpress-test\/explorer\/chemin-dinterpretation\/architecture-of-miglos-castle\/#primaryimage\"},\"thumbnailUrl\":\"https:\/\/chateau-miglos.fr\/wordpress-test\/wp-content\/uploads\/2021\/07\/chateau-2-retouch-1024x706.jpg\",\"datePublished\":\"2020-06-28T03:35:59+00:00\",\"dateModified\":\"2021-07-21T20:07:43+00:00\",\"breadcrumb\":{\"@id\":\"https:\/\/chateau-miglos.fr\/wordpress-test\/explorer\/chemin-dinterpretation\/architecture-of-miglos-castle\/#breadcrumb\"},\"inLanguage\":\"fr-FR\",\"potentialAction\":[{\"@type\":\"ReadAction\",\"target\":[\"https:\/\/chateau-miglos.fr\/wordpress-test\/explorer\/chemin-dinterpretation\/architecture-of-miglos-castle\/\"]}]},{\"@type\":\"ImageObject\",\"inLanguage\":\"fr-FR\",\"@id\":\"https:\/\/chateau-miglos.fr\/wordpress-test\/explorer\/chemin-dinterpretation\/architecture-of-miglos-castle\/#primaryimage\",\"url\":\"https:\/\/chateau-miglos.fr\/wordpress-test\/wp-content\/uploads\/2021\/07\/chateau-2-retouch.jpg\",\"contentUrl\":\"https:\/\/chateau-miglos.fr\/wordpress-test\/wp-content\/uploads\/2021\/07\/chateau-2-retouch.jpg\",\"width\":1200,\"height\":827},{\"@type\":\"BreadcrumbList\",\"@id\":\"https:\/\/chateau-miglos.fr\/wordpress-test\/explorer\/chemin-dinterpretation\/architecture-of-miglos-castle\/#breadcrumb\",\"itemListElement\":[{\"@type\":\"ListItem\",\"position\":1,\"name\":\"Accueil\",\"item\":\"https:\/\/chateau-miglos.fr\/wordpress-test\/\"},{\"@type\":\"ListItem\",\"position\":2,\"name\":\"Explorer\",\"item\":\"https:\/\/chateau-miglos.fr\/wordpress-test\/explorer\/\"},{\"@type\":\"ListItem\",\"position\":3,\"name\":\"Chemin d&#8217;interpr\u00e9tation\",\"item\":\"https:\/\/chateau-miglos.fr\/wordpress-test\/explorer\/chemin-dinterpretation\/\"},{\"@type\":\"ListItem\",\"position\":4,\"name\":\"Architecture of Miglos Castle\"}]},{\"@type\":\"WebSite\",\"@id\":\"https:\/\/chateau-miglos.fr\/wordpress-test\/#website\",\"url\":\"https:\/\/chateau-miglos.fr\/wordpress-test\/\",\"name\":\"Ch\u00e2teau de Miglos\",\"description\":\"une ch\u00e2teau, une vall\u00e9e\",\"publisher\":{\"@id\":\"https:\/\/chateau-miglos.fr\/wordpress-test\/#organization\"},\"potentialAction\":[{\"@type\":\"SearchAction\",\"target\":{\"@type\":\"EntryPoint\",\"urlTemplate\":\"https:\/\/chateau-miglos.fr\/wordpress-test\/?s={search_term_string}\"},\"query-input\":\"required name=search_term_string\"}],\"inLanguage\":\"fr-FR\"},{\"@type\":\"Organization\",\"@id\":\"https:\/\/chateau-miglos.fr\/wordpress-test\/#organization\",\"name\":\"Ch\u00e2teau de Miglos\",\"url\":\"https:\/\/chateau-miglos.fr\/wordpress-test\/\",\"logo\":{\"@type\":\"ImageObject\",\"inLanguage\":\"fr-FR\",\"@id\":\"https:\/\/chateau-miglos.fr\/wordpress-test\/#\/schema\/logo\/image\/\",\"url\":\"https:\/\/chateau-miglos.fr\/wordpress-test\/wp-content\/uploads\/2019\/06\/seul.png\",\"contentUrl\":\"https:\/\/chateau-miglos.fr\/wordpress-test\/wp-content\/uploads\/2019\/06\/seul.png\",\"width\":801,\"height\":705,\"caption\":\"Ch\u00e2teau de Miglos\"},\"image\":{\"@id\":\"https:\/\/chateau-miglos.fr\/wordpress-test\/#\/schema\/logo\/image\/\"},\"sameAs\":[\"https:\/\/www.facebook.com\/chateaudemiglos\/\",\"https:\/\/www.instagram.com\/chateaudemiglos\/\",\"https:\/\/www.youtube.com\/channel\/UC70FrOmo9xvq8eHCA4YTs9A\",\"https:\/\/fr.wikipedia.org\/wiki\/Ch\u00e2teau_de_Miglos\"]}]}<\/script>\n<!-- \/ Yoast SEO plugin. -->","yoast_head_json":{"title":"Architecture of Miglos Castle - Ch\u00e2teau de Miglos","robots":{"index":"index","follow":"follow","max-snippet":"max-snippet:-1","max-image-preview":"max-image-preview:large","max-video-preview":"max-video-preview:-1"},"canonical":"https:\/\/chateau-miglos.fr\/wordpress-test\/explorer\/chemin-dinterpretation\/architecture-of-miglos-castle\/","og_locale":"fr_FR","og_type":"article","og_title":"Architecture of Miglos Castle - Ch\u00e2teau de Miglos","og_description":"Discovering the medieval fortress The castle is built on an elliptical platform, measuring approximately 100 m long by 30 m wide. While the farmyard (A) was to be located in ...","og_url":"https:\/\/chateau-miglos.fr\/wordpress-test\/explorer\/chemin-dinterpretation\/architecture-of-miglos-castle\/","og_site_name":"Ch\u00e2teau de Miglos","article_publisher":"https:\/\/www.facebook.com\/chateaudemiglos\/","article_modified_time":"2021-07-21T20:07:43+00:00","og_image":[{"url":"https:\/\/chateau-miglos.fr\/wordpress-test\/wp-content\/uploads\/2021\/07\/chateau-2-retouch-1024x706.jpg"}],"twitter_card":"summary_large_image","twitter_misc":{"Dur\u00e9e de lecture estim\u00e9e":"5 minutes"},"schema":{"@context":"https:\/\/schema.org","@graph":[{"@type":"WebPage","@id":"https:\/\/chateau-miglos.fr\/wordpress-test\/explorer\/chemin-dinterpretation\/architecture-of-miglos-castle\/","url":"https:\/\/chateau-miglos.fr\/wordpress-test\/explorer\/chemin-dinterpretation\/architecture-of-miglos-castle\/","name":"Architecture of Miglos Castle - Ch\u00e2teau de Miglos","isPartOf":{"@id":"https:\/\/chateau-miglos.fr\/wordpress-test\/#website"},"primaryImageOfPage":{"@id":"https:\/\/chateau-miglos.fr\/wordpress-test\/explorer\/chemin-dinterpretation\/architecture-of-miglos-castle\/#primaryimage"},"image":{"@id":"https:\/\/chateau-miglos.fr\/wordpress-test\/explorer\/chemin-dinterpretation\/architecture-of-miglos-castle\/#primaryimage"},"thumbnailUrl":"https:\/\/chateau-miglos.fr\/wordpress-test\/wp-content\/uploads\/2021\/07\/chateau-2-retouch-1024x706.jpg","datePublished":"2020-06-28T03:35:59+00:00","dateModified":"2021-07-21T20:07:43+00:00","breadcrumb":{"@id":"https:\/\/chateau-miglos.fr\/wordpress-test\/explorer\/chemin-dinterpretation\/architecture-of-miglos-castle\/#breadcrumb"},"inLanguage":"fr-FR","potentialAction":[{"@type":"ReadAction","target":["https:\/\/chateau-miglos.fr\/wordpress-test\/explorer\/chemin-dinterpretation\/architecture-of-miglos-castle\/"]}]},{"@type":"ImageObject","inLanguage":"fr-FR","@id":"https:\/\/chateau-miglos.fr\/wordpress-test\/explorer\/chemin-dinterpretation\/architecture-of-miglos-castle\/#primaryimage","url":"https:\/\/chateau-miglos.fr\/wordpress-test\/wp-content\/uploads\/2021\/07\/chateau-2-retouch.jpg","contentUrl":"https:\/\/chateau-miglos.fr\/wordpress-test\/wp-content\/uploads\/2021\/07\/chateau-2-retouch.jpg","width":1200,"height":827},{"@type":"BreadcrumbList","@id":"https:\/\/chateau-miglos.fr\/wordpress-test\/explorer\/chemin-dinterpretation\/architecture-of-miglos-castle\/#breadcrumb","itemListElement":[{"@type":"ListItem","position":1,"name":"Accueil","item":"https:\/\/chateau-miglos.fr\/wordpress-test\/"},{"@type":"ListItem","position":2,"name":"Explorer","item":"https:\/\/chateau-miglos.fr\/wordpress-test\/explorer\/"},{"@type":"ListItem","position":3,"name":"Chemin d&#8217;interpr\u00e9tation","item":"https:\/\/chateau-miglos.fr\/wordpress-test\/explorer\/chemin-dinterpretation\/"},{"@type":"ListItem","position":4,"name":"Architecture of Miglos Castle"}]},{"@type":"WebSite","@id":"https:\/\/chateau-miglos.fr\/wordpress-test\/#website","url":"https:\/\/chateau-miglos.fr\/wordpress-test\/","name":"Ch\u00e2teau de Miglos","description":"une ch\u00e2teau, une vall\u00e9e","publisher":{"@id":"https:\/\/chateau-miglos.fr\/wordpress-test\/#organization"},"potentialAction":[{"@type":"SearchAction","target":{"@type":"EntryPoint","urlTemplate":"https:\/\/chateau-miglos.fr\/wordpress-test\/?s={search_term_string}"},"query-input":"required name=search_term_string"}],"inLanguage":"fr-FR"},{"@type":"Organization","@id":"https:\/\/chateau-miglos.fr\/wordpress-test\/#organization","name":"Ch\u00e2teau de Miglos","url":"https:\/\/chateau-miglos.fr\/wordpress-test\/","logo":{"@type":"ImageObject","inLanguage":"fr-FR","@id":"https:\/\/chateau-miglos.fr\/wordpress-test\/#\/schema\/logo\/image\/","url":"https:\/\/chateau-miglos.fr\/wordpress-test\/wp-content\/uploads\/2019\/06\/seul.png","contentUrl":"https:\/\/chateau-miglos.fr\/wordpress-test\/wp-content\/uploads\/2019\/06\/seul.png","width":801,"height":705,"caption":"Ch\u00e2teau de Miglos"},"image":{"@id":"https:\/\/chateau-miglos.fr\/wordpress-test\/#\/schema\/logo\/image\/"},"sameAs":["https:\/\/www.facebook.com\/chateaudemiglos\/","https:\/\/www.instagram.com\/chateaudemiglos\/","https:\/\/www.youtube.com\/channel\/UC70FrOmo9xvq8eHCA4YTs9A","https:\/\/fr.wikipedia.org\/wiki\/Ch\u00e2teau_de_Miglos"]}]}},"rttpg_featured_image_url":null,"rttpg_author":{"display_name":"AACM","author_link":"https:\/\/chateau-miglos.fr\/wordpress-test\/author\/aacm\/"},"rttpg_comment":0,"rttpg_category":null,"rttpg_excerpt":"Discovering the medieval fortress The castle is built on an elliptical platform, measuring approximately 100 m long by 30 m wide. While the farmyard (A) was to be located in ...","_links":{"self":[{"href":"https:\/\/chateau-miglos.fr\/wordpress-test\/wp-json\/wp\/v2\/pages\/5629"}],"collection":[{"href":"https:\/\/chateau-miglos.fr\/wordpress-test\/wp-json\/wp\/v2\/pages"}],"about":[{"href":"https:\/\/chateau-miglos.fr\/wordpress-test\/wp-json\/wp\/v2\/types\/page"}],"author":[{"embeddable":true,"href":"https:\/\/chateau-miglos.fr\/wordpress-test\/wp-json\/wp\/v2\/users\/2"}],"replies":[{"embeddable":true,"href":"https:\/\/chateau-miglos.fr\/wordpress-test\/wp-json\/wp\/v2\/comments?post=5629"}],"version-history":[{"count":5,"href":"https:\/\/chateau-miglos.fr\/wordpress-test\/wp-json\/wp\/v2\/pages\/5629\/revisions"}],"predecessor-version":[{"id":7463,"href":"https:\/\/chateau-miglos.fr\/wordpress-test\/wp-json\/wp\/v2\/pages\/5629\/revisions\/7463"}],"up":[{"embeddable":true,"href":"https:\/\/chateau-miglos.fr\/wordpress-test\/wp-json\/wp\/v2\/pages\/835"}],"wp:attachment":[{"href":"https:\/\/chateau-miglos.fr\/wordpress-test\/wp-json\/wp\/v2\/media?parent=5629"}],"curies":[{"name":"wp","href":"https:\/\/api.w.org\/{rel}","templated":true}]}}