{"id":5067,"date":"2020-03-20T00:47:53","date_gmt":"2020-03-19T23:47:53","guid":{"rendered":"https:\/\/chateau-miglos.fr\/wordpress-test\/?page_id=5067"},"modified":"2023-04-06T22:03:51","modified_gmt":"2023-04-06T20:03:51","slug":"ariejo-o-moun-pais","status":"publish","type":"page","link":"https:\/\/chateau-miglos.fr\/wordpress-test\/explorer\/chemin-dinterpretation\/ariejo-o-moun-pais\/","title":{"rendered":"Ari\u00e8jo \u00f4 moun pa\u00efs"},"content":{"rendered":"<p><iframe loading=\"lazy\" src=\"https:\/\/www.youtube.com\/embed\/D0AUzNePA-M\" allow=\"accelerometer; autoplay; encrypted-media; gyroscope; picture-in-picture\" allowfullscreen=\"\" width=\"640\" height=\"360\" frameborder=\"0\"><\/iframe><\/p>\n\n\n\n<p class=\"has-text-align-center\"> Nous avons enregistr\u00e9 <strong><em>\u00ab Ari\u00e8jo \u00f4 moun pa\u00efs \u00bb<\/em><\/strong>,  chant\u00e9 par l\u2019<strong>ensemble Vocal \u00abUnisson\u00bb<\/strong><br> Chef de ch\u0153ur Jeanine Prosper<br> <a href=\"http:\/\/chateau-miglos.fr\/wordpress-test\/2016\/04\/11\/ariejo-o-moun-pais\/\">Eglise Arquizat-Miglos \u2013 Samedi 9 avril 2016<\/a> <\/p>\n\n\n\n<hr class=\"wp-block-separator has-css-opacity is-style-wide\"\/>\n\n\n\n<figure class=\"wp-block-table is-style-stripes\"><table><tbody><tr><td class=\"has-text-align-center\" data-align=\"center\"><a href=\"https:\/\/chateau-miglos.fr\/wordpress-test\/explorer\/chemin-dinterpretation\/ariejo-o-moun-pais-3\/\"><img decoding=\"async\" src=\"https:\/\/chateau-miglos.fr\/wordpress-test\/wp-content\/uploads\/2021\/07\/drapeau-espagnol-1024x574.png\" alt=\"L\u2019attribut alt de cette image est vide, son nom de fichier est drapeau-espagnol-1024x574.png.\" style=\"width: 100px;\"><\/a><\/td><td class=\"has-text-align-center\" data-align=\"center\"><a href=\"https:\/\/chateau-miglos.fr\/wordpress-test\/explorer\/chemin-dinterpretation\/ariejo-o-moun-pais-2\/\"><img decoding=\"async\" src=\"https:\/\/chateau-miglos.fr\/wordpress-test\/wp-content\/uploads\/2021\/07\/drapeau-anglais-1024x574.png\" alt=\"L\u2019attribut alt de cette image est vide, son nom de fichier est drapeau-anglais-1024x574.png.\" style=\"width: 100px;\"><\/a><\/td><\/tr><\/tbody><\/table><\/figure>\n\n\n\n<p class=\"has-text-align-center has-medium-font-size\">L\u2019<strong>abb\u00e9 Sabas Maury<\/strong> est le cur\u00e9 de Miglos de 1890 \u00e0 1906.<br> Il y compose<strong><em> \u00ab Ari\u00e8jo \u00f4 moun pa\u00efs \u00bb<\/em><\/strong>, qui est devenu depuis l\u2019<strong>hymne \u00e0 l\u2019Ari\u00e8ge<\/strong> : <\/p>\n\n\n<div class=\"wp-block-image\">\n<figure class=\"aligncenter is-resized\"><a href=\"http:\/\/chateau-miglos.fr\/wordpress-test\/wp-content\/uploads\/2019\/06\/sabas-entier.jpg\" data-rel=\"lightbox-gallery-cGIMf8se\" data-rl_title=\"Abb\u00e9 Sabas Maury &#8211; probable 1901 &#8211; Cr\u00e9dit photo Alain Canal\" data-rl_caption=\"\" title=\"Abb\u00e9 Sabas Maury &#8211; probable 1901 &#8211; Cr\u00e9dit photo Alain Canal\"><img loading=\"lazy\" decoding=\"async\" src=\"http:\/\/chateau-miglos.fr\/wordpress-test\/wp-content\/uploads\/2019\/06\/sabas-entier.jpg\" alt=\"Abb\u00e9 Sabas Maury - probable 1901 - Cr\u00e9dit photo Alain Canal\" class=\"wp-image-2211\" width=\"300\" height=\"384\"\/><\/a><\/figure><\/div>\n\n\n<p><strong>Sabas Jean-Marie Aubin Maury<\/strong><br> N\u00e9 le 1er mars 1863 \u00e0 Gesti\u00e9s.<br> Il est nomm\u00e9 cur\u00e9 de Miglos le 19 janvier 1890. <br> Il y reste jusqu\u2019en 1906.<br> Il est nomm\u00e9 le 24 Ao\u00fbt 1906, cur\u00e9 doyen de Varilhes.<br> Il d\u00e9c\u00e8de le 26 Novembre 1923 \u00e0 l\u2019\u00e2ge de 61 ans apr\u00e8s 37 ans de sacerdoce. <br> Il fut inhum\u00e9 \u00e0 Varilhes.<\/p>\n\n\n<div class=\"wp-block-image\">\n<figure class=\"aligncenter size-large is-resized\"><a href=\"https:\/\/chateau-miglos.fr\/wordpress-test\/wp-content\/uploads\/2020\/03\/page123.png\" data-rel=\"lightbox-gallery-cGIMf8se\" data-rl_title=\"Partition Ari\u00e8jo \u00f4 moun Pa\u00efs\" data-rl_caption=\"\" title=\"Partition Ari\u00e8jo \u00f4 moun Pa\u00efs\"><img loading=\"lazy\" decoding=\"async\" src=\"https:\/\/chateau-miglos.fr\/wordpress-test\/wp-content\/uploads\/2020\/03\/page123-1024x813.png\" alt=\"\" class=\"wp-image-5076\" width=\"768\" height=\"610\"\/><\/a><\/figure><\/div>\n\n\n<p><strong>Paraulos \u00e8 musico d\u00e9 Sabas Maury<\/strong><br> &#8220;M. Sabas Maury a coumposat uno autro poulido cansou, en franc\u00e8s : Ari\u00e8ge; Solos; refren \u00e0 tres partidos \u00e8 acoumpagnoment de piano.<br> Se canto pertout; dins nostr\u00e9 pa\u00efs \u00e8 dins toutos las Souci\u00e9tats Ari\u00e9geoisos del moun. <br> Se ben : un franc (bint sous) ch\u00e9 M. Gadrat, carri\u00e9ro de la Labistour, \u00e0 Foix, o ch\u00e9 M. Sabas Maury, \u00e0 Miglos (Ari\u00e8jo).&#8221;<\/p>\n\n\n\n<div class=\"wp-block-file aligncenter\"><a id=\"wp-block-file--media-c6312a97-c2d4-4886-a879-127e68dbc7f4\" href=\"https:\/\/chateau-miglos.fr\/wordpress-test\/wp-content\/uploads\/2020\/03\/ariejo1.pdf\" target=\"_blank\" rel=\"noreferrer noopener\">Partition &#8220;Ari\u00e8jo \u00f4 moun pa\u00efs&#8221; &#8211; Sabas Maury<\/a><a href=\"https:\/\/chateau-miglos.fr\/wordpress-test\/wp-content\/uploads\/2020\/03\/ariejo1.pdf\" class=\"wp-block-file__button wp-element-button\" download aria-describedby=\"wp-block-file--media-c6312a97-c2d4-4886-a879-127e68dbc7f4\">T\u00e9l\u00e9charger<\/a><\/div>\n\n\n\n<figure class=\"wp-block-gallery has-nested-images columns-default is-cropped wp-block-gallery-1 is-layout-flex wp-block-gallery-is-layout-flex\">\n<figure class=\"wp-block-image size-large\"><a href=\"https:\/\/chateau-miglos.fr\/wordpress-test\/wp-content\/uploads\/2020\/03\/sabasmaury1-1.jpg\" data-rel=\"lightbox-gallery-cGIMf8se\" data-rl_title=\"Sabas Maury &#8211; Cr\u00e9dit photo Alain Canal\" data-rl_caption=\"\" title=\"Sabas Maury &#8211; Cr\u00e9dit photo Alain Canal\"><img loading=\"lazy\" decoding=\"async\" width=\"683\" height=\"1024\" data-id=\"5081\" src=\"https:\/\/chateau-miglos.fr\/wordpress-test\/wp-content\/uploads\/2020\/03\/sabasmaury1-1-683x1024.jpg\" alt=\"\" class=\"wp-image-5081\"\/><\/a><\/figure>\n\n\n\n<figure class=\"wp-block-image size-large\"><a href=\"https:\/\/chateau-miglos.fr\/wordpress-test\/wp-content\/uploads\/2020\/03\/sabas-maury.png\" data-rel=\"lightbox-gallery-cGIMf8se\" data-rl_title=\"Sabas Maury &#8211; Cr\u00e9dit photo Alain Canal\" data-rl_caption=\"\" title=\"Sabas Maury &#8211; Cr\u00e9dit photo Alain Canal\"><img loading=\"lazy\" decoding=\"async\" width=\"611\" height=\"1024\" data-id=\"5079\" src=\"https:\/\/chateau-miglos.fr\/wordpress-test\/wp-content\/uploads\/2020\/03\/sabas-maury-611x1024.png\" alt=\"\" class=\"wp-image-5079\"\/><\/a><\/figure>\n<\/figure>\n\n\n\n<p><strong>Cr\u00e9ateur : <\/strong><\/p>\n\n\n\n<ul>\n<li>d\u2019Ari\u00e8jo \u00f4 moun Pa\u00efs l\u2019hymne ari\u00e9geois bien connu d\u00e9dicac\u00e9 \u00e0 la soci\u00e9t\u00e9 Amicale des Ari\u00e8geois \u00e0 Paris,<\/li>\n\n\n\n<li>d\u2019un chant d\u2019Ari\u00e8ge chant patriotique d\u00e9di\u00e9 \u00e0 la soci\u00e9t\u00e9 Amicale des Ari\u00e9geois \u00e0 Bordeaux,<\/li>\n\n\n\n<li>d\u2019une chanson chant\u00e9e le jour du couronnement Notre Dame de Sabart Tarascon sur Ari\u00e8ge, le 7 juin 1954,<\/li>\n\n\n\n<li>et de beaucoup d\u2019autres chansons\u2026<\/li>\n<\/ul>\n\n\n<div class=\"wp-block-image\">\n<figure class=\"aligncenter size-large is-resized\"><img loading=\"lazy\" decoding=\"async\" src=\"https:\/\/chateau-miglos.fr\/wordpress-test\/wp-content\/uploads\/2020\/03\/ariege-trans-794x1024.png\" alt=\"\" class=\"wp-image-5090\" width=\"397\" height=\"512\"\/><\/figure><\/div>\n\n\n<div class=\"wp-block-file aligncenter\"><a id=\"wp-block-file--media-6e1a130b-5258-40dd-9d78-c05832a4c119\" href=\"https:\/\/chateau-miglos.fr\/wordpress-test\/wp-content\/uploads\/2020\/03\/ariege1.pdf\" target=\"_blank\" rel=\"noreferrer noopener\">Partition &#8220;Ari\u00e8ge&#8221; &#8211; Sabas Maury<\/a><a href=\"https:\/\/chateau-miglos.fr\/wordpress-test\/wp-content\/uploads\/2020\/03\/ariege1.pdf\" class=\"wp-block-file__button wp-element-button\" download aria-describedby=\"wp-block-file--media-6e1a130b-5258-40dd-9d78-c05832a4c119\">T\u00e9l\u00e9charger<\/a><\/div>\n\n\n\n<hr class=\"wp-block-separator has-css-opacity\"\/>\n\n\n\n<p>Source :<\/p>\n\n\n\n<ul>\n<li>Pages consacr\u00e9es \u00e0 Sabas Maury site <a aria-label=\" (s\u2019ouvre dans un nouvel onglet)\" href=\"http:\/\/www.amiglos.fr\/accueil-mauve.htm\" target=\"_blank\" rel=\"noreferrer noopener\"><strong>www.amiglos.fr<\/strong><\/a><\/li>\n<\/ul>\n","protected":false},"excerpt":{"rendered":"<p>Nous avons enregistr\u00e9 \u00ab Ari\u00e8jo \u00f4 moun pa\u00efs \u00bb, chant\u00e9 par l\u2019ensemble Vocal \u00abUnisson\u00bb Chef de ch\u0153ur Jeanine Prosper Eglise Arquizat-Miglos \u2013 Samedi 9 avril 2016 L\u2019abb\u00e9 Sabas Maury est &#8230;<\/p>\n","protected":false},"author":2,"featured_media":0,"parent":835,"menu_order":0,"comment_status":"closed","ping_status":"closed","template":"template-fullwidth.php","meta":{"ngg_post_thumbnail":0,"footnotes":""},"yoast_head":"<!-- This site is optimized with the Yoast SEO plugin v23.0 - https:\/\/yoast.com\/wordpress\/plugins\/seo\/ -->\n<title>Ari\u00e8jo \u00f4 moun pa\u00efs - Ch\u00e2teau de Miglos<\/title>\n<meta name=\"robots\" content=\"index, follow, max-snippet:-1, max-image-preview:large, max-video-preview:-1\" \/>\n<link rel=\"canonical\" href=\"https:\/\/chateau-miglos.fr\/wordpress-test\/explorer\/chemin-dinterpretation\/ariejo-o-moun-pais\/\" \/>\n<meta property=\"og:locale\" content=\"fr_FR\" \/>\n<meta property=\"og:type\" content=\"article\" \/>\n<meta property=\"og:title\" content=\"Ari\u00e8jo \u00f4 moun pa\u00efs - Ch\u00e2teau de Miglos\" \/>\n<meta property=\"og:description\" content=\"Nous avons enregistr\u00e9 \u00ab Ari\u00e8jo \u00f4 moun pa\u00efs \u00bb, chant\u00e9 par l\u2019ensemble Vocal \u00abUnisson\u00bb Chef de ch\u0153ur Jeanine Prosper Eglise Arquizat-Miglos \u2013 Samedi 9 avril 2016 L\u2019abb\u00e9 Sabas Maury est ...\" \/>\n<meta property=\"og:url\" content=\"https:\/\/chateau-miglos.fr\/wordpress-test\/explorer\/chemin-dinterpretation\/ariejo-o-moun-pais\/\" \/>\n<meta property=\"og:site_name\" content=\"Ch\u00e2teau de Miglos\" \/>\n<meta property=\"article:publisher\" content=\"https:\/\/www.facebook.com\/chateaudemiglos\/\" \/>\n<meta property=\"article:modified_time\" content=\"2023-04-06T20:03:51+00:00\" \/>\n<meta property=\"og:image\" content=\"https:\/\/chateau-miglos.fr\/wordpress-test\/wp-content\/uploads\/2021\/07\/drapeau-espagnol-1024x574.png\" \/>\n<meta name=\"twitter:card\" content=\"summary_large_image\" \/>\n<meta name=\"twitter:label1\" content=\"Dur\u00e9e de lecture estim\u00e9e\" \/>\n\t<meta name=\"twitter:data1\" content=\"3 minutes\" \/>\n<script type=\"application\/ld+json\" class=\"yoast-schema-graph\">{\"@context\":\"https:\/\/schema.org\",\"@graph\":[{\"@type\":\"WebPage\",\"@id\":\"https:\/\/chateau-miglos.fr\/wordpress-test\/explorer\/chemin-dinterpretation\/ariejo-o-moun-pais\/\",\"url\":\"https:\/\/chateau-miglos.fr\/wordpress-test\/explorer\/chemin-dinterpretation\/ariejo-o-moun-pais\/\",\"name\":\"Ari\u00e8jo \u00f4 moun pa\u00efs - Ch\u00e2teau de Miglos\",\"isPartOf\":{\"@id\":\"https:\/\/chateau-miglos.fr\/wordpress-test\/#website\"},\"primaryImageOfPage\":{\"@id\":\"https:\/\/chateau-miglos.fr\/wordpress-test\/explorer\/chemin-dinterpretation\/ariejo-o-moun-pais\/#primaryimage\"},\"image\":{\"@id\":\"https:\/\/chateau-miglos.fr\/wordpress-test\/explorer\/chemin-dinterpretation\/ariejo-o-moun-pais\/#primaryimage\"},\"thumbnailUrl\":\"https:\/\/chateau-miglos.fr\/wordpress-test\/wp-content\/uploads\/2021\/07\/drapeau-espagnol-1024x574.png\",\"datePublished\":\"2020-03-19T23:47:53+00:00\",\"dateModified\":\"2023-04-06T20:03:51+00:00\",\"breadcrumb\":{\"@id\":\"https:\/\/chateau-miglos.fr\/wordpress-test\/explorer\/chemin-dinterpretation\/ariejo-o-moun-pais\/#breadcrumb\"},\"inLanguage\":\"fr-FR\",\"potentialAction\":[{\"@type\":\"ReadAction\",\"target\":[\"https:\/\/chateau-miglos.fr\/wordpress-test\/explorer\/chemin-dinterpretation\/ariejo-o-moun-pais\/\"]}]},{\"@type\":\"ImageObject\",\"inLanguage\":\"fr-FR\",\"@id\":\"https:\/\/chateau-miglos.fr\/wordpress-test\/explorer\/chemin-dinterpretation\/ariejo-o-moun-pais\/#primaryimage\",\"url\":\"https:\/\/chateau-miglos.fr\/wordpress-test\/wp-content\/uploads\/2021\/07\/drapeau-espagnol.png\",\"contentUrl\":\"https:\/\/chateau-miglos.fr\/wordpress-test\/wp-content\/uploads\/2021\/07\/drapeau-espagnol.png\",\"width\":1160,\"height\":650},{\"@type\":\"BreadcrumbList\",\"@id\":\"https:\/\/chateau-miglos.fr\/wordpress-test\/explorer\/chemin-dinterpretation\/ariejo-o-moun-pais\/#breadcrumb\",\"itemListElement\":[{\"@type\":\"ListItem\",\"position\":1,\"name\":\"Accueil\",\"item\":\"https:\/\/chateau-miglos.fr\/wordpress-test\/\"},{\"@type\":\"ListItem\",\"position\":2,\"name\":\"Explorer\",\"item\":\"https:\/\/chateau-miglos.fr\/wordpress-test\/explorer\/\"},{\"@type\":\"ListItem\",\"position\":3,\"name\":\"Chemin d&#8217;interpr\u00e9tation\",\"item\":\"https:\/\/chateau-miglos.fr\/wordpress-test\/explorer\/chemin-dinterpretation\/\"},{\"@type\":\"ListItem\",\"position\":4,\"name\":\"Ari\u00e8jo \u00f4 moun pa\u00efs\"}]},{\"@type\":\"WebSite\",\"@id\":\"https:\/\/chateau-miglos.fr\/wordpress-test\/#website\",\"url\":\"https:\/\/chateau-miglos.fr\/wordpress-test\/\",\"name\":\"Ch\u00e2teau de Miglos\",\"description\":\"une ch\u00e2teau, une vall\u00e9e\",\"publisher\":{\"@id\":\"https:\/\/chateau-miglos.fr\/wordpress-test\/#organization\"},\"potentialAction\":[{\"@type\":\"SearchAction\",\"target\":{\"@type\":\"EntryPoint\",\"urlTemplate\":\"https:\/\/chateau-miglos.fr\/wordpress-test\/?s={search_term_string}\"},\"query-input\":\"required name=search_term_string\"}],\"inLanguage\":\"fr-FR\"},{\"@type\":\"Organization\",\"@id\":\"https:\/\/chateau-miglos.fr\/wordpress-test\/#organization\",\"name\":\"Ch\u00e2teau de Miglos\",\"url\":\"https:\/\/chateau-miglos.fr\/wordpress-test\/\",\"logo\":{\"@type\":\"ImageObject\",\"inLanguage\":\"fr-FR\",\"@id\":\"https:\/\/chateau-miglos.fr\/wordpress-test\/#\/schema\/logo\/image\/\",\"url\":\"https:\/\/chateau-miglos.fr\/wordpress-test\/wp-content\/uploads\/2019\/06\/seul.png\",\"contentUrl\":\"https:\/\/chateau-miglos.fr\/wordpress-test\/wp-content\/uploads\/2019\/06\/seul.png\",\"width\":801,\"height\":705,\"caption\":\"Ch\u00e2teau de Miglos\"},\"image\":{\"@id\":\"https:\/\/chateau-miglos.fr\/wordpress-test\/#\/schema\/logo\/image\/\"},\"sameAs\":[\"https:\/\/www.facebook.com\/chateaudemiglos\/\",\"https:\/\/www.instagram.com\/chateaudemiglos\/\",\"https:\/\/www.youtube.com\/channel\/UC70FrOmo9xvq8eHCA4YTs9A\",\"https:\/\/fr.wikipedia.org\/wiki\/Ch\u00e2teau_de_Miglos\"]}]}<\/script>\n<!-- \/ Yoast SEO plugin. -->","yoast_head_json":{"title":"Ari\u00e8jo \u00f4 moun pa\u00efs - Ch\u00e2teau de Miglos","robots":{"index":"index","follow":"follow","max-snippet":"max-snippet:-1","max-image-preview":"max-image-preview:large","max-video-preview":"max-video-preview:-1"},"canonical":"https:\/\/chateau-miglos.fr\/wordpress-test\/explorer\/chemin-dinterpretation\/ariejo-o-moun-pais\/","og_locale":"fr_FR","og_type":"article","og_title":"Ari\u00e8jo \u00f4 moun pa\u00efs - Ch\u00e2teau de Miglos","og_description":"Nous avons enregistr\u00e9 \u00ab Ari\u00e8jo \u00f4 moun pa\u00efs \u00bb, chant\u00e9 par l\u2019ensemble Vocal \u00abUnisson\u00bb Chef de ch\u0153ur Jeanine Prosper Eglise Arquizat-Miglos \u2013 Samedi 9 avril 2016 L\u2019abb\u00e9 Sabas Maury est ...","og_url":"https:\/\/chateau-miglos.fr\/wordpress-test\/explorer\/chemin-dinterpretation\/ariejo-o-moun-pais\/","og_site_name":"Ch\u00e2teau de Miglos","article_publisher":"https:\/\/www.facebook.com\/chateaudemiglos\/","article_modified_time":"2023-04-06T20:03:51+00:00","og_image":[{"url":"https:\/\/chateau-miglos.fr\/wordpress-test\/wp-content\/uploads\/2021\/07\/drapeau-espagnol-1024x574.png"}],"twitter_card":"summary_large_image","twitter_misc":{"Dur\u00e9e de lecture estim\u00e9e":"3 minutes"},"schema":{"@context":"https:\/\/schema.org","@graph":[{"@type":"WebPage","@id":"https:\/\/chateau-miglos.fr\/wordpress-test\/explorer\/chemin-dinterpretation\/ariejo-o-moun-pais\/","url":"https:\/\/chateau-miglos.fr\/wordpress-test\/explorer\/chemin-dinterpretation\/ariejo-o-moun-pais\/","name":"Ari\u00e8jo \u00f4 moun pa\u00efs - Ch\u00e2teau de Miglos","isPartOf":{"@id":"https:\/\/chateau-miglos.fr\/wordpress-test\/#website"},"primaryImageOfPage":{"@id":"https:\/\/chateau-miglos.fr\/wordpress-test\/explorer\/chemin-dinterpretation\/ariejo-o-moun-pais\/#primaryimage"},"image":{"@id":"https:\/\/chateau-miglos.fr\/wordpress-test\/explorer\/chemin-dinterpretation\/ariejo-o-moun-pais\/#primaryimage"},"thumbnailUrl":"https:\/\/chateau-miglos.fr\/wordpress-test\/wp-content\/uploads\/2021\/07\/drapeau-espagnol-1024x574.png","datePublished":"2020-03-19T23:47:53+00:00","dateModified":"2023-04-06T20:03:51+00:00","breadcrumb":{"@id":"https:\/\/chateau-miglos.fr\/wordpress-test\/explorer\/chemin-dinterpretation\/ariejo-o-moun-pais\/#breadcrumb"},"inLanguage":"fr-FR","potentialAction":[{"@type":"ReadAction","target":["https:\/\/chateau-miglos.fr\/wordpress-test\/explorer\/chemin-dinterpretation\/ariejo-o-moun-pais\/"]}]},{"@type":"ImageObject","inLanguage":"fr-FR","@id":"https:\/\/chateau-miglos.fr\/wordpress-test\/explorer\/chemin-dinterpretation\/ariejo-o-moun-pais\/#primaryimage","url":"https:\/\/chateau-miglos.fr\/wordpress-test\/wp-content\/uploads\/2021\/07\/drapeau-espagnol.png","contentUrl":"https:\/\/chateau-miglos.fr\/wordpress-test\/wp-content\/uploads\/2021\/07\/drapeau-espagnol.png","width":1160,"height":650},{"@type":"BreadcrumbList","@id":"https:\/\/chateau-miglos.fr\/wordpress-test\/explorer\/chemin-dinterpretation\/ariejo-o-moun-pais\/#breadcrumb","itemListElement":[{"@type":"ListItem","position":1,"name":"Accueil","item":"https:\/\/chateau-miglos.fr\/wordpress-test\/"},{"@type":"ListItem","position":2,"name":"Explorer","item":"https:\/\/chateau-miglos.fr\/wordpress-test\/explorer\/"},{"@type":"ListItem","position":3,"name":"Chemin d&#8217;interpr\u00e9tation","item":"https:\/\/chateau-miglos.fr\/wordpress-test\/explorer\/chemin-dinterpretation\/"},{"@type":"ListItem","position":4,"name":"Ari\u00e8jo \u00f4 moun pa\u00efs"}]},{"@type":"WebSite","@id":"https:\/\/chateau-miglos.fr\/wordpress-test\/#website","url":"https:\/\/chateau-miglos.fr\/wordpress-test\/","name":"Ch\u00e2teau de Miglos","description":"une ch\u00e2teau, une vall\u00e9e","publisher":{"@id":"https:\/\/chateau-miglos.fr\/wordpress-test\/#organization"},"potentialAction":[{"@type":"SearchAction","target":{"@type":"EntryPoint","urlTemplate":"https:\/\/chateau-miglos.fr\/wordpress-test\/?s={search_term_string}"},"query-input":"required name=search_term_string"}],"inLanguage":"fr-FR"},{"@type":"Organization","@id":"https:\/\/chateau-miglos.fr\/wordpress-test\/#organization","name":"Ch\u00e2teau de Miglos","url":"https:\/\/chateau-miglos.fr\/wordpress-test\/","logo":{"@type":"ImageObject","inLanguage":"fr-FR","@id":"https:\/\/chateau-miglos.fr\/wordpress-test\/#\/schema\/logo\/image\/","url":"https:\/\/chateau-miglos.fr\/wordpress-test\/wp-content\/uploads\/2019\/06\/seul.png","contentUrl":"https:\/\/chateau-miglos.fr\/wordpress-test\/wp-content\/uploads\/2019\/06\/seul.png","width":801,"height":705,"caption":"Ch\u00e2teau de Miglos"},"image":{"@id":"https:\/\/chateau-miglos.fr\/wordpress-test\/#\/schema\/logo\/image\/"},"sameAs":["https:\/\/www.facebook.com\/chateaudemiglos\/","https:\/\/www.instagram.com\/chateaudemiglos\/","https:\/\/www.youtube.com\/channel\/UC70FrOmo9xvq8eHCA4YTs9A","https:\/\/fr.wikipedia.org\/wiki\/Ch\u00e2teau_de_Miglos"]}]}},"rttpg_featured_image_url":null,"rttpg_author":{"display_name":"AACM","author_link":"https:\/\/chateau-miglos.fr\/wordpress-test\/author\/aacm\/"},"rttpg_comment":0,"rttpg_category":null,"rttpg_excerpt":"Nous avons enregistr\u00e9 \u00ab Ari\u00e8jo \u00f4 moun pa\u00efs \u00bb, chant\u00e9 par l\u2019ensemble Vocal \u00abUnisson\u00bb Chef de ch\u0153ur Jeanine Prosper Eglise Arquizat-Miglos \u2013 Samedi 9 avril 2016 L\u2019abb\u00e9 Sabas Maury est ...","_links":{"self":[{"href":"https:\/\/chateau-miglos.fr\/wordpress-test\/wp-json\/wp\/v2\/pages\/5067"}],"collection":[{"href":"https:\/\/chateau-miglos.fr\/wordpress-test\/wp-json\/wp\/v2\/pages"}],"about":[{"href":"https:\/\/chateau-miglos.fr\/wordpress-test\/wp-json\/wp\/v2\/types\/page"}],"author":[{"embeddable":true,"href":"https:\/\/chateau-miglos.fr\/wordpress-test\/wp-json\/wp\/v2\/users\/2"}],"replies":[{"embeddable":true,"href":"https:\/\/chateau-miglos.fr\/wordpress-test\/wp-json\/wp\/v2\/comments?post=5067"}],"version-history":[{"count":32,"href":"https:\/\/chateau-miglos.fr\/wordpress-test\/wp-json\/wp\/v2\/pages\/5067\/revisions"}],"predecessor-version":[{"id":8448,"href":"https:\/\/chateau-miglos.fr\/wordpress-test\/wp-json\/wp\/v2\/pages\/5067\/revisions\/8448"}],"up":[{"embeddable":true,"href":"https:\/\/chateau-miglos.fr\/wordpress-test\/wp-json\/wp\/v2\/pages\/835"}],"wp:attachment":[{"href":"https:\/\/chateau-miglos.fr\/wordpress-test\/wp-json\/wp\/v2\/media?parent=5067"}],"curies":[{"name":"wp","href":"https:\/\/api.w.org\/{rel}","templated":true}]}}