{"id":491,"date":"2019-02-04T21:14:49","date_gmt":"2019-02-04T20:14:49","guid":{"rendered":"http:\/\/chateau-miglos.fr\/wordpress-test\/?page_id=491"},"modified":"2026-02-08T13:56:08","modified_gmt":"2026-02-08T12:56:08","slug":"adhesion-aux-amis-du-chateau-de-miglos","status":"publish","type":"page","link":"https:\/\/chateau-miglos.fr\/wordpress-test\/adhesion-aux-amis-du-chateau-de-miglos\/","title":{"rendered":"Bulletin adh\u00e9sion"},"content":{"rendered":"\n<h2 class=\"wp-block-heading\">Adh\u00e9sion 2026<\/h2>\n\n\n<div class=\"wp-block-image\">\n<figure class=\"aligncenter size-full is-resized\"><a href=\"https:\/\/chateau-miglos.fr\/wordpress-test\/wp-content\/uploads\/2026\/02\/Bulletin-ADHESION-AACM-pour-2026.pdf\" target=\"_blank\" rel=\"noopener\"><img loading=\"lazy\" decoding=\"async\" width=\"400\" height=\"566\" src=\"https:\/\/chateau-miglos.fr\/wordpress-test\/wp-content\/uploads\/2025\/03\/adhesion.jpg\" alt=\"\" class=\"wp-image-10266\" style=\"width:320px;height:auto\"\/><\/a><\/figure><\/div>\n\n\n<div class=\"wp-block-file\"><a id=\"wp-block-file--media-a8e31498-0667-4390-8d43-a39f8f61e7f1\" href=\"https:\/\/chateau-miglos.fr\/wordpress-test\/wp-content\/uploads\/2026\/02\/Bulletin-ADHESION-AACM-pour-2026.pdf\" target=\"_blank\" rel=\"noreferrer noopener\">Bulletin-ADHESION-AACM-pour-2026<\/a><a href=\"https:\/\/chateau-miglos.fr\/wordpress-test\/wp-content\/uploads\/2026\/02\/Bulletin-ADHESION-AACM-pour-2026.pdf\" class=\"wp-block-file__button wp-element-button\" download aria-describedby=\"wp-block-file--media-a8e31498-0667-4390-8d43-a39f8f61e7f1\">T\u00e9l\u00e9charger<\/a><\/div>\n\n\n\n<h2 class=\"wp-block-heading has-text-align-center\">Montant de la cotisation individuelle : 10 \u20ac<br><\/h2>\n\n\n\n<p class=\"has-text-align-center\"><strong>Association des Amis du Ch\u00e2teau de Miglos<\/strong><br>Mairie de Miglos &#8211; 09400 Miglos<br><\/p>\n\n\n\n<p><\/p>\n","protected":false},"excerpt":{"rendered":"<p>Adh\u00e9sion 2026 Montant de la cotisation individuelle : 10 \u20ac Association des Amis du Ch\u00e2teau de MiglosMairie de Miglos &#8211; 09400 Miglos<\/p>\n","protected":false},"author":2,"featured_media":7905,"parent":0,"menu_order":0,"comment_status":"closed","ping_status":"closed","template":"template-fullwidth.php","meta":{"ngg_post_thumbnail":0,"footnotes":""},"yoast_head":"<!-- This site is optimized with the Yoast SEO plugin v23.0 - https:\/\/yoast.com\/wordpress\/plugins\/seo\/ -->\n<title>Bulletin adh\u00e9sion - Ch\u00e2teau de Miglos<\/title>\n<meta name=\"description\" content=\"Votre adh\u00e9sion marque votre int\u00e9r\u00eat et votre soutien - Montant de la cotisation individuelle : 10 \u20ac\" \/>\n<meta name=\"robots\" content=\"index, follow, max-snippet:-1, max-image-preview:large, max-video-preview:-1\" \/>\n<link rel=\"canonical\" href=\"https:\/\/chateau-miglos.fr\/wordpress-test\/adhesion-aux-amis-du-chateau-de-miglos\/\" \/>\n<meta property=\"og:locale\" content=\"fr_FR\" \/>\n<meta property=\"og:type\" content=\"article\" \/>\n<meta property=\"og:title\" content=\"Adh\u00e9sion aux Amis du Ch\u00e2teau de Miglos\" \/>\n<meta property=\"og:description\" content=\"Votre adh\u00e9sion marque votre int\u00e9r\u00eat et votre soutien - Montant de la cotisation individuelle : 10 \u20ac\" \/>\n<meta property=\"og:url\" content=\"https:\/\/chateau-miglos.fr\/wordpress-test\/adhesion-aux-amis-du-chateau-de-miglos\/\" \/>\n<meta property=\"og:site_name\" content=\"Ch\u00e2teau de Miglos\" \/>\n<meta property=\"article:publisher\" content=\"https:\/\/www.facebook.com\/chateaudemiglos\/\" \/>\n<meta property=\"article:modified_time\" content=\"2026-02-08T12:56:08+00:00\" \/>\n<meta property=\"og:image\" content=\"https:\/\/chateau-miglos.fr\/wordpress-test\/wp-content\/uploads\/2022\/01\/avant-reseau-adhesion2022.jpg\" \/>\n\t<meta property=\"og:image:width\" content=\"1000\" \/>\n\t<meta property=\"og:image:height\" content=\"520\" \/>\n\t<meta property=\"og:image:type\" content=\"image\/jpeg\" \/>\n<meta name=\"twitter:card\" content=\"summary_large_image\" \/>\n<meta name=\"twitter:title\" content=\"Adh\u00e9sion aux Amis du Ch\u00e2teau de Miglos\" \/>\n<meta name=\"twitter:description\" content=\"Votre adh\u00e9sion marque votre int\u00e9r\u00eat et votre soutien - Montant de la cotisation individuelle : 10 \u20ac\" \/>\n<meta name=\"twitter:image\" content=\"https:\/\/chateau-miglos.fr\/wordpress-test\/wp-content\/uploads\/2022\/01\/avant-reseau-adhesion2022.jpg\" \/>\n<meta name=\"twitter:label1\" content=\"Dur\u00e9e de lecture estim\u00e9e\" \/>\n\t<meta name=\"twitter:data1\" content=\"1 minute\" \/>\n<script type=\"application\/ld+json\" class=\"yoast-schema-graph\">{\"@context\":\"https:\/\/schema.org\",\"@graph\":[{\"@type\":\"WebPage\",\"@id\":\"https:\/\/chateau-miglos.fr\/wordpress-test\/adhesion-aux-amis-du-chateau-de-miglos\/\",\"url\":\"https:\/\/chateau-miglos.fr\/wordpress-test\/adhesion-aux-amis-du-chateau-de-miglos\/\",\"name\":\"Bulletin adh\u00e9sion - Ch\u00e2teau de Miglos\",\"isPartOf\":{\"@id\":\"https:\/\/chateau-miglos.fr\/wordpress-test\/#website\"},\"primaryImageOfPage\":{\"@id\":\"https:\/\/chateau-miglos.fr\/wordpress-test\/adhesion-aux-amis-du-chateau-de-miglos\/#primaryimage\"},\"image\":{\"@id\":\"https:\/\/chateau-miglos.fr\/wordpress-test\/adhesion-aux-amis-du-chateau-de-miglos\/#primaryimage\"},\"thumbnailUrl\":\"https:\/\/chateau-miglos.fr\/wordpress-test\/wp-content\/uploads\/2022\/01\/avant-reseau-adhesion2022-s.jpg\",\"datePublished\":\"2019-02-04T20:14:49+00:00\",\"dateModified\":\"2026-02-08T12:56:08+00:00\",\"description\":\"Votre adh\u00e9sion marque votre int\u00e9r\u00eat et votre soutien - Montant de la cotisation individuelle : 10 \u20ac\",\"breadcrumb\":{\"@id\":\"https:\/\/chateau-miglos.fr\/wordpress-test\/adhesion-aux-amis-du-chateau-de-miglos\/#breadcrumb\"},\"inLanguage\":\"fr-FR\",\"potentialAction\":[{\"@type\":\"ReadAction\",\"target\":[\"https:\/\/chateau-miglos.fr\/wordpress-test\/adhesion-aux-amis-du-chateau-de-miglos\/\"]}]},{\"@type\":\"ImageObject\",\"inLanguage\":\"fr-FR\",\"@id\":\"https:\/\/chateau-miglos.fr\/wordpress-test\/adhesion-aux-amis-du-chateau-de-miglos\/#primaryimage\",\"url\":\"https:\/\/chateau-miglos.fr\/wordpress-test\/wp-content\/uploads\/2022\/01\/avant-reseau-adhesion2022-s.jpg\",\"contentUrl\":\"https:\/\/chateau-miglos.fr\/wordpress-test\/wp-content\/uploads\/2022\/01\/avant-reseau-adhesion2022-s.jpg\",\"width\":1000,\"height\":520},{\"@type\":\"BreadcrumbList\",\"@id\":\"https:\/\/chateau-miglos.fr\/wordpress-test\/adhesion-aux-amis-du-chateau-de-miglos\/#breadcrumb\",\"itemListElement\":[{\"@type\":\"ListItem\",\"position\":1,\"name\":\"Accueil\",\"item\":\"https:\/\/chateau-miglos.fr\/wordpress-test\/\"},{\"@type\":\"ListItem\",\"position\":2,\"name\":\"Bulletin adh\u00e9sion\"}]},{\"@type\":\"WebSite\",\"@id\":\"https:\/\/chateau-miglos.fr\/wordpress-test\/#website\",\"url\":\"https:\/\/chateau-miglos.fr\/wordpress-test\/\",\"name\":\"Ch\u00e2teau de Miglos\",\"description\":\"une ch\u00e2teau, une vall\u00e9e\",\"publisher\":{\"@id\":\"https:\/\/chateau-miglos.fr\/wordpress-test\/#organization\"},\"potentialAction\":[{\"@type\":\"SearchAction\",\"target\":{\"@type\":\"EntryPoint\",\"urlTemplate\":\"https:\/\/chateau-miglos.fr\/wordpress-test\/?s={search_term_string}\"},\"query-input\":\"required name=search_term_string\"}],\"inLanguage\":\"fr-FR\"},{\"@type\":\"Organization\",\"@id\":\"https:\/\/chateau-miglos.fr\/wordpress-test\/#organization\",\"name\":\"Ch\u00e2teau de Miglos\",\"url\":\"https:\/\/chateau-miglos.fr\/wordpress-test\/\",\"logo\":{\"@type\":\"ImageObject\",\"inLanguage\":\"fr-FR\",\"@id\":\"https:\/\/chateau-miglos.fr\/wordpress-test\/#\/schema\/logo\/image\/\",\"url\":\"https:\/\/chateau-miglos.fr\/wordpress-test\/wp-content\/uploads\/2019\/06\/seul.png\",\"contentUrl\":\"https:\/\/chateau-miglos.fr\/wordpress-test\/wp-content\/uploads\/2019\/06\/seul.png\",\"width\":801,\"height\":705,\"caption\":\"Ch\u00e2teau de Miglos\"},\"image\":{\"@id\":\"https:\/\/chateau-miglos.fr\/wordpress-test\/#\/schema\/logo\/image\/\"},\"sameAs\":[\"https:\/\/www.facebook.com\/chateaudemiglos\/\",\"https:\/\/www.instagram.com\/chateaudemiglos\/\",\"https:\/\/www.youtube.com\/channel\/UC70FrOmo9xvq8eHCA4YTs9A\",\"https:\/\/fr.wikipedia.org\/wiki\/Ch\u00e2teau_de_Miglos\"]}]}<\/script>\n<!-- \/ Yoast SEO plugin. -->","yoast_head_json":{"title":"Bulletin adh\u00e9sion - Ch\u00e2teau de Miglos","description":"Votre adh\u00e9sion marque votre int\u00e9r\u00eat et votre soutien - Montant de la cotisation individuelle : 10 \u20ac","robots":{"index":"index","follow":"follow","max-snippet":"max-snippet:-1","max-image-preview":"max-image-preview:large","max-video-preview":"max-video-preview:-1"},"canonical":"https:\/\/chateau-miglos.fr\/wordpress-test\/adhesion-aux-amis-du-chateau-de-miglos\/","og_locale":"fr_FR","og_type":"article","og_title":"Adh\u00e9sion aux Amis du Ch\u00e2teau de Miglos","og_description":"Votre adh\u00e9sion marque votre int\u00e9r\u00eat et votre soutien - Montant de la cotisation individuelle : 10 \u20ac","og_url":"https:\/\/chateau-miglos.fr\/wordpress-test\/adhesion-aux-amis-du-chateau-de-miglos\/","og_site_name":"Ch\u00e2teau de Miglos","article_publisher":"https:\/\/www.facebook.com\/chateaudemiglos\/","article_modified_time":"2026-02-08T12:56:08+00:00","og_image":[{"width":1000,"height":520,"url":"https:\/\/chateau-miglos.fr\/wordpress-test\/wp-content\/uploads\/2022\/01\/avant-reseau-adhesion2022.jpg","type":"image\/jpeg"}],"twitter_card":"summary_large_image","twitter_title":"Adh\u00e9sion aux Amis du Ch\u00e2teau de Miglos","twitter_description":"Votre adh\u00e9sion marque votre int\u00e9r\u00eat et votre soutien - Montant de la cotisation individuelle : 10 \u20ac","twitter_image":"https:\/\/chateau-miglos.fr\/wordpress-test\/wp-content\/uploads\/2022\/01\/avant-reseau-adhesion2022.jpg","twitter_misc":{"Dur\u00e9e de lecture estim\u00e9e":"1 minute"},"schema":{"@context":"https:\/\/schema.org","@graph":[{"@type":"WebPage","@id":"https:\/\/chateau-miglos.fr\/wordpress-test\/adhesion-aux-amis-du-chateau-de-miglos\/","url":"https:\/\/chateau-miglos.fr\/wordpress-test\/adhesion-aux-amis-du-chateau-de-miglos\/","name":"Bulletin adh\u00e9sion - Ch\u00e2teau de Miglos","isPartOf":{"@id":"https:\/\/chateau-miglos.fr\/wordpress-test\/#website"},"primaryImageOfPage":{"@id":"https:\/\/chateau-miglos.fr\/wordpress-test\/adhesion-aux-amis-du-chateau-de-miglos\/#primaryimage"},"image":{"@id":"https:\/\/chateau-miglos.fr\/wordpress-test\/adhesion-aux-amis-du-chateau-de-miglos\/#primaryimage"},"thumbnailUrl":"https:\/\/chateau-miglos.fr\/wordpress-test\/wp-content\/uploads\/2022\/01\/avant-reseau-adhesion2022-s.jpg","datePublished":"2019-02-04T20:14:49+00:00","dateModified":"2026-02-08T12:56:08+00:00","description":"Votre adh\u00e9sion marque votre int\u00e9r\u00eat et votre soutien - Montant de la cotisation individuelle : 10 \u20ac","breadcrumb":{"@id":"https:\/\/chateau-miglos.fr\/wordpress-test\/adhesion-aux-amis-du-chateau-de-miglos\/#breadcrumb"},"inLanguage":"fr-FR","potentialAction":[{"@type":"ReadAction","target":["https:\/\/chateau-miglos.fr\/wordpress-test\/adhesion-aux-amis-du-chateau-de-miglos\/"]}]},{"@type":"ImageObject","inLanguage":"fr-FR","@id":"https:\/\/chateau-miglos.fr\/wordpress-test\/adhesion-aux-amis-du-chateau-de-miglos\/#primaryimage","url":"https:\/\/chateau-miglos.fr\/wordpress-test\/wp-content\/uploads\/2022\/01\/avant-reseau-adhesion2022-s.jpg","contentUrl":"https:\/\/chateau-miglos.fr\/wordpress-test\/wp-content\/uploads\/2022\/01\/avant-reseau-adhesion2022-s.jpg","width":1000,"height":520},{"@type":"BreadcrumbList","@id":"https:\/\/chateau-miglos.fr\/wordpress-test\/adhesion-aux-amis-du-chateau-de-miglos\/#breadcrumb","itemListElement":[{"@type":"ListItem","position":1,"name":"Accueil","item":"https:\/\/chateau-miglos.fr\/wordpress-test\/"},{"@type":"ListItem","position":2,"name":"Bulletin adh\u00e9sion"}]},{"@type":"WebSite","@id":"https:\/\/chateau-miglos.fr\/wordpress-test\/#website","url":"https:\/\/chateau-miglos.fr\/wordpress-test\/","name":"Ch\u00e2teau de Miglos","description":"une ch\u00e2teau, une vall\u00e9e","publisher":{"@id":"https:\/\/chateau-miglos.fr\/wordpress-test\/#organization"},"potentialAction":[{"@type":"SearchAction","target":{"@type":"EntryPoint","urlTemplate":"https:\/\/chateau-miglos.fr\/wordpress-test\/?s={search_term_string}"},"query-input":"required name=search_term_string"}],"inLanguage":"fr-FR"},{"@type":"Organization","@id":"https:\/\/chateau-miglos.fr\/wordpress-test\/#organization","name":"Ch\u00e2teau de Miglos","url":"https:\/\/chateau-miglos.fr\/wordpress-test\/","logo":{"@type":"ImageObject","inLanguage":"fr-FR","@id":"https:\/\/chateau-miglos.fr\/wordpress-test\/#\/schema\/logo\/image\/","url":"https:\/\/chateau-miglos.fr\/wordpress-test\/wp-content\/uploads\/2019\/06\/seul.png","contentUrl":"https:\/\/chateau-miglos.fr\/wordpress-test\/wp-content\/uploads\/2019\/06\/seul.png","width":801,"height":705,"caption":"Ch\u00e2teau de Miglos"},"image":{"@id":"https:\/\/chateau-miglos.fr\/wordpress-test\/#\/schema\/logo\/image\/"},"sameAs":["https:\/\/www.facebook.com\/chateaudemiglos\/","https:\/\/www.instagram.com\/chateaudemiglos\/","https:\/\/www.youtube.com\/channel\/UC70FrOmo9xvq8eHCA4YTs9A","https:\/\/fr.wikipedia.org\/wiki\/Ch\u00e2teau_de_Miglos"]}]}},"rttpg_featured_image_url":{"full":["https:\/\/chateau-miglos.fr\/wordpress-test\/wp-content\/uploads\/2022\/01\/avant-reseau-adhesion2022-s.jpg",1000,520,false],"landscape":["https:\/\/chateau-miglos.fr\/wordpress-test\/wp-content\/uploads\/2022\/01\/avant-reseau-adhesion2022-s.jpg",1000,520,false],"portraits":["https:\/\/chateau-miglos.fr\/wordpress-test\/wp-content\/uploads\/2022\/01\/avant-reseau-adhesion2022-s.jpg",1000,520,false],"thumbnail":["https:\/\/chateau-miglos.fr\/wordpress-test\/wp-content\/uploads\/2022\/01\/avant-reseau-adhesion2022-s-150x150.jpg",150,150,true],"medium":["https:\/\/chateau-miglos.fr\/wordpress-test\/wp-content\/uploads\/2022\/01\/avant-reseau-adhesion2022-s-300x156.jpg",300,156,true],"large":["https:\/\/chateau-miglos.fr\/wordpress-test\/wp-content\/uploads\/2022\/01\/avant-reseau-adhesion2022-s.jpg",800,416,false],"1536x1536":["https:\/\/chateau-miglos.fr\/wordpress-test\/wp-content\/uploads\/2022\/01\/avant-reseau-adhesion2022-s.jpg",1000,520,false],"2048x2048":["https:\/\/chateau-miglos.fr\/wordpress-test\/wp-content\/uploads\/2022\/01\/avant-reseau-adhesion2022-s.jpg",1000,520,false],"onepress-blog-small":["https:\/\/chateau-miglos.fr\/wordpress-test\/wp-content\/uploads\/2022\/01\/avant-reseau-adhesion2022-s-300x150.jpg",300,150,true],"onepress-small":["https:\/\/chateau-miglos.fr\/wordpress-test\/wp-content\/uploads\/2022\/01\/avant-reseau-adhesion2022-s-480x300.jpg",480,300,true],"onepress-medium":["https:\/\/chateau-miglos.fr\/wordpress-test\/wp-content\/uploads\/2022\/01\/avant-reseau-adhesion2022-s-640x400.jpg",640,400,true],"sow-carousel-default":["https:\/\/chateau-miglos.fr\/wordpress-test\/wp-content\/uploads\/2022\/01\/avant-reseau-adhesion2022-s-272x182.jpg",272,182,true]},"rttpg_author":{"display_name":"AACM","author_link":"https:\/\/chateau-miglos.fr\/wordpress-test\/author\/aacm\/"},"rttpg_comment":0,"rttpg_category":null,"rttpg_excerpt":"Adh\u00e9sion 2026 Montant de la cotisation individuelle : 10 \u20ac Association des Amis du Ch\u00e2teau de MiglosMairie de Miglos &#8211; 09400 Miglos","_links":{"self":[{"href":"https:\/\/chateau-miglos.fr\/wordpress-test\/wp-json\/wp\/v2\/pages\/491"}],"collection":[{"href":"https:\/\/chateau-miglos.fr\/wordpress-test\/wp-json\/wp\/v2\/pages"}],"about":[{"href":"https:\/\/chateau-miglos.fr\/wordpress-test\/wp-json\/wp\/v2\/types\/page"}],"author":[{"embeddable":true,"href":"https:\/\/chateau-miglos.fr\/wordpress-test\/wp-json\/wp\/v2\/users\/2"}],"replies":[{"embeddable":true,"href":"https:\/\/chateau-miglos.fr\/wordpress-test\/wp-json\/wp\/v2\/comments?post=491"}],"version-history":[{"count":8,"href":"https:\/\/chateau-miglos.fr\/wordpress-test\/wp-json\/wp\/v2\/pages\/491\/revisions"}],"predecessor-version":[{"id":10310,"href":"https:\/\/chateau-miglos.fr\/wordpress-test\/wp-json\/wp\/v2\/pages\/491\/revisions\/10310"}],"wp:featuredmedia":[{"embeddable":true,"href":"https:\/\/chateau-miglos.fr\/wordpress-test\/wp-json\/wp\/v2\/media\/7905"}],"wp:attachment":[{"href":"https:\/\/chateau-miglos.fr\/wordpress-test\/wp-json\/wp\/v2\/media?parent=491"}],"curies":[{"name":"wp","href":"https:\/\/api.w.org\/{rel}","templated":true}]}}