{"id":466,"date":"2019-02-04T20:42:32","date_gmt":"2019-02-04T19:42:32","guid":{"rendered":"http:\/\/chateau-miglos.fr\/wordpress-test\/?page_id=466"},"modified":"2026-02-08T13:57:27","modified_gmt":"2026-02-08T12:57:27","slug":"association","status":"publish","type":"page","link":"https:\/\/chateau-miglos.fr\/wordpress-test\/association\/","title":{"rendered":"L&#8217;Association"},"content":{"rendered":"\n<p class=\"has-very-dark-gray-color has-text-color has-medium-font-size\"><strong>L\u2019Association des Amis du Ch\u00e2teau de Miglos, a \u00e9t\u00e9 cr\u00e9\u00e9e en 1987.<\/strong><br> Elle a son si\u00e8ge social \u00e0 la Mairie de MIGLOS (09400).<\/p>\n\n\n<div class=\"wp-block-image\">\n<figure class=\"alignleft size-medium is-resized\"><img loading=\"lazy\" decoding=\"async\" width=\"300\" height=\"198\" src=\"https:\/\/chateau-miglos.fr\/wordpress-test\/wp-content\/uploads\/2019\/07\/2logos-s-1-300x198.png\" alt=\"Les 2 logos\" class=\"wp-image-4074\" style=\"width:225px;height:149px\"\/><\/figure><\/div>\n\n\n<p class=\"has-very-dark-gray-color has-text-color\">En 1991, un appel \u00e0 projet est lanc\u00e9 aupr\u00e8s des adh\u00e9rents. Le dessin de Robert Milan a \u00e9t\u00e9 retenu, parmi les 5 qui ont \u00e9t\u00e9 pr\u00e9sent\u00e9s au bureau de l&#8217;association.<br> En 1992, ce dessin fut inscrit \u00e0 l&#8217;int\u00e9rieur d&#8217;un \u00e9cu armorial par G\u00e9rard Lafuente pour la cr\u00e9ation d&#8217;un Pin&#8217;s.  Il deviendra d\u00e8s lors le logo de l&#8217;A.A.C.M.<br>Le nombre d\u2019adh\u00e9rents est en moyenne de 160. <\/p>\n\n\n<div class=\"wp-block-image\">\n<figure class=\"aligncenter size-full is-resized\"><a href=\"https:\/\/chateau-miglos.fr\/wordpress-test\/wp-content\/uploads\/2026\/02\/Bulletin-ADHESION-AACM-pour-2026.pdf\" target=\"_blank\" rel=\"noopener\"><img loading=\"lazy\" decoding=\"async\" width=\"400\" height=\"566\" src=\"https:\/\/chateau-miglos.fr\/wordpress-test\/wp-content\/uploads\/2025\/03\/adhesion.jpg\" alt=\"\" class=\"wp-image-10266\" style=\"width:200px;height:283px\"\/><\/a><\/figure><\/div>\n\n\n<div class=\"wp-block-file\"><a id=\"wp-block-file--media-a8e31498-0667-4390-8d43-a39f8f61e7f1\" href=\"https:\/\/chateau-miglos.fr\/wordpress-test\/wp-content\/uploads\/2026\/02\/Bulletin-ADHESION-AACM-pour-2026.pdf\" target=\"_blank\" rel=\"noreferrer noopener\">Bulletin-ADHESION-AACM-pour-2026<\/a><a href=\"https:\/\/chateau-miglos.fr\/wordpress-test\/wp-content\/uploads\/2026\/02\/Bulletin-ADHESION-AACM-pour-2026.pdf\" class=\"wp-block-file__button wp-element-button\" download aria-describedby=\"wp-block-file--media-a8e31498-0667-4390-8d43-a39f8f61e7f1\">T\u00e9l\u00e9charger<\/a><\/div>\n\n\n\n<p class=\"has-very-dark-gray-color has-text-color\">L\u2019Association s\u2019est fix\u00e9 pour objectif de sauvegarder les vestiges de la forteresse m\u00e9di\u00e9vale et de mettre le site en valeur, en apportant son concours aux autorit\u00e9s comp\u00e9tentes. Le site \u00e9tant l\u2019objet de la protection des &#8220;Monuments Historiques&#8221; les op\u00e9rations de simple d\u00e9broussaillage sont l\u2019affaire de sp\u00e9cialistes et les bonnes volont\u00e9s n\u2019ont pu donner toute leur mesure\u2026   <\/p>\n\n\n\n<figure class=\"wp-block-image alignwide size-large\"><a href=\"https:\/\/chateau-miglos.fr\/wordpress-test\/partenaires\/\"><img loading=\"lazy\" decoding=\"async\" width=\"1024\" height=\"93\" src=\"https:\/\/chateau-miglos.fr\/wordpress-test\/wp-content\/uploads\/2022\/01\/bandeau-logos-chemin-1024x93.png\" alt=\"\" class=\"wp-image-7931\"\/><\/a><\/figure>\n\n\n\n<p class=\"has-very-dark-gray-color has-text-color\">Parall\u00e8lement l\u2019A.A.C.M s\u2019inscrit dans la d\u00e9marche de d\u00e9veloppement touristique de la <strong>Communaut\u00e9 de Communes &#8220;Pays de Tarascon&#8221;.<\/strong><br>En effet elle organise r\u00e9guli\u00e8rement, en \u00e9t\u00e9, des veill\u00e9es au pied du ch\u00e2teau illumin\u00e9 pour la circonstance, veill\u00e9es au cours desquelles se produisent chanteurs, chorales ou conteurs pyr\u00e9n\u00e9ens\u2026<br> Elle participe aussi tous les ans en septembre <strong>aux Journ\u00e9es du Patrimoine.<\/strong><\/p>\n\n\n\n<p class=\"has-very-dark-gray-color has-text-color\">Depuis sa cr\u00e9ation, la premi\u00e8re priorit\u00e9 de l&#8217;Association consiste \u00e0 embellir le site du Ch\u00e2teau.<br> Le <strong>Conseil D\u00e9partemental<\/strong> fait d\u00e9broussailler et nettoyer enti\u00e8rement le ch\u00e2teau, durant l&#8217;hiver, par l&#8217;Association &#8220;Vall\u00e9es, Villages, Montagnes&#8221;.<\/p>\n\n\n\n<p class=\"has-very-dark-gray-color has-text-color\">L&#8217;AACM, assure le confort et la s\u00e9curit\u00e9 des nombreux visiteurs qui fr\u00e9quentent le site, elle a pris \u00e0 sa charge la r\u00e9fection de l&#8217;acc\u00e8s au Ch\u00e2teau (mont\u00e9e \u00e9quip\u00e9e de marches et d&#8217;un garde-corps, en pin trait\u00e9 autoclave), table pique-nique, panneau d&#8217;affichage et table d&#8217;orientation r\u00e9pertoriant les sites remarquables qui s&#8217;offrent \u00e0 la vue du visiteur.<\/p>\n\n\n<div class=\"wp-block-image\">\n<figure class=\"aligncenter size-large is-resized\"><a href=\"https:\/\/chateau-miglos.fr\/wordpress-test\/wp-content\/uploads\/2021\/03\/table-orientation-b-1.png\" data-rel=\"lightbox-gallery-L7DQLU2J\" data-rl_title=\"La table d&#8217;orientation en lave de Volvic \u00e9maill\u00e9e et vitrifi\u00e9e Juillet 1999 &#8211; AACM\" data-rl_caption=\"\" title=\"La table d&#8217;orientation en lave de Volvic \u00e9maill\u00e9e et vitrifi\u00e9e Juillet 1999 &#8211; AACM\"><img loading=\"lazy\" decoding=\"async\" width=\"1024\" height=\"592\" src=\"https:\/\/chateau-miglos.fr\/wordpress-test\/wp-content\/uploads\/2021\/03\/table-orientation-b-1-1024x592.png\" alt=\"\" class=\"wp-image-6304\" style=\"width:768px;height:444px\"\/><\/a><\/figure><\/div>\n\n\n<figure class=\"wp-block-gallery has-nested-images columns-4 is-cropped wp-block-gallery-1 is-layout-flex wp-block-gallery-is-layout-flex\">\n<figure class=\"wp-block-image size-large\"><a href=\"https:\/\/chateau-miglos.fr\/wordpress-test\/wp-content\/uploads\/2019\/05\/assoc1.jpg\" data-rel=\"lightbox-gallery-L7DQLU2J\" data-rl_title=\"La table d&#8217;orientation en lave de Volvic \u00e9maill\u00e9e et vitrifi\u00e9e 1999- photo G-L\" data-rl_caption=\"\" title=\"La table d&#8217;orientation en lave de Volvic \u00e9maill\u00e9e et vitrifi\u00e9e 1999- photo G-L\"><img loading=\"lazy\" decoding=\"async\" width=\"780\" height=\"511\" data-id=\"1370\" src=\"https:\/\/chateau-miglos.fr\/wordpress-test\/wp-content\/uploads\/2019\/05\/assoc1.jpg\" alt=\"La table d'orientation en lave de Volvic \u00e9maill\u00e9e et vitrifi\u00e9e 1999- photo G-L\" class=\"wp-image-1370\"\/><\/a><\/figure>\n\n\n\n<figure class=\"wp-block-image size-large\"><a href=\"https:\/\/chateau-miglos.fr\/wordpress-test\/wp-content\/uploads\/2019\/05\/assoc2.jpg\" data-rel=\"lightbox-gallery-L7DQLU2J\" data-rl_title=\"Ancien \u00e9quipement marches et d&#8217;un garde-corps- photo G-L\" data-rl_caption=\"\" title=\"Ancien \u00e9quipement marches et d&#8217;un garde-corps- photo G-L\"><img loading=\"lazy\" decoding=\"async\" width=\"640\" height=\"480\" data-id=\"1371\" src=\"https:\/\/chateau-miglos.fr\/wordpress-test\/wp-content\/uploads\/2019\/05\/assoc2.jpg\" alt=\"Ancien \u00e9quipement marches et d'un garde-corps- photo G-L\" class=\"wp-image-1371\"\/><\/a><\/figure>\n\n\n\n<figure class=\"wp-block-image size-large\"><a href=\"https:\/\/chateau-miglos.fr\/wordpress-test\/wp-content\/uploads\/2019\/05\/assoc3.jpg\" data-rel=\"lightbox-gallery-L7DQLU2J\" data-rl_title=\"Tables de pique-nique et panneau d&#8217;informations &#8211; photo G-L\" data-rl_caption=\"\" title=\"Tables de pique-nique et panneau d&#8217;informations &#8211; photo G-L\"><img loading=\"lazy\" decoding=\"async\" width=\"640\" height=\"480\" data-id=\"1372\" src=\"https:\/\/chateau-miglos.fr\/wordpress-test\/wp-content\/uploads\/2019\/05\/assoc3.jpg\" alt=\"Tables de pique-nique et panneau d'informations - photo G-L\" class=\"wp-image-1372\"\/><\/a><\/figure>\n\n\n\n<figure class=\"wp-block-image size-large\"><a href=\"https:\/\/chateau-miglos.fr\/wordpress-test\/wp-content\/uploads\/2019\/07\/2logos-s-1.png\" data-rel=\"lightbox-gallery-L7DQLU2J\" data-rl_title=\"Les 2 logos\" data-rl_caption=\"\" title=\"Les 2 logos\"><img loading=\"lazy\" decoding=\"async\" width=\"1024\" height=\"676\" data-id=\"4074\" src=\"https:\/\/chateau-miglos.fr\/wordpress-test\/wp-content\/uploads\/2019\/07\/2logos-s-1-1024x676.png\" alt=\"Les 2 logos\" class=\"wp-image-4074\"\/><\/a><\/figure>\n<\/figure>\n\n\n\n<p class=\"has-very-dark-gray-color has-text-color\">Ce faisant, elle participe \u00e0 la renomm\u00e9e de la vall\u00e9e de Miglos, qui s\u2019enorgueillit d\u2019un riche patrimoine : \u00e9glise romane d\u2019Arquizat du XI\u00e8me si\u00e8cle, \u00e9glise de Norgeat \u00e9difi\u00e9e au milieu du XIX\u00e8me si\u00e8cle ou encore la grotte fortifi\u00e9e de Baychon &#8220;Spoulga&#8221;. La disparition documentaire du site \u00e0 partir du milieu du XIVe si\u00e8cle est r\u00e9v\u00e9latrice du d\u00e9sengagement des comtes d\u00e9sormais surtout vicomtes de B\u00e9arn et notamment de F\u00e9bus qui d\u00e9sengage les anciennes forteresses comtales co\u00fbteuses, et d\u00e9sormais inutiles, car le Sabart\u00e8s cesse d\u2019\u00eatre un point fort des possessions comtales et que les pratiques comtales s\u2019orientent plus vers le client\u00e9lisme. Le nombre d\u2019ouvrages se r\u00e9duit rapidement et se concentre en B\u00e9arn, entre le B\u00e9arn et le comt\u00e9 de Foix, ou \u00e0 l\u2019aval du comt\u00e9 de Foix.<\/p>\n\n\n\n<p class=\"has-very-dark-gray-color has-text-color\"><strong>Les membres du Bureau actuel:<\/strong><\/p>\n\n\n\n<p>Pr\u00e9sident : M. Jo\u00ebl GARDES<br>Secr\u00e9taire : M. Dimitri de Andolenko<br>Tr\u00e9sorier : M. Michel Koleck<\/p>\n\n\n\n<p class=\"has-text-align-center has-very-dark-gray-color has-text-color\"><strong>Association des Amis du Ch\u00e2teau de Miglos<\/strong><\/p>\n\n\n\n<p class=\"has-text-align-center has-very-dark-gray-color has-text-color\">200 Route du Ch\u00e2teau<br>Arquizat<br>Mairie de Miglos<br>09400 Miglos<\/p>\n\n\n<div class=\"wp-block-image\">\n<figure class=\"aligncenter size-large is-resized\"><a href=\"https:\/\/chateau-miglos.fr\/wordpress-test\/contact\/\"><img loading=\"lazy\" decoding=\"async\" width=\"610\" height=\"130\" src=\"https:\/\/chateau-miglos.fr\/wordpress-test\/wp-content\/uploads\/2020\/03\/mail.gif\" alt=\"\" class=\"wp-image-5030\" style=\"width:305px;height:65px\"\/><\/a><\/figure><\/div>\n\n<div class=\"wp-block-image\">\n<figure class=\"aligncenter is-resized\"><a href=\"https:\/\/www.facebook.com\/chateaudemiglos\/\" target=\"_blank\" rel=\"noreferrer noopener\"><img loading=\"lazy\" decoding=\"async\" width=\"227\" height=\"300\" src=\"http:\/\/chateau-miglos.fr\/wordpress-test\/wp-content\/uploads\/2019\/05\/logo-assoc-227x300.jpg\" alt=\"logo AACM\" class=\"wp-image-1494\" style=\"width:114px;height:150px\"\/><\/a><\/figure><\/div>\n\n<div class=\"wp-block-image\">\n<figure class=\"aligncenter is-resized\"><a href=\"https:\/\/www.facebook.com\/chateaudemiglos\/\" target=\"_blank\" rel=\"noreferrer noopener\"><img loading=\"lazy\" decoding=\"async\" width=\"330\" height=\"122\" src=\"http:\/\/chateau-miglos.fr\/wordpress-test\/wp-content\/uploads\/2019\/05\/facebook.jpg\" alt=\"Facebook\" class=\"wp-image-1497\" style=\"width:165px;height:61px\"\/><\/a><\/figure><\/div>","protected":false},"excerpt":{"rendered":"<p>L\u2019Association des Amis du Ch\u00e2teau de Miglos, a \u00e9t\u00e9 cr\u00e9\u00e9e en 1987. Elle a son si\u00e8ge social \u00e0 la Mairie de MIGLOS (09400). En 1991, un appel \u00e0 projet est &#8230;<\/p>\n","protected":false},"author":2,"featured_media":4152,"parent":0,"menu_order":0,"comment_status":"closed","ping_status":"closed","template":"template-fullwidth.php","meta":{"ngg_post_thumbnail":0,"footnotes":""},"yoast_head":"<!-- This site is optimized with the Yoast SEO plugin v23.0 - https:\/\/yoast.com\/wordpress\/plugins\/seo\/ -->\n<title>L&#039;Association - Ch\u00e2teau de Miglos<\/title>\n<meta name=\"robots\" content=\"index, follow, max-snippet:-1, max-image-preview:large, max-video-preview:-1\" \/>\n<link rel=\"canonical\" href=\"https:\/\/chateau-miglos.fr\/wordpress-test\/association\/\" \/>\n<meta property=\"og:locale\" content=\"fr_FR\" \/>\n<meta property=\"og:type\" content=\"article\" \/>\n<meta property=\"og:title\" content=\"L&#039;Association - Ch\u00e2teau de Miglos\" \/>\n<meta property=\"og:description\" content=\"L\u2019Association des Amis du Ch\u00e2teau de Miglos, a \u00e9t\u00e9 cr\u00e9\u00e9e en 1987. Elle a son si\u00e8ge social \u00e0 la Mairie de MIGLOS (09400). En 1991, un appel \u00e0 projet est ...\" \/>\n<meta property=\"og:url\" content=\"https:\/\/chateau-miglos.fr\/wordpress-test\/association\/\" \/>\n<meta property=\"og:site_name\" content=\"Ch\u00e2teau de Miglos\" \/>\n<meta property=\"article:publisher\" content=\"https:\/\/www.facebook.com\/chateaudemiglos\/\" \/>\n<meta property=\"article:modified_time\" content=\"2026-02-08T12:57:27+00:00\" \/>\n<meta property=\"og:image\" content=\"https:\/\/chateau-miglos.fr\/wordpress-test\/wp-content\/uploads\/2019\/07\/AACM.png\" \/>\n\t<meta property=\"og:image:width\" content=\"397\" \/>\n\t<meta property=\"og:image:height\" content=\"246\" \/>\n\t<meta property=\"og:image:type\" content=\"image\/png\" \/>\n<meta name=\"twitter:card\" content=\"summary_large_image\" \/>\n<meta name=\"twitter:label1\" content=\"Dur\u00e9e de lecture estim\u00e9e\" \/>\n\t<meta name=\"twitter:data1\" content=\"5 minutes\" \/>\n<script type=\"application\/ld+json\" class=\"yoast-schema-graph\">{\"@context\":\"https:\/\/schema.org\",\"@graph\":[{\"@type\":\"WebPage\",\"@id\":\"https:\/\/chateau-miglos.fr\/wordpress-test\/association\/\",\"url\":\"https:\/\/chateau-miglos.fr\/wordpress-test\/association\/\",\"name\":\"L'Association - Ch\u00e2teau de Miglos\",\"isPartOf\":{\"@id\":\"https:\/\/chateau-miglos.fr\/wordpress-test\/#website\"},\"primaryImageOfPage\":{\"@id\":\"https:\/\/chateau-miglos.fr\/wordpress-test\/association\/#primaryimage\"},\"image\":{\"@id\":\"https:\/\/chateau-miglos.fr\/wordpress-test\/association\/#primaryimage\"},\"thumbnailUrl\":\"https:\/\/chateau-miglos.fr\/wordpress-test\/wp-content\/uploads\/2019\/07\/AACM.png\",\"datePublished\":\"2019-02-04T19:42:32+00:00\",\"dateModified\":\"2026-02-08T12:57:27+00:00\",\"breadcrumb\":{\"@id\":\"https:\/\/chateau-miglos.fr\/wordpress-test\/association\/#breadcrumb\"},\"inLanguage\":\"fr-FR\",\"potentialAction\":[{\"@type\":\"ReadAction\",\"target\":[\"https:\/\/chateau-miglos.fr\/wordpress-test\/association\/\"]}]},{\"@type\":\"ImageObject\",\"inLanguage\":\"fr-FR\",\"@id\":\"https:\/\/chateau-miglos.fr\/wordpress-test\/association\/#primaryimage\",\"url\":\"https:\/\/chateau-miglos.fr\/wordpress-test\/wp-content\/uploads\/2019\/07\/AACM.png\",\"contentUrl\":\"https:\/\/chateau-miglos.fr\/wordpress-test\/wp-content\/uploads\/2019\/07\/AACM.png\",\"width\":397,\"height\":246},{\"@type\":\"BreadcrumbList\",\"@id\":\"https:\/\/chateau-miglos.fr\/wordpress-test\/association\/#breadcrumb\",\"itemListElement\":[{\"@type\":\"ListItem\",\"position\":1,\"name\":\"Accueil\",\"item\":\"https:\/\/chateau-miglos.fr\/wordpress-test\/\"},{\"@type\":\"ListItem\",\"position\":2,\"name\":\"L&#8217;Association\"}]},{\"@type\":\"WebSite\",\"@id\":\"https:\/\/chateau-miglos.fr\/wordpress-test\/#website\",\"url\":\"https:\/\/chateau-miglos.fr\/wordpress-test\/\",\"name\":\"Ch\u00e2teau de Miglos\",\"description\":\"une ch\u00e2teau, une vall\u00e9e\",\"publisher\":{\"@id\":\"https:\/\/chateau-miglos.fr\/wordpress-test\/#organization\"},\"potentialAction\":[{\"@type\":\"SearchAction\",\"target\":{\"@type\":\"EntryPoint\",\"urlTemplate\":\"https:\/\/chateau-miglos.fr\/wordpress-test\/?s={search_term_string}\"},\"query-input\":\"required name=search_term_string\"}],\"inLanguage\":\"fr-FR\"},{\"@type\":\"Organization\",\"@id\":\"https:\/\/chateau-miglos.fr\/wordpress-test\/#organization\",\"name\":\"Ch\u00e2teau de Miglos\",\"url\":\"https:\/\/chateau-miglos.fr\/wordpress-test\/\",\"logo\":{\"@type\":\"ImageObject\",\"inLanguage\":\"fr-FR\",\"@id\":\"https:\/\/chateau-miglos.fr\/wordpress-test\/#\/schema\/logo\/image\/\",\"url\":\"https:\/\/chateau-miglos.fr\/wordpress-test\/wp-content\/uploads\/2019\/06\/seul.png\",\"contentUrl\":\"https:\/\/chateau-miglos.fr\/wordpress-test\/wp-content\/uploads\/2019\/06\/seul.png\",\"width\":801,\"height\":705,\"caption\":\"Ch\u00e2teau de Miglos\"},\"image\":{\"@id\":\"https:\/\/chateau-miglos.fr\/wordpress-test\/#\/schema\/logo\/image\/\"},\"sameAs\":[\"https:\/\/www.facebook.com\/chateaudemiglos\/\",\"https:\/\/www.instagram.com\/chateaudemiglos\/\",\"https:\/\/www.youtube.com\/channel\/UC70FrOmo9xvq8eHCA4YTs9A\",\"https:\/\/fr.wikipedia.org\/wiki\/Ch\u00e2teau_de_Miglos\"]}]}<\/script>\n<!-- \/ Yoast SEO plugin. -->","yoast_head_json":{"title":"L'Association - Ch\u00e2teau de Miglos","robots":{"index":"index","follow":"follow","max-snippet":"max-snippet:-1","max-image-preview":"max-image-preview:large","max-video-preview":"max-video-preview:-1"},"canonical":"https:\/\/chateau-miglos.fr\/wordpress-test\/association\/","og_locale":"fr_FR","og_type":"article","og_title":"L'Association - Ch\u00e2teau de Miglos","og_description":"L\u2019Association des Amis du Ch\u00e2teau de Miglos, a \u00e9t\u00e9 cr\u00e9\u00e9e en 1987. Elle a son si\u00e8ge social \u00e0 la Mairie de MIGLOS (09400). En 1991, un appel \u00e0 projet est ...","og_url":"https:\/\/chateau-miglos.fr\/wordpress-test\/association\/","og_site_name":"Ch\u00e2teau de Miglos","article_publisher":"https:\/\/www.facebook.com\/chateaudemiglos\/","article_modified_time":"2026-02-08T12:57:27+00:00","og_image":[{"width":397,"height":246,"url":"https:\/\/chateau-miglos.fr\/wordpress-test\/wp-content\/uploads\/2019\/07\/AACM.png","type":"image\/png"}],"twitter_card":"summary_large_image","twitter_misc":{"Dur\u00e9e de lecture estim\u00e9e":"5 minutes"},"schema":{"@context":"https:\/\/schema.org","@graph":[{"@type":"WebPage","@id":"https:\/\/chateau-miglos.fr\/wordpress-test\/association\/","url":"https:\/\/chateau-miglos.fr\/wordpress-test\/association\/","name":"L'Association - Ch\u00e2teau de Miglos","isPartOf":{"@id":"https:\/\/chateau-miglos.fr\/wordpress-test\/#website"},"primaryImageOfPage":{"@id":"https:\/\/chateau-miglos.fr\/wordpress-test\/association\/#primaryimage"},"image":{"@id":"https:\/\/chateau-miglos.fr\/wordpress-test\/association\/#primaryimage"},"thumbnailUrl":"https:\/\/chateau-miglos.fr\/wordpress-test\/wp-content\/uploads\/2019\/07\/AACM.png","datePublished":"2019-02-04T19:42:32+00:00","dateModified":"2026-02-08T12:57:27+00:00","breadcrumb":{"@id":"https:\/\/chateau-miglos.fr\/wordpress-test\/association\/#breadcrumb"},"inLanguage":"fr-FR","potentialAction":[{"@type":"ReadAction","target":["https:\/\/chateau-miglos.fr\/wordpress-test\/association\/"]}]},{"@type":"ImageObject","inLanguage":"fr-FR","@id":"https:\/\/chateau-miglos.fr\/wordpress-test\/association\/#primaryimage","url":"https:\/\/chateau-miglos.fr\/wordpress-test\/wp-content\/uploads\/2019\/07\/AACM.png","contentUrl":"https:\/\/chateau-miglos.fr\/wordpress-test\/wp-content\/uploads\/2019\/07\/AACM.png","width":397,"height":246},{"@type":"BreadcrumbList","@id":"https:\/\/chateau-miglos.fr\/wordpress-test\/association\/#breadcrumb","itemListElement":[{"@type":"ListItem","position":1,"name":"Accueil","item":"https:\/\/chateau-miglos.fr\/wordpress-test\/"},{"@type":"ListItem","position":2,"name":"L&#8217;Association"}]},{"@type":"WebSite","@id":"https:\/\/chateau-miglos.fr\/wordpress-test\/#website","url":"https:\/\/chateau-miglos.fr\/wordpress-test\/","name":"Ch\u00e2teau de Miglos","description":"une ch\u00e2teau, une vall\u00e9e","publisher":{"@id":"https:\/\/chateau-miglos.fr\/wordpress-test\/#organization"},"potentialAction":[{"@type":"SearchAction","target":{"@type":"EntryPoint","urlTemplate":"https:\/\/chateau-miglos.fr\/wordpress-test\/?s={search_term_string}"},"query-input":"required name=search_term_string"}],"inLanguage":"fr-FR"},{"@type":"Organization","@id":"https:\/\/chateau-miglos.fr\/wordpress-test\/#organization","name":"Ch\u00e2teau de Miglos","url":"https:\/\/chateau-miglos.fr\/wordpress-test\/","logo":{"@type":"ImageObject","inLanguage":"fr-FR","@id":"https:\/\/chateau-miglos.fr\/wordpress-test\/#\/schema\/logo\/image\/","url":"https:\/\/chateau-miglos.fr\/wordpress-test\/wp-content\/uploads\/2019\/06\/seul.png","contentUrl":"https:\/\/chateau-miglos.fr\/wordpress-test\/wp-content\/uploads\/2019\/06\/seul.png","width":801,"height":705,"caption":"Ch\u00e2teau de Miglos"},"image":{"@id":"https:\/\/chateau-miglos.fr\/wordpress-test\/#\/schema\/logo\/image\/"},"sameAs":["https:\/\/www.facebook.com\/chateaudemiglos\/","https:\/\/www.instagram.com\/chateaudemiglos\/","https:\/\/www.youtube.com\/channel\/UC70FrOmo9xvq8eHCA4YTs9A","https:\/\/fr.wikipedia.org\/wiki\/Ch\u00e2teau_de_Miglos"]}]}},"rttpg_featured_image_url":{"full":["https:\/\/chateau-miglos.fr\/wordpress-test\/wp-content\/uploads\/2019\/07\/AACM.png",397,246,false],"landscape":["https:\/\/chateau-miglos.fr\/wordpress-test\/wp-content\/uploads\/2019\/07\/AACM.png",397,246,false],"portraits":["https:\/\/chateau-miglos.fr\/wordpress-test\/wp-content\/uploads\/2019\/07\/AACM.png",397,246,false],"thumbnail":["https:\/\/chateau-miglos.fr\/wordpress-test\/wp-content\/uploads\/2019\/07\/AACM-150x150.png",150,150,true],"medium":["https:\/\/chateau-miglos.fr\/wordpress-test\/wp-content\/uploads\/2019\/07\/AACM-300x186.png",300,186,true],"large":["https:\/\/chateau-miglos.fr\/wordpress-test\/wp-content\/uploads\/2019\/07\/AACM.png",397,246,false],"1536x1536":["https:\/\/chateau-miglos.fr\/wordpress-test\/wp-content\/uploads\/2019\/07\/AACM.png",397,246,false],"2048x2048":["https:\/\/chateau-miglos.fr\/wordpress-test\/wp-content\/uploads\/2019\/07\/AACM.png",397,246,false],"onepress-blog-small":["https:\/\/chateau-miglos.fr\/wordpress-test\/wp-content\/uploads\/2019\/07\/AACM-300x150.png",300,150,true],"onepress-small":["https:\/\/chateau-miglos.fr\/wordpress-test\/wp-content\/uploads\/2019\/07\/AACM.png",397,246,false],"onepress-medium":["https:\/\/chateau-miglos.fr\/wordpress-test\/wp-content\/uploads\/2019\/07\/AACM.png",397,246,false],"sow-carousel-default":["https:\/\/chateau-miglos.fr\/wordpress-test\/wp-content\/uploads\/2019\/07\/AACM-272x182.png",272,182,true]},"rttpg_author":{"display_name":"AACM","author_link":"https:\/\/chateau-miglos.fr\/wordpress-test\/author\/aacm\/"},"rttpg_comment":0,"rttpg_category":null,"rttpg_excerpt":"L\u2019Association des Amis du Ch\u00e2teau de Miglos, a \u00e9t\u00e9 cr\u00e9\u00e9e en 1987. Elle a son si\u00e8ge social \u00e0 la Mairie de MIGLOS (09400). En 1991, un appel \u00e0 projet est ...","_links":{"self":[{"href":"https:\/\/chateau-miglos.fr\/wordpress-test\/wp-json\/wp\/v2\/pages\/466"}],"collection":[{"href":"https:\/\/chateau-miglos.fr\/wordpress-test\/wp-json\/wp\/v2\/pages"}],"about":[{"href":"https:\/\/chateau-miglos.fr\/wordpress-test\/wp-json\/wp\/v2\/types\/page"}],"author":[{"embeddable":true,"href":"https:\/\/chateau-miglos.fr\/wordpress-test\/wp-json\/wp\/v2\/users\/2"}],"replies":[{"embeddable":true,"href":"https:\/\/chateau-miglos.fr\/wordpress-test\/wp-json\/wp\/v2\/comments?post=466"}],"version-history":[{"count":101,"href":"https:\/\/chateau-miglos.fr\/wordpress-test\/wp-json\/wp\/v2\/pages\/466\/revisions"}],"predecessor-version":[{"id":10311,"href":"https:\/\/chateau-miglos.fr\/wordpress-test\/wp-json\/wp\/v2\/pages\/466\/revisions\/10311"}],"wp:featuredmedia":[{"embeddable":true,"href":"https:\/\/chateau-miglos.fr\/wordpress-test\/wp-json\/wp\/v2\/media\/4152"}],"wp:attachment":[{"href":"https:\/\/chateau-miglos.fr\/wordpress-test\/wp-json\/wp\/v2\/media?parent=466"}],"curies":[{"name":"wp","href":"https:\/\/api.w.org\/{rel}","templated":true}]}}