{"id":195,"date":"2019-02-03T14:45:21","date_gmt":"2019-02-03T13:45:21","guid":{"rendered":"http:\/\/chateau-miglos.fr\/wordpress-test\/?page_id=195"},"modified":"2021-03-02T22:15:14","modified_gmt":"2021-03-02T21:15:14","slug":"explorer","status":"publish","type":"page","link":"https:\/\/chateau-miglos.fr\/wordpress-test\/explorer\/","title":{"rendered":"Explorer"},"content":{"rendered":"\n<style type='text\/css' media='all'>#rt-tpg-container-3956485819 .rt-holder .rt-woo-info .price{color:#0367bf;}body .rt-tpg-container .rt-tpg-isotope-buttons .selected,\n\t\t\t\t\t#rt-tpg-container-3956485819 .layout12 .rt-holder:hover .rt-detail,\n\t\t\t\t\t#rt-tpg-container-3956485819 .isotope8 .rt-holder:hover .rt-detail,\n\t\t\t\t\t#rt-tpg-container-3956485819 .carousel8 .rt-holder:hover .rt-detail,\n\t\t\t\t\t#rt-tpg-container-3956485819 .layout13 .rt-holder .overlay .post-info,\n\t\t\t\t\t#rt-tpg-container-3956485819 .isotope9 .rt-holder .overlay .post-info,\n\t\t\t\t\t#rt-tpg-container-3956485819.rt-tpg-container .layout4 .rt-holder .rt-detail,\n\t\t\t\t\t.rt-modal-3956485819 .md-content,\n\t\t\t\t\t.rt-modal-3956485819 .md-content > .rt-md-content-holder .rt-md-content,\n\t\t\t\t\t.rt-popup-wrap-3956485819.rt-popup-wrap .rt-popup-navigation-wrap,\n\t\t\t\t\t#rt-tpg-container-3956485819 .carousel9 .rt-holder .overlay .post-info{background-color:#0367bf;}#rt-tpg-container-3956485819 .layout5 .rt-holder .overlay, #rt-tpg-container-3956485819 .isotope2 .rt-holder .overlay, #rt-tpg-container-3956485819 .carousel2 .rt-holder .overlay,#rt-tpg-container-3956485819 .layout15 .rt-holder h3, #rt-tpg-container-3956485819 .isotope11 .rt-holder h3, #rt-tpg-container-3956485819 .carousel11 .rt-holder h3, #rt-tpg-container-3956485819 .layout16 .rt-holder h3,\n\t\t\t\t\t#rt-tpg-container-3956485819 .isotope12 .rt-holder h3, #rt-tpg-container-3956485819 .carousel12 .rt-holder h3 {background-color:rgba(3,103,191,0.8);}#rt-tpg-container-3956485819 .read-more a{border-radius:px;}#rt-tpg-container-3956485819 .rt-img-holder img.rt-img-responsive,#rt-tpg-container-3956485819 .rt-img-holder,\n\t\t\t\t\t#rt-tpg-container-3956485819 .rt-post-overlay .post-img,\n\t\t\t\t\t#rt-tpg-container-3956485819 .post-sm .post-img,\n\t\t\t\t\t#rt-tpg-container-3956485819 .rt-post-grid .post-img,\n\t\t\t\t\t#rt-tpg-container-3956485819 .post-img img {border-radius:px;}<\/style><div class='rt-container-fluid rt-tpg-container tpg-shortcode-main-wrapper ' id='rt-tpg-container-3956485819'   data-layout='layout1' data-grid-style='even' data-desktop-col='3'  data-tab-col='2'  data-mobile-col='1' data-sc-id='981'><div data-title='Loading ...' class='rt-row rt-content-loader   layout1 tpg-even '><div class=\"rt-col-md-4 rt-col-sm-6 rt-col-xs-12 even-grid-item rt-grid-item\" data-id=\"78\"><div class=\"rt-holder\"><div class=\"rt-img-holder\"><a data-id=\"78\" class=\"\" href=\"https:\/\/chateau-miglos.fr\/wordpress-test\/explorer\/histoire\/\"><img loading=\"lazy\" decoding=\"async\" width=\"300\" height=\"300\" src=\"https:\/\/chateau-miglos.fr\/wordpress-test\/wp-content\/uploads\/2019\/02\/explo1-1-300x300.jpg\" class=\"rt-img-responsive \" alt=\"\" \/><\/a><\/div><div class='rt-detail'><h2 class=\"entry-title\"><a data-id=\"78\" class=\"\" href=\"https:\/\/chateau-miglos.fr\/wordpress-test\/explorer\/histoire\/\">Histoire<\/a><\/h2><div class='tpg-excerpt'>La premi\u00e8re mention du Ch\u00e2teau en 1159, Pierre de Miglos rend hommage au comte de Foix...<\/div><\/div><\/div><\/div><div class=\"rt-col-md-4 rt-col-sm-6 rt-col-xs-12 even-grid-item rt-grid-item\" data-id=\"199\"><div class=\"rt-holder\"><div class=\"rt-img-holder\"><a data-id=\"199\" class=\"\" href=\"https:\/\/chateau-miglos.fr\/wordpress-test\/explorer\/chemin-dinterpretation\/3d-du-chateau-de-miglos\/\"><img loading=\"lazy\" decoding=\"async\" width=\"300\" height=\"300\" src=\"https:\/\/chateau-miglos.fr\/wordpress-test\/wp-content\/uploads\/2019\/05\/3d-avant-300x300.jpg\" class=\"rt-img-responsive \" alt=\"\" \/><\/a><\/div><div class='rt-detail'><h2 class=\"entry-title\"><a data-id=\"199\" class=\"\" href=\"https:\/\/chateau-miglos.fr\/wordpress-test\/explorer\/chemin-dinterpretation\/3d-du-chateau-de-miglos\/\">Reconstruction 3D<\/a><\/h2><div class='tpg-excerpt'>Hypoth\u00e8se de mod\u00e9lisation du ch\u00e2teau de Miglos par Laurent Chanal <br \/>\n...<\/div><\/div><\/div><\/div><div class=\"rt-col-md-4 rt-col-sm-6 rt-col-xs-12 even-grid-item rt-grid-item\" data-id=\"198\"><div class=\"rt-holder\"><div class=\"rt-img-holder\"><a data-id=\"198\" class=\"\" href=\"https:\/\/chateau-miglos.fr\/wordpress-test\/explorer\/architecture-2\/\"><img loading=\"lazy\" decoding=\"async\" width=\"300\" height=\"300\" src=\"https:\/\/chateau-miglos.fr\/wordpress-test\/wp-content\/uploads\/2019\/05\/architecture-avant-300x300.jpg\" class=\"rt-img-responsive \" alt=\"\" \/><\/a><\/div><div class='rt-detail'><h2 class=\"entry-title\"><a data-id=\"198\" class=\"\" href=\"https:\/\/chateau-miglos.fr\/wordpress-test\/explorer\/architecture-2\/\">Architecture<\/a><\/h2><div class='tpg-excerpt'>La plate-forme o\u00f9 est construit le ch\u00e2teau mesure environ 100 m\u00e8tres de long sur 30 de large...<\/div><\/div><\/div><\/div><div class=\"rt-col-md-4 rt-col-sm-6 rt-col-xs-12 even-grid-item rt-grid-item\" data-id=\"830\"><div class=\"rt-holder\"><div class=\"rt-img-holder\"><a data-id=\"830\" class=\"\" href=\"https:\/\/chateau-miglos.fr\/wordpress-test\/explorer\/pour-venir\/\"><img loading=\"lazy\" decoding=\"async\" width=\"300\" height=\"300\" src=\"https:\/\/chateau-miglos.fr\/wordpress-test\/wp-content\/uploads\/2019\/02\/explo4-300x300.jpg\" class=\"rt-img-responsive \" alt=\"\" \/><\/a><\/div><div class='rt-detail'><h2 class=\"entry-title\"><a data-id=\"830\" class=\"\" href=\"https:\/\/chateau-miglos.fr\/wordpress-test\/explorer\/pour-venir\/\">Pour venir<\/a><\/h2><div class='tpg-excerpt'>Acc\u00e8s facile - Mont\u00e9e \u00e9quip\u00e9e de marches et d'un garde-corps - Panneau d'affichage A.A.C.M - <br \/>\nAire de pique-nique - Point d'eau<br \/>\nParking...<\/div><\/div><\/div><\/div><div class=\"rt-col-md-4 rt-col-sm-6 rt-col-xs-12 even-grid-item rt-grid-item\" data-id=\"1576\"><div class=\"rt-holder\"><div class=\"rt-img-holder\"><a data-id=\"1576\" class=\"\" href=\"https:\/\/chateau-miglos.fr\/wordpress-test\/explorer\/maillage-3d-du-chateau\/\"><img loading=\"lazy\" decoding=\"async\" width=\"300\" height=\"300\" src=\"https:\/\/chateau-miglos.fr\/wordpress-test\/wp-content\/uploads\/2019\/05\/fowo-avant-300x300.jpg\" class=\"rt-img-responsive \" alt=\"\" \/><\/a><\/div><div class='rt-detail'><h2 class=\"entry-title\"><a data-id=\"1576\" class=\"\" href=\"https:\/\/chateau-miglos.fr\/wordpress-test\/explorer\/maillage-3d-du-chateau\/\">Maillage 3D du Ch\u00e2teau<\/a><\/h2><div class='tpg-excerpt'>Mod\u00e9lisation 3D de l'existant par Pascal Robert-Cols \u2013 Architecte du Patrimoine...<\/div><\/div><\/div><\/div><\/div><\/div>\n","protected":false},"excerpt":{"rendered":"","protected":false},"author":2,"featured_media":0,"parent":0,"menu_order":0,"comment_status":"closed","ping_status":"closed","template":"template-fullwidth.php","meta":{"ngg_post_thumbnail":0,"footnotes":""},"yoast_head":"<!-- This site is optimized with the Yoast SEO plugin v23.0 - https:\/\/yoast.com\/wordpress\/plugins\/seo\/ -->\n<title>Explorer - Ch\u00e2teau de Miglos<\/title>\n<meta name=\"robots\" content=\"index, follow, max-snippet:-1, max-image-preview:large, max-video-preview:-1\" \/>\n<link rel=\"canonical\" href=\"https:\/\/chateau-miglos.fr\/wordpress-test\/explorer\/\" \/>\n<meta property=\"og:locale\" content=\"fr_FR\" \/>\n<meta property=\"og:type\" content=\"article\" \/>\n<meta property=\"og:title\" content=\"Explorer - Ch\u00e2teau de Miglos\" \/>\n<meta property=\"og:url\" content=\"https:\/\/chateau-miglos.fr\/wordpress-test\/explorer\/\" \/>\n<meta property=\"og:site_name\" content=\"Ch\u00e2teau de Miglos\" \/>\n<meta property=\"article:publisher\" content=\"https:\/\/www.facebook.com\/chateaudemiglos\/\" \/>\n<meta property=\"article:modified_time\" content=\"2021-03-02T21:15:14+00:00\" \/>\n<meta property=\"og:image\" content=\"https:\/\/chateau-miglos.fr\/wordpress-test\/wp-content\/uploads\/2020\/05\/avant-toustou-avril2020.png\" \/>\n\t<meta property=\"og:image:width\" content=\"600\" \/>\n\t<meta property=\"og:image:height\" content=\"300\" \/>\n\t<meta property=\"og:image:type\" content=\"image\/png\" \/>\n<meta name=\"twitter:card\" content=\"summary_large_image\" \/>\n<script type=\"application\/ld+json\" class=\"yoast-schema-graph\">{\"@context\":\"https:\/\/schema.org\",\"@graph\":[{\"@type\":\"WebPage\",\"@id\":\"https:\/\/chateau-miglos.fr\/wordpress-test\/explorer\/\",\"url\":\"https:\/\/chateau-miglos.fr\/wordpress-test\/explorer\/\",\"name\":\"Explorer - Ch\u00e2teau de Miglos\",\"isPartOf\":{\"@id\":\"https:\/\/chateau-miglos.fr\/wordpress-test\/#website\"},\"datePublished\":\"2019-02-03T13:45:21+00:00\",\"dateModified\":\"2021-03-02T21:15:14+00:00\",\"breadcrumb\":{\"@id\":\"https:\/\/chateau-miglos.fr\/wordpress-test\/explorer\/#breadcrumb\"},\"inLanguage\":\"fr-FR\",\"potentialAction\":[{\"@type\":\"ReadAction\",\"target\":[\"https:\/\/chateau-miglos.fr\/wordpress-test\/explorer\/\"]}]},{\"@type\":\"BreadcrumbList\",\"@id\":\"https:\/\/chateau-miglos.fr\/wordpress-test\/explorer\/#breadcrumb\",\"itemListElement\":[{\"@type\":\"ListItem\",\"position\":1,\"name\":\"Accueil\",\"item\":\"https:\/\/chateau-miglos.fr\/wordpress-test\/\"},{\"@type\":\"ListItem\",\"position\":2,\"name\":\"Explorer\"}]},{\"@type\":\"WebSite\",\"@id\":\"https:\/\/chateau-miglos.fr\/wordpress-test\/#website\",\"url\":\"https:\/\/chateau-miglos.fr\/wordpress-test\/\",\"name\":\"Ch\u00e2teau de Miglos\",\"description\":\"une ch\u00e2teau, une vall\u00e9e\",\"publisher\":{\"@id\":\"https:\/\/chateau-miglos.fr\/wordpress-test\/#organization\"},\"potentialAction\":[{\"@type\":\"SearchAction\",\"target\":{\"@type\":\"EntryPoint\",\"urlTemplate\":\"https:\/\/chateau-miglos.fr\/wordpress-test\/?s={search_term_string}\"},\"query-input\":\"required name=search_term_string\"}],\"inLanguage\":\"fr-FR\"},{\"@type\":\"Organization\",\"@id\":\"https:\/\/chateau-miglos.fr\/wordpress-test\/#organization\",\"name\":\"Ch\u00e2teau de Miglos\",\"url\":\"https:\/\/chateau-miglos.fr\/wordpress-test\/\",\"logo\":{\"@type\":\"ImageObject\",\"inLanguage\":\"fr-FR\",\"@id\":\"https:\/\/chateau-miglos.fr\/wordpress-test\/#\/schema\/logo\/image\/\",\"url\":\"https:\/\/chateau-miglos.fr\/wordpress-test\/wp-content\/uploads\/2019\/06\/seul.png\",\"contentUrl\":\"https:\/\/chateau-miglos.fr\/wordpress-test\/wp-content\/uploads\/2019\/06\/seul.png\",\"width\":801,\"height\":705,\"caption\":\"Ch\u00e2teau de Miglos\"},\"image\":{\"@id\":\"https:\/\/chateau-miglos.fr\/wordpress-test\/#\/schema\/logo\/image\/\"},\"sameAs\":[\"https:\/\/www.facebook.com\/chateaudemiglos\/\",\"https:\/\/www.instagram.com\/chateaudemiglos\/\",\"https:\/\/www.youtube.com\/channel\/UC70FrOmo9xvq8eHCA4YTs9A\",\"https:\/\/fr.wikipedia.org\/wiki\/Ch\u00e2teau_de_Miglos\"]}]}<\/script>\n<!-- \/ Yoast SEO plugin. -->","yoast_head_json":{"title":"Explorer - Ch\u00e2teau de Miglos","robots":{"index":"index","follow":"follow","max-snippet":"max-snippet:-1","max-image-preview":"max-image-preview:large","max-video-preview":"max-video-preview:-1"},"canonical":"https:\/\/chateau-miglos.fr\/wordpress-test\/explorer\/","og_locale":"fr_FR","og_type":"article","og_title":"Explorer - Ch\u00e2teau de Miglos","og_url":"https:\/\/chateau-miglos.fr\/wordpress-test\/explorer\/","og_site_name":"Ch\u00e2teau de Miglos","article_publisher":"https:\/\/www.facebook.com\/chateaudemiglos\/","article_modified_time":"2021-03-02T21:15:14+00:00","og_image":[{"width":600,"height":300,"url":"https:\/\/chateau-miglos.fr\/wordpress-test\/wp-content\/uploads\/2020\/05\/avant-toustou-avril2020.png","type":"image\/png"}],"twitter_card":"summary_large_image","schema":{"@context":"https:\/\/schema.org","@graph":[{"@type":"WebPage","@id":"https:\/\/chateau-miglos.fr\/wordpress-test\/explorer\/","url":"https:\/\/chateau-miglos.fr\/wordpress-test\/explorer\/","name":"Explorer - Ch\u00e2teau de Miglos","isPartOf":{"@id":"https:\/\/chateau-miglos.fr\/wordpress-test\/#website"},"datePublished":"2019-02-03T13:45:21+00:00","dateModified":"2021-03-02T21:15:14+00:00","breadcrumb":{"@id":"https:\/\/chateau-miglos.fr\/wordpress-test\/explorer\/#breadcrumb"},"inLanguage":"fr-FR","potentialAction":[{"@type":"ReadAction","target":["https:\/\/chateau-miglos.fr\/wordpress-test\/explorer\/"]}]},{"@type":"BreadcrumbList","@id":"https:\/\/chateau-miglos.fr\/wordpress-test\/explorer\/#breadcrumb","itemListElement":[{"@type":"ListItem","position":1,"name":"Accueil","item":"https:\/\/chateau-miglos.fr\/wordpress-test\/"},{"@type":"ListItem","position":2,"name":"Explorer"}]},{"@type":"WebSite","@id":"https:\/\/chateau-miglos.fr\/wordpress-test\/#website","url":"https:\/\/chateau-miglos.fr\/wordpress-test\/","name":"Ch\u00e2teau de Miglos","description":"une ch\u00e2teau, une vall\u00e9e","publisher":{"@id":"https:\/\/chateau-miglos.fr\/wordpress-test\/#organization"},"potentialAction":[{"@type":"SearchAction","target":{"@type":"EntryPoint","urlTemplate":"https:\/\/chateau-miglos.fr\/wordpress-test\/?s={search_term_string}"},"query-input":"required name=search_term_string"}],"inLanguage":"fr-FR"},{"@type":"Organization","@id":"https:\/\/chateau-miglos.fr\/wordpress-test\/#organization","name":"Ch\u00e2teau de Miglos","url":"https:\/\/chateau-miglos.fr\/wordpress-test\/","logo":{"@type":"ImageObject","inLanguage":"fr-FR","@id":"https:\/\/chateau-miglos.fr\/wordpress-test\/#\/schema\/logo\/image\/","url":"https:\/\/chateau-miglos.fr\/wordpress-test\/wp-content\/uploads\/2019\/06\/seul.png","contentUrl":"https:\/\/chateau-miglos.fr\/wordpress-test\/wp-content\/uploads\/2019\/06\/seul.png","width":801,"height":705,"caption":"Ch\u00e2teau de Miglos"},"image":{"@id":"https:\/\/chateau-miglos.fr\/wordpress-test\/#\/schema\/logo\/image\/"},"sameAs":["https:\/\/www.facebook.com\/chateaudemiglos\/","https:\/\/www.instagram.com\/chateaudemiglos\/","https:\/\/www.youtube.com\/channel\/UC70FrOmo9xvq8eHCA4YTs9A","https:\/\/fr.wikipedia.org\/wiki\/Ch\u00e2teau_de_Miglos"]}]}},"rttpg_featured_image_url":null,"rttpg_author":{"display_name":"AACM","author_link":"https:\/\/chateau-miglos.fr\/wordpress-test\/author\/aacm\/"},"rttpg_comment":0,"rttpg_category":null,"rttpg_excerpt":null,"_links":{"self":[{"href":"https:\/\/chateau-miglos.fr\/wordpress-test\/wp-json\/wp\/v2\/pages\/195"}],"collection":[{"href":"https:\/\/chateau-miglos.fr\/wordpress-test\/wp-json\/wp\/v2\/pages"}],"about":[{"href":"https:\/\/chateau-miglos.fr\/wordpress-test\/wp-json\/wp\/v2\/types\/page"}],"author":[{"embeddable":true,"href":"https:\/\/chateau-miglos.fr\/wordpress-test\/wp-json\/wp\/v2\/users\/2"}],"replies":[{"embeddable":true,"href":"https:\/\/chateau-miglos.fr\/wordpress-test\/wp-json\/wp\/v2\/comments?post=195"}],"version-history":[{"count":91,"href":"https:\/\/chateau-miglos.fr\/wordpress-test\/wp-json\/wp\/v2\/pages\/195\/revisions"}],"predecessor-version":[{"id":986,"href":"https:\/\/chateau-miglos.fr\/wordpress-test\/wp-json\/wp\/v2\/pages\/195\/revisions\/986"}],"wp:attachment":[{"href":"https:\/\/chateau-miglos.fr\/wordpress-test\/wp-json\/wp\/v2\/media?parent=195"}],"curies":[{"name":"wp","href":"https:\/\/api.w.org\/{rel}","templated":true}]}}