{"id":1207,"date":"2019-05-26T18:22:02","date_gmt":"2019-05-26T16:22:02","guid":{"rendered":"http:\/\/chateau-miglos.fr\/wordpress-test\/?page_id=1207"},"modified":"2019-05-26T18:40:08","modified_gmt":"2019-05-26T16:40:08","slug":"reconstruction-3d-en-hd","status":"publish","type":"page","link":"https:\/\/chateau-miglos.fr\/wordpress-test\/reconstruction-3d-en-hd\/","title":{"rendered":"Reconstruction 3D en HD"},"content":{"rendered":"\nngg_shortcode_0_placeholder\n\n\n\n<hr class=\"wp-block-separator\"\/>\n\n\n\nngg_shortcode_1_placeholder\n\n\n\n<p style=\"text-align:center\">Tous droits r\u00e9serv\u00e9s<br><strong>&#8220;Reconstruction 3D ch\u00e2teaux en ruines&#8221;<\/strong><br><a rel=\"noreferrer noopener\" href=\"http:\/\/www.reconstruction3dchateauxenruines.org\/\" target=\"_blank\">www.reconstruction3dchateauxenruines.org<\/a><br>Facebook : <a rel=\"noreferrer noopener\" href=\"http:\/\/www.facebook.com\/reconstruction3dchateaux\/\" target=\"_blank\">www.facebook.com\/reconstruction3dchateaux\/<\/a><\/p>\n\n\n\n<div class=\"wp-block-image\"><figure class=\"aligncenter is-resized\"><img loading=\"lazy\" decoding=\"async\" src=\"http:\/\/chateau-miglos.fr\/wordpress-test\/wp-content\/uploads\/2019\/02\/logo3d.jpg\" alt=\"\" class=\"wp-image-444\" width=\"195\" height=\"126\"\/><\/figure><\/div>\n","protected":false},"excerpt":{"rendered":"<p>Tous droits r\u00e9serv\u00e9s&#8220;Reconstruction 3D ch\u00e2teaux en ruines&#8221;www.reconstruction3dchateauxenruines.orgFacebook : www.facebook.com\/reconstruction3dchateaux\/<\/p>\n","protected":false},"author":2,"featured_media":0,"parent":0,"menu_order":0,"comment_status":"closed","ping_status":"closed","template":"template-fullwidth.php","meta":{"ngg_post_thumbnail":0,"footnotes":""},"yoast_head":"<!-- This site is optimized with the Yoast SEO plugin v23.0 - https:\/\/yoast.com\/wordpress\/plugins\/seo\/ -->\n<title>Reconstruction 3D en HD - Ch\u00e2teau de Miglos<\/title>\n<meta name=\"robots\" content=\"index, follow, max-snippet:-1, max-image-preview:large, max-video-preview:-1\" \/>\n<link rel=\"canonical\" href=\"https:\/\/chateau-miglos.fr\/wordpress-test\/reconstruction-3d-en-hd\/\" \/>\n<meta property=\"og:locale\" content=\"fr_FR\" \/>\n<meta property=\"og:type\" content=\"article\" \/>\n<meta property=\"og:title\" content=\"Reconstruction 3D en HD - Ch\u00e2teau de Miglos\" \/>\n<meta property=\"og:description\" content=\"Tous droits r\u00e9serv\u00e9s&#8220;Reconstruction 3D ch\u00e2teaux en ruines&#8221;www.reconstruction3dchateauxenruines.orgFacebook : www.facebook.com\/reconstruction3dchateaux\/\" \/>\n<meta property=\"og:url\" content=\"https:\/\/chateau-miglos.fr\/wordpress-test\/reconstruction-3d-en-hd\/\" \/>\n<meta property=\"og:site_name\" content=\"Ch\u00e2teau de Miglos\" \/>\n<meta property=\"article:publisher\" content=\"https:\/\/www.facebook.com\/chateaudemiglos\/\" \/>\n<meta property=\"article:modified_time\" content=\"2019-05-26T16:40:08+00:00\" \/>\n<meta property=\"og:image\" content=\"http:\/\/chateau-miglos.fr\/wordpress-test\/wp-content\/uploads\/2019\/02\/logo3d.jpg\" \/>\n<meta name=\"twitter:card\" content=\"summary_large_image\" \/>\n<script type=\"application\/ld+json\" class=\"yoast-schema-graph\">{\"@context\":\"https:\/\/schema.org\",\"@graph\":[{\"@type\":\"WebPage\",\"@id\":\"https:\/\/chateau-miglos.fr\/wordpress-test\/reconstruction-3d-en-hd\/\",\"url\":\"https:\/\/chateau-miglos.fr\/wordpress-test\/reconstruction-3d-en-hd\/\",\"name\":\"Reconstruction 3D en HD - Ch\u00e2teau de Miglos\",\"isPartOf\":{\"@id\":\"https:\/\/chateau-miglos.fr\/wordpress-test\/#website\"},\"primaryImageOfPage\":{\"@id\":\"https:\/\/chateau-miglos.fr\/wordpress-test\/reconstruction-3d-en-hd\/#primaryimage\"},\"image\":{\"@id\":\"https:\/\/chateau-miglos.fr\/wordpress-test\/reconstruction-3d-en-hd\/#primaryimage\"},\"thumbnailUrl\":\"http:\/\/chateau-miglos.fr\/wordpress-test\/wp-content\/uploads\/2019\/02\/logo3d.jpg\",\"datePublished\":\"2019-05-26T16:22:02+00:00\",\"dateModified\":\"2019-05-26T16:40:08+00:00\",\"breadcrumb\":{\"@id\":\"https:\/\/chateau-miglos.fr\/wordpress-test\/reconstruction-3d-en-hd\/#breadcrumb\"},\"inLanguage\":\"fr-FR\",\"potentialAction\":[{\"@type\":\"ReadAction\",\"target\":[\"https:\/\/chateau-miglos.fr\/wordpress-test\/reconstruction-3d-en-hd\/\"]}]},{\"@type\":\"ImageObject\",\"inLanguage\":\"fr-FR\",\"@id\":\"https:\/\/chateau-miglos.fr\/wordpress-test\/reconstruction-3d-en-hd\/#primaryimage\",\"url\":\"https:\/\/chateau-miglos.fr\/wordpress-test\/wp-content\/uploads\/2019\/02\/logo3d.jpg\",\"contentUrl\":\"https:\/\/chateau-miglos.fr\/wordpress-test\/wp-content\/uploads\/2019\/02\/logo3d.jpg\",\"width\":500,\"height\":324},{\"@type\":\"BreadcrumbList\",\"@id\":\"https:\/\/chateau-miglos.fr\/wordpress-test\/reconstruction-3d-en-hd\/#breadcrumb\",\"itemListElement\":[{\"@type\":\"ListItem\",\"position\":1,\"name\":\"Accueil\",\"item\":\"https:\/\/chateau-miglos.fr\/wordpress-test\/\"},{\"@type\":\"ListItem\",\"position\":2,\"name\":\"Reconstruction 3D en HD\"}]},{\"@type\":\"WebSite\",\"@id\":\"https:\/\/chateau-miglos.fr\/wordpress-test\/#website\",\"url\":\"https:\/\/chateau-miglos.fr\/wordpress-test\/\",\"name\":\"Ch\u00e2teau de Miglos\",\"description\":\"une ch\u00e2teau, une vall\u00e9e\",\"publisher\":{\"@id\":\"https:\/\/chateau-miglos.fr\/wordpress-test\/#organization\"},\"potentialAction\":[{\"@type\":\"SearchAction\",\"target\":{\"@type\":\"EntryPoint\",\"urlTemplate\":\"https:\/\/chateau-miglos.fr\/wordpress-test\/?s={search_term_string}\"},\"query-input\":\"required name=search_term_string\"}],\"inLanguage\":\"fr-FR\"},{\"@type\":\"Organization\",\"@id\":\"https:\/\/chateau-miglos.fr\/wordpress-test\/#organization\",\"name\":\"Ch\u00e2teau de Miglos\",\"url\":\"https:\/\/chateau-miglos.fr\/wordpress-test\/\",\"logo\":{\"@type\":\"ImageObject\",\"inLanguage\":\"fr-FR\",\"@id\":\"https:\/\/chateau-miglos.fr\/wordpress-test\/#\/schema\/logo\/image\/\",\"url\":\"https:\/\/chateau-miglos.fr\/wordpress-test\/wp-content\/uploads\/2019\/06\/seul.png\",\"contentUrl\":\"https:\/\/chateau-miglos.fr\/wordpress-test\/wp-content\/uploads\/2019\/06\/seul.png\",\"width\":801,\"height\":705,\"caption\":\"Ch\u00e2teau de Miglos\"},\"image\":{\"@id\":\"https:\/\/chateau-miglos.fr\/wordpress-test\/#\/schema\/logo\/image\/\"},\"sameAs\":[\"https:\/\/www.facebook.com\/chateaudemiglos\/\",\"https:\/\/www.instagram.com\/chateaudemiglos\/\",\"https:\/\/www.youtube.com\/channel\/UC70FrOmo9xvq8eHCA4YTs9A\",\"https:\/\/fr.wikipedia.org\/wiki\/Ch\u00e2teau_de_Miglos\"]}]}<\/script>\n<!-- \/ Yoast SEO plugin. -->","yoast_head_json":{"title":"Reconstruction 3D en HD - Ch\u00e2teau de Miglos","robots":{"index":"index","follow":"follow","max-snippet":"max-snippet:-1","max-image-preview":"max-image-preview:large","max-video-preview":"max-video-preview:-1"},"canonical":"https:\/\/chateau-miglos.fr\/wordpress-test\/reconstruction-3d-en-hd\/","og_locale":"fr_FR","og_type":"article","og_title":"Reconstruction 3D en HD - Ch\u00e2teau de Miglos","og_description":"Tous droits r\u00e9serv\u00e9s&#8220;Reconstruction 3D ch\u00e2teaux en ruines&#8221;www.reconstruction3dchateauxenruines.orgFacebook : www.facebook.com\/reconstruction3dchateaux\/","og_url":"https:\/\/chateau-miglos.fr\/wordpress-test\/reconstruction-3d-en-hd\/","og_site_name":"Ch\u00e2teau de Miglos","article_publisher":"https:\/\/www.facebook.com\/chateaudemiglos\/","article_modified_time":"2019-05-26T16:40:08+00:00","og_image":[{"url":"http:\/\/chateau-miglos.fr\/wordpress-test\/wp-content\/uploads\/2019\/02\/logo3d.jpg"}],"twitter_card":"summary_large_image","schema":{"@context":"https:\/\/schema.org","@graph":[{"@type":"WebPage","@id":"https:\/\/chateau-miglos.fr\/wordpress-test\/reconstruction-3d-en-hd\/","url":"https:\/\/chateau-miglos.fr\/wordpress-test\/reconstruction-3d-en-hd\/","name":"Reconstruction 3D en HD - Ch\u00e2teau de Miglos","isPartOf":{"@id":"https:\/\/chateau-miglos.fr\/wordpress-test\/#website"},"primaryImageOfPage":{"@id":"https:\/\/chateau-miglos.fr\/wordpress-test\/reconstruction-3d-en-hd\/#primaryimage"},"image":{"@id":"https:\/\/chateau-miglos.fr\/wordpress-test\/reconstruction-3d-en-hd\/#primaryimage"},"thumbnailUrl":"http:\/\/chateau-miglos.fr\/wordpress-test\/wp-content\/uploads\/2019\/02\/logo3d.jpg","datePublished":"2019-05-26T16:22:02+00:00","dateModified":"2019-05-26T16:40:08+00:00","breadcrumb":{"@id":"https:\/\/chateau-miglos.fr\/wordpress-test\/reconstruction-3d-en-hd\/#breadcrumb"},"inLanguage":"fr-FR","potentialAction":[{"@type":"ReadAction","target":["https:\/\/chateau-miglos.fr\/wordpress-test\/reconstruction-3d-en-hd\/"]}]},{"@type":"ImageObject","inLanguage":"fr-FR","@id":"https:\/\/chateau-miglos.fr\/wordpress-test\/reconstruction-3d-en-hd\/#primaryimage","url":"https:\/\/chateau-miglos.fr\/wordpress-test\/wp-content\/uploads\/2019\/02\/logo3d.jpg","contentUrl":"https:\/\/chateau-miglos.fr\/wordpress-test\/wp-content\/uploads\/2019\/02\/logo3d.jpg","width":500,"height":324},{"@type":"BreadcrumbList","@id":"https:\/\/chateau-miglos.fr\/wordpress-test\/reconstruction-3d-en-hd\/#breadcrumb","itemListElement":[{"@type":"ListItem","position":1,"name":"Accueil","item":"https:\/\/chateau-miglos.fr\/wordpress-test\/"},{"@type":"ListItem","position":2,"name":"Reconstruction 3D en HD"}]},{"@type":"WebSite","@id":"https:\/\/chateau-miglos.fr\/wordpress-test\/#website","url":"https:\/\/chateau-miglos.fr\/wordpress-test\/","name":"Ch\u00e2teau de Miglos","description":"une ch\u00e2teau, une vall\u00e9e","publisher":{"@id":"https:\/\/chateau-miglos.fr\/wordpress-test\/#organization"},"potentialAction":[{"@type":"SearchAction","target":{"@type":"EntryPoint","urlTemplate":"https:\/\/chateau-miglos.fr\/wordpress-test\/?s={search_term_string}"},"query-input":"required name=search_term_string"}],"inLanguage":"fr-FR"},{"@type":"Organization","@id":"https:\/\/chateau-miglos.fr\/wordpress-test\/#organization","name":"Ch\u00e2teau de Miglos","url":"https:\/\/chateau-miglos.fr\/wordpress-test\/","logo":{"@type":"ImageObject","inLanguage":"fr-FR","@id":"https:\/\/chateau-miglos.fr\/wordpress-test\/#\/schema\/logo\/image\/","url":"https:\/\/chateau-miglos.fr\/wordpress-test\/wp-content\/uploads\/2019\/06\/seul.png","contentUrl":"https:\/\/chateau-miglos.fr\/wordpress-test\/wp-content\/uploads\/2019\/06\/seul.png","width":801,"height":705,"caption":"Ch\u00e2teau de Miglos"},"image":{"@id":"https:\/\/chateau-miglos.fr\/wordpress-test\/#\/schema\/logo\/image\/"},"sameAs":["https:\/\/www.facebook.com\/chateaudemiglos\/","https:\/\/www.instagram.com\/chateaudemiglos\/","https:\/\/www.youtube.com\/channel\/UC70FrOmo9xvq8eHCA4YTs9A","https:\/\/fr.wikipedia.org\/wiki\/Ch\u00e2teau_de_Miglos"]}]}},"rttpg_featured_image_url":null,"rttpg_author":{"display_name":"AACM","author_link":"https:\/\/chateau-miglos.fr\/wordpress-test\/author\/aacm\/"},"rttpg_comment":0,"rttpg_category":null,"rttpg_excerpt":"Tous droits r\u00e9serv\u00e9s&#8220;Reconstruction 3D ch\u00e2teaux en ruines&#8221;www.reconstruction3dchateauxenruines.orgFacebook : www.facebook.com\/reconstruction3dchateaux\/","_links":{"self":[{"href":"https:\/\/chateau-miglos.fr\/wordpress-test\/wp-json\/wp\/v2\/pages\/1207"}],"collection":[{"href":"https:\/\/chateau-miglos.fr\/wordpress-test\/wp-json\/wp\/v2\/pages"}],"about":[{"href":"https:\/\/chateau-miglos.fr\/wordpress-test\/wp-json\/wp\/v2\/types\/page"}],"author":[{"embeddable":true,"href":"https:\/\/chateau-miglos.fr\/wordpress-test\/wp-json\/wp\/v2\/users\/2"}],"replies":[{"embeddable":true,"href":"https:\/\/chateau-miglos.fr\/wordpress-test\/wp-json\/wp\/v2\/comments?post=1207"}],"version-history":[{"count":8,"href":"https:\/\/chateau-miglos.fr\/wordpress-test\/wp-json\/wp\/v2\/pages\/1207\/revisions"}],"predecessor-version":[{"id":1217,"href":"https:\/\/chateau-miglos.fr\/wordpress-test\/wp-json\/wp\/v2\/pages\/1207\/revisions\/1217"}],"wp:attachment":[{"href":"https:\/\/chateau-miglos.fr\/wordpress-test\/wp-json\/wp\/v2\/media?parent=1207"}],"curies":[{"name":"wp","href":"https:\/\/api.w.org\/{rel}","templated":true}]}}