{"id":1030,"date":"2019-04-03T17:14:15","date_gmt":"2019-04-03T15:14:15","guid":{"rendered":"http:\/\/chateau-miglos.fr\/wordpress-test\/?page_id=1030"},"modified":"2020-03-07T17:29:06","modified_gmt":"2020-03-07T16:29:06","slug":"le-roc-de-landourra","status":"publish","type":"page","link":"https:\/\/chateau-miglos.fr\/wordpress-test\/explorer\/chemin-dinterpretation\/le-roc-de-landourra\/","title":{"rendered":"Roc de l&#8217;Andourra"},"content":{"rendered":"\n<div class=\"wp-block-image\"><figure class=\"aligncenter is-resized\"><a href=\"http:\/\/chateau-miglos.fr\/wordpress-test\/wp-content\/uploads\/2019\/06\/roc.jpg\" data-rel=\"lightbox-gallery-vySUK1n8\" data-rl_title=\"Roc de l&#8217;Andourra &#8211; AACM \u00a9 JG\" data-rl_caption=\"\" title=\"Roc de l&#8217;Andourra &#8211; AACM \u00a9 JG\"><img loading=\"lazy\" decoding=\"async\" src=\"http:\/\/chateau-miglos.fr\/wordpress-test\/wp-content\/uploads\/2019\/06\/roc-1024x685.jpg\" alt=\"Roc de l'Andourra - AACM \u00a9 JG\" class=\"wp-image-2355\" width=\"768\" height=\"514\"\/><\/a><\/figure><\/div>\n\n\n\n<p><strong><em>\u00ab Le Roc de l\u2019Andourra \u00bb<\/em><\/strong>, est cet \u00e9norme bloc de granite surmont\u00e9 d\u2019une croix, situ\u00e9 \u00e0 l\u2019entr\u00e9e du village d\u2019Arquizat. Il est charg\u00e9 de l\u00e9gendes et de traditions orales aupr\u00e8s duquel l\u2019imagination populaire place les \u00e9bats des sorci\u00e8res <em>\u00ab las br\u00e8ichos \u00bb<\/em> et des esprits malins de la vall\u00e9e.<br>La r\u00e9alit\u00e9 est bien plus prosa\u00efque, c\u2019\u00e9tait un lieu de p\u00e9age.<\/p>\n\n\n\n<hr class=\"wp-block-separator\"\/>\n\n\n\n<h3 class=\"wp-block-heading\"><strong>Les <em>\u00ab lies et passeries \u00bb<\/em><\/strong><\/h3>\n\n\n\n<p>Depuis le Moyen-\u00e2ge, en vertu des accords sur les droits de passage entre les vall\u00e9es des Pyr\u00e9n\u00e9es, les <strong><em>\u00ab lies et passeries \u00bb<\/em><\/strong> organisaient les liens commerciaux entre les communaut\u00e9s montagnardes.<br>  La fronti\u00e8re s\u00e9parant les \u00c9tats n\u2019emp\u00eachait nullement les \u00e9changes  commerciaux entre les villageois de nationalit\u00e9s diff\u00e9rentes. Elle  n\u2019\u00e9tait pas non plus un obstacle pour les \u00e9leveurs, qui faisaient  pacager leurs b\u00eates, indiff\u00e9remment sur les deux versants pyr\u00e9n\u00e9ens.<\/p>\n\n\n\n<p> \u2013 Les <strong><em>\u00ab lies \u00bb<\/em><\/strong> d\u00e9finissaient la s\u00e9curit\u00e9  r\u00e9ciproque des biens et des personnes entre l\u2019Andorre et le Haut  Sabarth\u00e8s en particulier contre le brigandage.<\/p>\n\n\n\n<p> \u2013 Les <strong><em>\u00ab passeries \u00bb<\/em><\/strong> fixaient le pr\u00e9l\u00e8vement des droits sur les personnes, les animaux et les marchandises.<\/p>\n\n\n\n<p>Des documents conservent la trace de l\u2019histoire de ces lieux de passage. On peut citer l&#8217;accord :<\/p>\n\n\n\n<ul><li>du 23 juin 1680 entre Fran\u00e7ois Louis de Montaud (Baron de  Miglos) et les repr\u00e9sentants de la vall\u00e9e d\u2019Ordino (Andorre).<\/li><\/ul>\n\n\n\n<p>Ces accords comprenaient toujours la libre circulation des biens et des personnes, la protection du cheptel et la sauvegarde des populations en cas de guerre ou de maladie contagieuse. La signature de ces accords donnait lieu \u00e0 des r\u00e9jouissances, danses, banquet et jeu de quilles sur la place d\u2019Arquizat.<br>Les Andorrans dansaient  <em>\u00ab<\/em> l&#8217;\u00e9p\u00e9e au c\u00f4t\u00e9<em> \u00bb<\/em> , selon la coutume. Ils jouaient aux jeux de quilles et les perdants payaient le vin qui \u00e9tait bu sur la place publique : c&#8217;\u00e9taient toujours les Andorrans qui perdaient\u2026 Diplomatie&nbsp;!<\/p>\n\n\n\n<div class=\"wp-block-image\"><figure class=\"aligncenter is-resized\"><a href=\"http:\/\/chateau-miglos.fr\/wordpress-test\/wp-content\/uploads\/2019\/06\/croix2.jpg\" data-rel=\"lightbox-gallery-vySUK1n8\" data-rl_title=\"\" data-rl_caption=\"\" title=\"\"><img loading=\"lazy\" decoding=\"async\" src=\"http:\/\/chateau-miglos.fr\/wordpress-test\/wp-content\/uploads\/2019\/06\/croix2-1024x685.jpg\" alt=\"Croix sur le Roc, en arri\u00e8re plan le village de Lap\u00e8ge - AACM \u00a9 GL\" class=\"wp-image-2344\" width=\"768\" height=\"514\"\/><\/a><\/figure><\/div>\n\n\n\n<p>Lorsque les Andorrans venaient commercer aux foires de Tarascon et de Vicdessos, ils devaient payer leur passage sur les terres de la Baronnie de Miglos.<br>D&#8217;apr\u00e8s la tradition orale, on raconte que la redevance \u00e9tait acquitt\u00e9e pour l\u2019ann\u00e9e, ce droit de passage \u00e9tait minime, chaque marchand devant d\u00e9poser deux poulets au pied de ce rocher.<\/p>\n\n\n\n<p>Mythe ou l\u00e9gende, l\u2019imagination populaire d\u00e9forme la r\u00e9alit\u00e9 historique. Mais de nos jours, encore, il existe bien des lieux de contr\u00f4les et autres p\u00e9ages.<br> Les <strong>\u00ab lies et passeries \u00bb<\/strong> font parties maintenant du droit international.<\/p>\n\n\n\n<hr class=\"wp-block-separator\"\/>\n\n\n\n<p class=\"has-text-align-center\"><strong>Renouvellement du trait\u00e9, le 23 juin 1680,<br>entre la paroisse d&#8217;Ordino (Andorre) et la communaut\u00e9 de Miglos<\/strong><br>(AD 09 , 5 E 670, f\u00b0138)<\/p>\n\n\n\n<div class=\"wp-block-image\"><figure class=\"aligncenter size-large is-resized\"><a href=\"https:\/\/chateau-miglos.fr\/wordpress-test\/wp-content\/uploads\/2020\/01\/Renouvellement-traite-23juin1680.pdf\" target=\"_blank\" rel=\"noreferrer noopener\"><img loading=\"lazy\" decoding=\"async\" src=\"https:\/\/chateau-miglos.fr\/wordpress-test\/wp-content\/uploads\/2020\/01\/1680-1-1024x676.png\" alt=\"Renouvellement du trait\u00e9, le 23 juin 1680,\nentre la paroisse d'Ordino (Andorre) et la communaut\u00e9 de Miglos\n(AD 09 , 5 E 670, f\u00b0138)\" class=\"wp-image-4749\" width=\"768\" height=\"507\"\/><\/a><\/figure><\/div>\n\n\n\n<div class=\"wp-block-file aligncenter\"><a href=\"https:\/\/chateau-miglos.fr\/wordpress-test\/wp-content\/uploads\/2020\/01\/Renouvellement-traite-23juin1680.pdf\">Renouvellement-traite-23juin1680<\/a><a href=\"https:\/\/chateau-miglos.fr\/wordpress-test\/wp-content\/uploads\/2020\/01\/Renouvellement-traite-23juin1680.pdf\" class=\"wp-block-file__button\" download>T\u00e9l\u00e9charger<\/a><\/div>\n\n\n\n<hr class=\"wp-block-separator\"\/>\n\n\n\n<p>\nSources&nbsp;:<\/p>\n\n\n\n<ul><li><a href=\"https:\/\/chateau-miglos.fr\/wordpress-test\/2019\/01\/25\/renouvellement-du-traite-23-juin-1680\/\" target=\"_blank\" rel=\"noreferrer noopener\" aria-label=\"Archives D\u00e9partementale - AD 09 , 5 E 670, f\u00b0138  (s\u2019ouvre dans un nouvel onglet)\">Archives D\u00e9partementale &#8211; AD 09 , 5 E 670, f\u00b0138 <\/a><\/li><li><em><a rel=\"noreferrer noopener\" aria-label=\" (s\u2019ouvre dans un nouvel onglet)\" href=\"https:\/\/chateau-miglos.fr\/wordpress-test\/2019\/01\/24\/lies-et-passeries-entre-landorre-et-le-haut-sabarthes-francois-baby\/\" target=\"_blank\">\u00ab Lies et Passeries entre l&#8217;Andorre et le Haut-Sabarth\u00e8s \u00bb<\/a><\/em>, Baby Fran\u00e7ois, 1978. <\/li><\/ul>\n\n\n\n<ul><li><a rel=\"noreferrer noopener\" href=\"https:\/\/chateau-miglos.fr\/wordpress-test\/2018\/03\/17\/miglos-une-baronnie-du-haut-comte-de-foix-sous-lancien-regime\/\" target=\"_blank\"><em>\u00ab MIGLOS, une baronnie du haut-comt\u00e9 de Foix sous l&#8217;ancien r\u00e9gime (1599-1789) <\/em>\u00bb<\/a>. Lafuente St\u00e9phane, 1995 (Annexe&nbsp;: version num\u00e9ris\u00e9e page 224). <\/li><li><a rel=\"noreferrer noopener\" href=\"https:\/\/chateau-miglos.fr\/wordpress-test\/2019\/05\/17\/la-baronnie-de-miglos-barriere-flavy\/\" target=\"_blank\">\u00ab La baronnie de Miglos \u00bb<\/a>: \u00e9tude historique sur une seigneurie du Haut Comt\u00e9 de Foix \/ par C. Barri\u00e8re-Flavy, 1894 <\/li><li><em>\u00ab In Du Carlit au Crab\u00e8re, terres et hommes de fronti\u00e8res \u00bb Claudine Pailh\u00e8s. Conseil G\u00e9n\u00e9ral de l&#8217;Ari\u00e8ge ; Foix, 2000 ( p.153-155)<\/em> <\/li><li><em>\u00ab <a rel=\"noreferrer noopener\" href=\"https:\/\/chateau-miglos.fr\/wordpress-test\/2019\/01\/01\/miclos-a-las-aurieros-del-tems-bielh\/\" target=\"_blank\">Miclos \u2013 A las Aurieros del Tems Bielh <\/a>\u00bb, Louis Pujol \u2013 1970.<\/em><\/li><li> <a rel=\"noreferrer noopener\" aria-label=\"\u00ab Manual Digest . De las Valls neutras de Andorra. Any 1748  \u00bb  (s\u2019ouvre dans un nouvel onglet)\" href=\"https:\/\/chateau-miglos.fr\/wordpress-test\/2019\/01\/23\/manual-digest-de-1748\/\" target=\"_blank\"><em>\u00ab <\/em>Manual Digest . De las Valls neutras de Andorra. Any 1748 <em>\u00bb<\/em><\/a><\/li><\/ul>\n","protected":false},"excerpt":{"rendered":"<p>\u00ab Le Roc de l\u2019Andourra \u00bb, est cet \u00e9norme bloc de granite surmont\u00e9 d\u2019une croix, situ\u00e9 \u00e0 l\u2019entr\u00e9e du village d\u2019Arquizat. Il est charg\u00e9 de l\u00e9gendes et de traditions orales aupr\u00e8s duquel l\u2019imagination populaire place les \u00e9bats des sorci\u00e8res \u00ab las br\u00e8ichos \u00bb et des esprits malins de la vall\u00e9e.<\/p>\n","protected":false},"author":2,"featured_media":2273,"parent":835,"menu_order":1,"comment_status":"closed","ping_status":"closed","template":"template-fullwidth.php","meta":{"ngg_post_thumbnail":0,"footnotes":""},"yoast_head":"<!-- This site is optimized with the Yoast SEO plugin v23.0 - https:\/\/yoast.com\/wordpress\/plugins\/seo\/ -->\n<title>Roc de l&#039;Andourra - Ch\u00e2teau de Miglos<\/title>\n<meta name=\"description\" content=\"\u00ab Le Roc de l\u2019Andourra \u00bb, est cet \u00e9norme bloc de granite surmont\u00e9 d\u2019une croix, situ\u00e9 \u00e0 l\u2019entr\u00e9e du village d\u2019Arquizat. Il est charg\u00e9 de l\u00e9gendes et de traditions orales aupr\u00e8s duquel l\u2019imagination populaire place les \u00e9bats des sorci\u00e8res \u00ab las br\u00e8ichos \u00bb et des esprits malins de la vall\u00e9e.La r\u00e9alit\u00e9 est bien plus prosa\u00efque, c\u2019\u00e9tait un lieu de p\u00e9age.\" \/>\n<meta name=\"robots\" content=\"index, follow, max-snippet:-1, max-image-preview:large, max-video-preview:-1\" \/>\n<link rel=\"canonical\" href=\"https:\/\/chateau-miglos.fr\/wordpress-test\/explorer\/chemin-dinterpretation\/le-roc-de-landourra\/\" \/>\n<meta property=\"og:locale\" content=\"fr_FR\" \/>\n<meta property=\"og:type\" content=\"article\" \/>\n<meta property=\"og:title\" content=\"Roc de l&#039;Andourra - Ch\u00e2teau de Miglos\" \/>\n<meta property=\"og:description\" content=\"\u00ab Le Roc de l\u2019Andourra \u00bb, est cet \u00e9norme bloc de granite surmont\u00e9 d\u2019une croix, situ\u00e9 \u00e0 l\u2019entr\u00e9e du village d\u2019Arquizat. Il est charg\u00e9 de l\u00e9gendes et de traditions orales aupr\u00e8s duquel l\u2019imagination populaire place les \u00e9bats des sorci\u00e8res \u00ab las br\u00e8ichos \u00bb et des esprits malins de la vall\u00e9e.La r\u00e9alit\u00e9 est bien plus prosa\u00efque, c\u2019\u00e9tait un lieu de p\u00e9age.\" \/>\n<meta property=\"og:url\" content=\"https:\/\/chateau-miglos.fr\/wordpress-test\/explorer\/chemin-dinterpretation\/le-roc-de-landourra\/\" \/>\n<meta property=\"og:site_name\" content=\"Ch\u00e2teau de Miglos\" \/>\n<meta property=\"article:publisher\" content=\"https:\/\/www.facebook.com\/chateaudemiglos\/\" \/>\n<meta property=\"article:modified_time\" content=\"2020-03-07T16:29:06+00:00\" \/>\n<meta property=\"og:image\" content=\"https:\/\/chateau-miglos.fr\/wordpress-test\/wp-content\/uploads\/2019\/06\/roc-avant.jpg\" \/>\n\t<meta property=\"og:image:width\" content=\"300\" \/>\n\t<meta property=\"og:image:height\" content=\"300\" \/>\n\t<meta property=\"og:image:type\" content=\"image\/jpeg\" \/>\n<meta name=\"twitter:card\" content=\"summary_large_image\" \/>\n<meta name=\"twitter:label1\" content=\"Dur\u00e9e de lecture estim\u00e9e\" \/>\n\t<meta name=\"twitter:data1\" content=\"3 minutes\" \/>\n<script type=\"application\/ld+json\" class=\"yoast-schema-graph\">{\"@context\":\"https:\/\/schema.org\",\"@graph\":[{\"@type\":\"WebPage\",\"@id\":\"https:\/\/chateau-miglos.fr\/wordpress-test\/explorer\/chemin-dinterpretation\/le-roc-de-landourra\/\",\"url\":\"https:\/\/chateau-miglos.fr\/wordpress-test\/explorer\/chemin-dinterpretation\/le-roc-de-landourra\/\",\"name\":\"Roc de l'Andourra - Ch\u00e2teau de Miglos\",\"isPartOf\":{\"@id\":\"https:\/\/chateau-miglos.fr\/wordpress-test\/#website\"},\"primaryImageOfPage\":{\"@id\":\"https:\/\/chateau-miglos.fr\/wordpress-test\/explorer\/chemin-dinterpretation\/le-roc-de-landourra\/#primaryimage\"},\"image\":{\"@id\":\"https:\/\/chateau-miglos.fr\/wordpress-test\/explorer\/chemin-dinterpretation\/le-roc-de-landourra\/#primaryimage\"},\"thumbnailUrl\":\"https:\/\/chateau-miglos.fr\/wordpress-test\/wp-content\/uploads\/2019\/06\/roc-avant.jpg\",\"datePublished\":\"2019-04-03T15:14:15+00:00\",\"dateModified\":\"2020-03-07T16:29:06+00:00\",\"description\":\"\u00ab Le Roc de l\u2019Andourra \u00bb, est cet \u00e9norme bloc de granite surmont\u00e9 d\u2019une croix, situ\u00e9 \u00e0 l\u2019entr\u00e9e du village d\u2019Arquizat. Il est charg\u00e9 de l\u00e9gendes et de traditions orales aupr\u00e8s duquel l\u2019imagination populaire place les \u00e9bats des sorci\u00e8res \u00ab las br\u00e8ichos \u00bb et des esprits malins de la vall\u00e9e.La r\u00e9alit\u00e9 est bien plus prosa\u00efque, c\u2019\u00e9tait un lieu de p\u00e9age.\",\"breadcrumb\":{\"@id\":\"https:\/\/chateau-miglos.fr\/wordpress-test\/explorer\/chemin-dinterpretation\/le-roc-de-landourra\/#breadcrumb\"},\"inLanguage\":\"fr-FR\",\"potentialAction\":[{\"@type\":\"ReadAction\",\"target\":[\"https:\/\/chateau-miglos.fr\/wordpress-test\/explorer\/chemin-dinterpretation\/le-roc-de-landourra\/\"]}]},{\"@type\":\"ImageObject\",\"inLanguage\":\"fr-FR\",\"@id\":\"https:\/\/chateau-miglos.fr\/wordpress-test\/explorer\/chemin-dinterpretation\/le-roc-de-landourra\/#primaryimage\",\"url\":\"https:\/\/chateau-miglos.fr\/wordpress-test\/wp-content\/uploads\/2019\/06\/roc-avant.jpg\",\"contentUrl\":\"https:\/\/chateau-miglos.fr\/wordpress-test\/wp-content\/uploads\/2019\/06\/roc-avant.jpg\",\"width\":300,\"height\":300},{\"@type\":\"BreadcrumbList\",\"@id\":\"https:\/\/chateau-miglos.fr\/wordpress-test\/explorer\/chemin-dinterpretation\/le-roc-de-landourra\/#breadcrumb\",\"itemListElement\":[{\"@type\":\"ListItem\",\"position\":1,\"name\":\"Accueil\",\"item\":\"https:\/\/chateau-miglos.fr\/wordpress-test\/\"},{\"@type\":\"ListItem\",\"position\":2,\"name\":\"Explorer\",\"item\":\"https:\/\/chateau-miglos.fr\/wordpress-test\/explorer\/\"},{\"@type\":\"ListItem\",\"position\":3,\"name\":\"Chemin d&#8217;interpr\u00e9tation\",\"item\":\"https:\/\/chateau-miglos.fr\/wordpress-test\/explorer\/chemin-dinterpretation\/\"},{\"@type\":\"ListItem\",\"position\":4,\"name\":\"Roc de l&#8217;Andourra\"}]},{\"@type\":\"WebSite\",\"@id\":\"https:\/\/chateau-miglos.fr\/wordpress-test\/#website\",\"url\":\"https:\/\/chateau-miglos.fr\/wordpress-test\/\",\"name\":\"Ch\u00e2teau de Miglos\",\"description\":\"une ch\u00e2teau, une vall\u00e9e\",\"publisher\":{\"@id\":\"https:\/\/chateau-miglos.fr\/wordpress-test\/#organization\"},\"potentialAction\":[{\"@type\":\"SearchAction\",\"target\":{\"@type\":\"EntryPoint\",\"urlTemplate\":\"https:\/\/chateau-miglos.fr\/wordpress-test\/?s={search_term_string}\"},\"query-input\":\"required name=search_term_string\"}],\"inLanguage\":\"fr-FR\"},{\"@type\":\"Organization\",\"@id\":\"https:\/\/chateau-miglos.fr\/wordpress-test\/#organization\",\"name\":\"Ch\u00e2teau de Miglos\",\"url\":\"https:\/\/chateau-miglos.fr\/wordpress-test\/\",\"logo\":{\"@type\":\"ImageObject\",\"inLanguage\":\"fr-FR\",\"@id\":\"https:\/\/chateau-miglos.fr\/wordpress-test\/#\/schema\/logo\/image\/\",\"url\":\"https:\/\/chateau-miglos.fr\/wordpress-test\/wp-content\/uploads\/2019\/06\/seul.png\",\"contentUrl\":\"https:\/\/chateau-miglos.fr\/wordpress-test\/wp-content\/uploads\/2019\/06\/seul.png\",\"width\":801,\"height\":705,\"caption\":\"Ch\u00e2teau de Miglos\"},\"image\":{\"@id\":\"https:\/\/chateau-miglos.fr\/wordpress-test\/#\/schema\/logo\/image\/\"},\"sameAs\":[\"https:\/\/www.facebook.com\/chateaudemiglos\/\",\"https:\/\/www.instagram.com\/chateaudemiglos\/\",\"https:\/\/www.youtube.com\/channel\/UC70FrOmo9xvq8eHCA4YTs9A\",\"https:\/\/fr.wikipedia.org\/wiki\/Ch\u00e2teau_de_Miglos\"]}]}<\/script>\n<!-- \/ Yoast SEO plugin. -->","yoast_head_json":{"title":"Roc de l'Andourra - Ch\u00e2teau de Miglos","description":"\u00ab Le Roc de l\u2019Andourra \u00bb, est cet \u00e9norme bloc de granite surmont\u00e9 d\u2019une croix, situ\u00e9 \u00e0 l\u2019entr\u00e9e du village d\u2019Arquizat. Il est charg\u00e9 de l\u00e9gendes et de traditions orales aupr\u00e8s duquel l\u2019imagination populaire place les \u00e9bats des sorci\u00e8res \u00ab las br\u00e8ichos \u00bb et des esprits malins de la vall\u00e9e.La r\u00e9alit\u00e9 est bien plus prosa\u00efque, c\u2019\u00e9tait un lieu de p\u00e9age.","robots":{"index":"index","follow":"follow","max-snippet":"max-snippet:-1","max-image-preview":"max-image-preview:large","max-video-preview":"max-video-preview:-1"},"canonical":"https:\/\/chateau-miglos.fr\/wordpress-test\/explorer\/chemin-dinterpretation\/le-roc-de-landourra\/","og_locale":"fr_FR","og_type":"article","og_title":"Roc de l'Andourra - Ch\u00e2teau de Miglos","og_description":"\u00ab Le Roc de l\u2019Andourra \u00bb, est cet \u00e9norme bloc de granite surmont\u00e9 d\u2019une croix, situ\u00e9 \u00e0 l\u2019entr\u00e9e du village d\u2019Arquizat. Il est charg\u00e9 de l\u00e9gendes et de traditions orales aupr\u00e8s duquel l\u2019imagination populaire place les \u00e9bats des sorci\u00e8res \u00ab las br\u00e8ichos \u00bb et des esprits malins de la vall\u00e9e.La r\u00e9alit\u00e9 est bien plus prosa\u00efque, c\u2019\u00e9tait un lieu de p\u00e9age.","og_url":"https:\/\/chateau-miglos.fr\/wordpress-test\/explorer\/chemin-dinterpretation\/le-roc-de-landourra\/","og_site_name":"Ch\u00e2teau de Miglos","article_publisher":"https:\/\/www.facebook.com\/chateaudemiglos\/","article_modified_time":"2020-03-07T16:29:06+00:00","og_image":[{"width":300,"height":300,"url":"https:\/\/chateau-miglos.fr\/wordpress-test\/wp-content\/uploads\/2019\/06\/roc-avant.jpg","type":"image\/jpeg"}],"twitter_card":"summary_large_image","twitter_misc":{"Dur\u00e9e de lecture estim\u00e9e":"3 minutes"},"schema":{"@context":"https:\/\/schema.org","@graph":[{"@type":"WebPage","@id":"https:\/\/chateau-miglos.fr\/wordpress-test\/explorer\/chemin-dinterpretation\/le-roc-de-landourra\/","url":"https:\/\/chateau-miglos.fr\/wordpress-test\/explorer\/chemin-dinterpretation\/le-roc-de-landourra\/","name":"Roc de l'Andourra - Ch\u00e2teau de Miglos","isPartOf":{"@id":"https:\/\/chateau-miglos.fr\/wordpress-test\/#website"},"primaryImageOfPage":{"@id":"https:\/\/chateau-miglos.fr\/wordpress-test\/explorer\/chemin-dinterpretation\/le-roc-de-landourra\/#primaryimage"},"image":{"@id":"https:\/\/chateau-miglos.fr\/wordpress-test\/explorer\/chemin-dinterpretation\/le-roc-de-landourra\/#primaryimage"},"thumbnailUrl":"https:\/\/chateau-miglos.fr\/wordpress-test\/wp-content\/uploads\/2019\/06\/roc-avant.jpg","datePublished":"2019-04-03T15:14:15+00:00","dateModified":"2020-03-07T16:29:06+00:00","description":"\u00ab Le Roc de l\u2019Andourra \u00bb, est cet \u00e9norme bloc de granite surmont\u00e9 d\u2019une croix, situ\u00e9 \u00e0 l\u2019entr\u00e9e du village d\u2019Arquizat. Il est charg\u00e9 de l\u00e9gendes et de traditions orales aupr\u00e8s duquel l\u2019imagination populaire place les \u00e9bats des sorci\u00e8res \u00ab las br\u00e8ichos \u00bb et des esprits malins de la vall\u00e9e.La r\u00e9alit\u00e9 est bien plus prosa\u00efque, c\u2019\u00e9tait un lieu de p\u00e9age.","breadcrumb":{"@id":"https:\/\/chateau-miglos.fr\/wordpress-test\/explorer\/chemin-dinterpretation\/le-roc-de-landourra\/#breadcrumb"},"inLanguage":"fr-FR","potentialAction":[{"@type":"ReadAction","target":["https:\/\/chateau-miglos.fr\/wordpress-test\/explorer\/chemin-dinterpretation\/le-roc-de-landourra\/"]}]},{"@type":"ImageObject","inLanguage":"fr-FR","@id":"https:\/\/chateau-miglos.fr\/wordpress-test\/explorer\/chemin-dinterpretation\/le-roc-de-landourra\/#primaryimage","url":"https:\/\/chateau-miglos.fr\/wordpress-test\/wp-content\/uploads\/2019\/06\/roc-avant.jpg","contentUrl":"https:\/\/chateau-miglos.fr\/wordpress-test\/wp-content\/uploads\/2019\/06\/roc-avant.jpg","width":300,"height":300},{"@type":"BreadcrumbList","@id":"https:\/\/chateau-miglos.fr\/wordpress-test\/explorer\/chemin-dinterpretation\/le-roc-de-landourra\/#breadcrumb","itemListElement":[{"@type":"ListItem","position":1,"name":"Accueil","item":"https:\/\/chateau-miglos.fr\/wordpress-test\/"},{"@type":"ListItem","position":2,"name":"Explorer","item":"https:\/\/chateau-miglos.fr\/wordpress-test\/explorer\/"},{"@type":"ListItem","position":3,"name":"Chemin d&#8217;interpr\u00e9tation","item":"https:\/\/chateau-miglos.fr\/wordpress-test\/explorer\/chemin-dinterpretation\/"},{"@type":"ListItem","position":4,"name":"Roc de l&#8217;Andourra"}]},{"@type":"WebSite","@id":"https:\/\/chateau-miglos.fr\/wordpress-test\/#website","url":"https:\/\/chateau-miglos.fr\/wordpress-test\/","name":"Ch\u00e2teau de Miglos","description":"une ch\u00e2teau, une vall\u00e9e","publisher":{"@id":"https:\/\/chateau-miglos.fr\/wordpress-test\/#organization"},"potentialAction":[{"@type":"SearchAction","target":{"@type":"EntryPoint","urlTemplate":"https:\/\/chateau-miglos.fr\/wordpress-test\/?s={search_term_string}"},"query-input":"required name=search_term_string"}],"inLanguage":"fr-FR"},{"@type":"Organization","@id":"https:\/\/chateau-miglos.fr\/wordpress-test\/#organization","name":"Ch\u00e2teau de Miglos","url":"https:\/\/chateau-miglos.fr\/wordpress-test\/","logo":{"@type":"ImageObject","inLanguage":"fr-FR","@id":"https:\/\/chateau-miglos.fr\/wordpress-test\/#\/schema\/logo\/image\/","url":"https:\/\/chateau-miglos.fr\/wordpress-test\/wp-content\/uploads\/2019\/06\/seul.png","contentUrl":"https:\/\/chateau-miglos.fr\/wordpress-test\/wp-content\/uploads\/2019\/06\/seul.png","width":801,"height":705,"caption":"Ch\u00e2teau de Miglos"},"image":{"@id":"https:\/\/chateau-miglos.fr\/wordpress-test\/#\/schema\/logo\/image\/"},"sameAs":["https:\/\/www.facebook.com\/chateaudemiglos\/","https:\/\/www.instagram.com\/chateaudemiglos\/","https:\/\/www.youtube.com\/channel\/UC70FrOmo9xvq8eHCA4YTs9A","https:\/\/fr.wikipedia.org\/wiki\/Ch\u00e2teau_de_Miglos"]}]}},"rttpg_featured_image_url":{"full":["https:\/\/chateau-miglos.fr\/wordpress-test\/wp-content\/uploads\/2019\/06\/roc-avant.jpg",300,300,false],"landscape":["https:\/\/chateau-miglos.fr\/wordpress-test\/wp-content\/uploads\/2019\/06\/roc-avant.jpg",300,300,false],"portraits":["https:\/\/chateau-miglos.fr\/wordpress-test\/wp-content\/uploads\/2019\/06\/roc-avant.jpg",300,300,false],"thumbnail":["https:\/\/chateau-miglos.fr\/wordpress-test\/wp-content\/uploads\/2019\/06\/roc-avant-150x150.jpg",150,150,true],"medium":["https:\/\/chateau-miglos.fr\/wordpress-test\/wp-content\/uploads\/2019\/06\/roc-avant.jpg",300,300,false],"large":["https:\/\/chateau-miglos.fr\/wordpress-test\/wp-content\/uploads\/2019\/06\/roc-avant.jpg",300,300,false],"1536x1536":["https:\/\/chateau-miglos.fr\/wordpress-test\/wp-content\/uploads\/2019\/06\/roc-avant.jpg",300,300,false],"2048x2048":["https:\/\/chateau-miglos.fr\/wordpress-test\/wp-content\/uploads\/2019\/06\/roc-avant.jpg",300,300,false],"onepress-blog-small":["https:\/\/chateau-miglos.fr\/wordpress-test\/wp-content\/uploads\/2019\/06\/roc-avant-300x150.jpg",300,150,true],"onepress-small":["https:\/\/chateau-miglos.fr\/wordpress-test\/wp-content\/uploads\/2019\/06\/roc-avant-300x300.jpg",300,300,true],"onepress-medium":["https:\/\/chateau-miglos.fr\/wordpress-test\/wp-content\/uploads\/2019\/06\/roc-avant.jpg",300,300,false],"sow-carousel-default":["https:\/\/chateau-miglos.fr\/wordpress-test\/wp-content\/uploads\/2019\/06\/roc-avant-272x182.jpg",272,182,true]},"rttpg_author":{"display_name":"AACM","author_link":"https:\/\/chateau-miglos.fr\/wordpress-test\/author\/aacm\/"},"rttpg_comment":0,"rttpg_category":null,"rttpg_excerpt":"\u00ab Le Roc de l\u2019Andourra \u00bb, est cet \u00e9norme bloc de granite surmont\u00e9 d\u2019une croix, situ\u00e9 \u00e0 l\u2019entr\u00e9e du village d\u2019Arquizat. Il est charg\u00e9 de l\u00e9gendes et de traditions orales aupr\u00e8s duquel l\u2019imagination populaire place les \u00e9bats des sorci\u00e8res \u00ab las br\u00e8ichos \u00bb et des esprits malins de la vall\u00e9e.","_links":{"self":[{"href":"https:\/\/chateau-miglos.fr\/wordpress-test\/wp-json\/wp\/v2\/pages\/1030"}],"collection":[{"href":"https:\/\/chateau-miglos.fr\/wordpress-test\/wp-json\/wp\/v2\/pages"}],"about":[{"href":"https:\/\/chateau-miglos.fr\/wordpress-test\/wp-json\/wp\/v2\/types\/page"}],"author":[{"embeddable":true,"href":"https:\/\/chateau-miglos.fr\/wordpress-test\/wp-json\/wp\/v2\/users\/2"}],"replies":[{"embeddable":true,"href":"https:\/\/chateau-miglos.fr\/wordpress-test\/wp-json\/wp\/v2\/comments?post=1030"}],"version-history":[{"count":83,"href":"https:\/\/chateau-miglos.fr\/wordpress-test\/wp-json\/wp\/v2\/pages\/1030\/revisions"}],"predecessor-version":[{"id":4960,"href":"https:\/\/chateau-miglos.fr\/wordpress-test\/wp-json\/wp\/v2\/pages\/1030\/revisions\/4960"}],"up":[{"embeddable":true,"href":"https:\/\/chateau-miglos.fr\/wordpress-test\/wp-json\/wp\/v2\/pages\/835"}],"wp:featuredmedia":[{"embeddable":true,"href":"https:\/\/chateau-miglos.fr\/wordpress-test\/wp-json\/wp\/v2\/media\/2273"}],"wp:attachment":[{"href":"https:\/\/chateau-miglos.fr\/wordpress-test\/wp-json\/wp\/v2\/media?parent=1030"}],"curies":[{"name":"wp","href":"https:\/\/api.w.org\/{rel}","templated":true}]}}